{"id":96007,"date":"2026-04-21T21:23:35","date_gmt":"2026-04-21T18:23:35","guid":{"rendered":"https:\/\/nautical.store\/?post_type=product&#038;p=96007"},"modified":"2026-04-22T01:00:06","modified_gmt":"2026-04-21T22:00:06","slug":"padstow-cap","status":"publish","type":"product","link":"https:\/\/nautical.store\/tuote\/padstow-cap\/","title":{"rendered":"Padstow Nokam\u00fcts"},"content":{"rendered":"<p data-start=\"0\" data-end=\"322\">Padstow nokam\u00fcts\u00a0 \u00fchendab keskkonnas\u00f5braliku materjali ja praktilise disaini. Vastupidavast\u00a0 kangast valmistatud mudelil on Henri-Lloydi logoga kangadetail ning reguleeritav tagaosa. Lihtne ja funktsionaalne disain teeb sellest hea valiku igap\u00e4evaseks kandmiseks.<\/p>\n<ul data-start=\"339\" data-end=\"456\">\n<li data-section-id=\"8zrp65\" data-start=\"339\" data-end=\"420\">90% taaskasutatud pol\u00fcamiid, 10% spandex (vastupidav ja veniv ripstop-kangas)<\/li>\n<li data-section-id=\"8fr2d4\" data-start=\"421\" data-end=\"456\">Henri-Lloydi logoga kangadetail<\/li>\n<\/ul>\n<p data-start=\"458\" data-end=\"513\" data-is-last-node=\"\" data-is-only-node=\"\">Koostis: 90% taaskasutatud pol\u00fcamiid \/ 10% spandex<\/p>\n","protected":false},"excerpt":{"rendered":"<p>Padstow nokam\u00fcts\u00a0 \u00fchendab keskkonnas\u00f5braliku materjali ja praktilise disaini. Vastupidavast\u00a0 kangast valmistatud mudelil on Henri-Lloydi logoga kangadetail ning reguleeritav tagaosa. Lihtne ja funktsionaalne disain teeb sellest hea valiku igap\u00e4evaseks kandmiseks. 90% taaskasutatud pol\u00fcamiid, 10% spandex (vastupidav ja veniv ripstop-kangas) Henri-Lloydi logoga kangadetail Koostis: 90% taaskasutatud pol\u00fcamiid \/ 10% spandex<\/p>\n","protected":false},"featured_media":96176,"template":"","meta":{"_acf_changed":false},"pwb-brand":[2663],"product_brand":[],"product_cat":[93,992,63,921,77],"product_tag":[],"woo-feed-brand":[],"class_list":{"0":"post-96007","1":"product","2":"type-product","3":"status-publish","4":"has-post-thumbnail","6":"pwb-brand-henri-lloyd","7":"product_cat-aksessuaarid","8":"product_cat-golf","9":"product_cat-mehed","10":"product_cat-purjetamine","11":"product_cat-uued-tooted-mehed","13":"first","14":"instock","15":"taxable","16":"shipping-taxable","17":"purchasable","18":"product-type-variable","19":"wvs-archive-product-wrapper"},"acf":[],"brands":[{"id":2663,"name":"Henri Lloyd","slug":"henri-lloyd"}],"_links":{"self":[{"href":"https:\/\/nautical.store\/fi\/wp-json\/wp\/v2\/product\/96007","targetHints":{"allow":["GET"]}}],"collection":[{"href":"https:\/\/nautical.store\/fi\/wp-json\/wp\/v2\/product"}],"about":[{"href":"https:\/\/nautical.store\/fi\/wp-json\/wp\/v2\/types\/product"}],"wp:featuredmedia":[{"embeddable":true,"href":"https:\/\/nautical.store\/fi\/wp-json\/wp\/v2\/media\/96176"}],"wp:attachment":[{"href":"https:\/\/nautical.store\/fi\/wp-json\/wp\/v2\/media?parent=96007"}],"wp:term":[{"taxonomy":"pwb-brand","embeddable":true,"href":"https:\/\/nautical.store\/fi\/wp-json\/wp\/v2\/pwb-brand?post=96007"},{"taxonomy":"product_brand","embeddable":true,"href":"https:\/\/nautical.store\/fi\/wp-json\/wp\/v2\/product_brand?post=96007"},{"taxonomy":"product_cat","embeddable":true,"href":"https:\/\/nautical.store\/fi\/wp-json\/wp\/v2\/product_cat?post=96007"},{"taxonomy":"product_tag","embeddable":true,"href":"https:\/\/nautical.store\/fi\/wp-json\/wp\/v2\/product_tag?post=96007"},{"taxonomy":"woo-feed-brand","embeddable":true,"href":"https:\/\/nautical.store\/fi\/wp-json\/wp\/v2\/woo-feed-brand?post=96007"}],"curies":[{"name":"wp","href":"https:\/\/api.w.org\/{rel}","templated":true}]}}