{"id":96061,"date":"2026-04-21T21:45:07","date_gmt":"2026-04-21T18:45:07","guid":{"rendered":"https:\/\/nautical.store\/toode\/keel-cotton-sukat\/"},"modified":"2026-04-21T21:45:07","modified_gmt":"2026-04-21T18:45:07","slug":"keel-cotton-sukat","status":"publish","type":"product","link":"https:\/\/nautical.store\/fi\/tuote\/keel-cotton-sukat\/","title":{"rendered":"Keel Cotton -sukat"},"content":{"rendered":"<p>Keel Cotton -sukat ovat harmaat meleeratut, pehme\u00e4t ja hengitt\u00e4v\u00e4t sukat, joissa on korkea puuvillapitoisuus. Ne sopivat jokap\u00e4iv\u00e4iseen k\u00e4ytt\u00f6\u00f6n ymp\u00e4ri vuoden. Koko sukan kattava froteesis\u00e4pinta tuntuu miellytt\u00e4v\u00e4n pehme\u00e4lt\u00e4 jalassa, ja k\u00e4ytt\u00f6mukavuutta lis\u00e4\u00e4v\u00e4t tihe\u00e4 pehmustus sek\u00e4 ep\u00e4symmetrinen, jalan muotoa mukaileva rakenne, joka parantaa istuvuutta ja tukea. Litte\u00e4 k\u00e4rjen sauma v\u00e4hent\u00e4\u00e4 hankausta ja lis\u00e4\u00e4 k\u00e4ytt\u00f6mukavuutta. Kyseess\u00e4 on kest\u00e4v\u00e4 ja monik\u00e4ytt\u00f6inen sukkapari, joka sopii p\u00e4ivitt\u00e4iseen k\u00e4ytt\u00f6\u00f6n vuoden ymp\u00e4ri.<\/p>\n<ul>\n<li>Froteesis\u00e4pinta koko sukan alueella<\/li>\n<li>Tihe\u00e4 pehmustus lis\u00e4\u00e4 mukavuutta<\/li>\n<li>Ep\u00e4symmetrinen, jalan muotoa mukaileva rakenne<\/li>\n<li>Litte\u00e4 k\u00e4rjen sauma lis\u00e4\u00e4 k\u00e4ytt\u00f6mukavuutta<\/li>\n<li>Sopii k\u00e4ytett\u00e4v\u00e4ksi kaikkina vuodenaikoina<\/li>\n<\/ul>\n<p>Materiaali: 78 % puuvillaa \/ 20 % polyamidia \/ 2 % elastaania<\/p>\n","protected":false},"excerpt":{"rendered":"<p>Sopii kooille 39\u201346<\/p>\n","protected":false},"featured_media":96057,"template":"","meta":{"_acf_changed":false},"pwb-brand":[2665],"product_brand":[],"product_cat":[628,926,629,1180,777,827,1269,588,609],"product_tag":[],"woo-feed-brand":[],"class_list":{"0":"post-96061","1":"product","2":"type-product","3":"status-publish","4":"has-post-thumbnail","6":"pwb-brand-henri-lloyd-fi","7":"product_cat-asusteet","8":"product_cat-asusteet-fi","9":"product_cat-asusteet-naiset","10":"product_cat-golf-fi","11":"product_cat-miehet","12":"product_cat-naiset","13":"product_cat-purjehdus","14":"product_cat-uutuudet","15":"product_cat-uutuudet-miehet","17":"first","18":"instock","19":"taxable","20":"shipping-taxable","21":"purchasable","22":"product-type-variable","23":"wvs-archive-product-wrapper"},"acf":[],"brands":[{"id":2665,"name":"Henri Lloyd","slug":"henri-lloyd-fi"}],"_links":{"self":[{"href":"https:\/\/nautical.store\/fi\/wp-json\/wp\/v2\/product\/96061","targetHints":{"allow":["GET"]}}],"collection":[{"href":"https:\/\/nautical.store\/fi\/wp-json\/wp\/v2\/product"}],"about":[{"href":"https:\/\/nautical.store\/fi\/wp-json\/wp\/v2\/types\/product"}],"wp:featuredmedia":[{"embeddable":true,"href":"https:\/\/nautical.store\/fi\/wp-json\/wp\/v2\/media\/96057"}],"wp:attachment":[{"href":"https:\/\/nautical.store\/fi\/wp-json\/wp\/v2\/media?parent=96061"}],"wp:term":[{"taxonomy":"pwb-brand","embeddable":true,"href":"https:\/\/nautical.store\/fi\/wp-json\/wp\/v2\/pwb-brand?post=96061"},{"taxonomy":"product_brand","embeddable":true,"href":"https:\/\/nautical.store\/fi\/wp-json\/wp\/v2\/product_brand?post=96061"},{"taxonomy":"product_cat","embeddable":true,"href":"https:\/\/nautical.store\/fi\/wp-json\/wp\/v2\/product_cat?post=96061"},{"taxonomy":"product_tag","embeddable":true,"href":"https:\/\/nautical.store\/fi\/wp-json\/wp\/v2\/product_tag?post=96061"},{"taxonomy":"woo-feed-brand","embeddable":true,"href":"https:\/\/nautical.store\/fi\/wp-json\/wp\/v2\/woo-feed-brand?post=96061"}],"curies":[{"name":"wp","href":"https:\/\/api.w.org\/{rel}","templated":true}]}}