{"id":96090,"date":"2026-04-21T21:38:26","date_gmt":"2026-04-21T18:38:26","guid":{"rendered":"https:\/\/nautical.store\/toode\/dri-fast-ss-t-paita-miesten\/"},"modified":"2026-04-21T21:38:26","modified_gmt":"2026-04-21T18:38:26","slug":"dri-fast-ss-t-paita-miesten","status":"publish","type":"product","link":"https:\/\/nautical.store\/fi\/tuote\/dri-fast-ss-t-paita-miesten\/","title":{"rendered":"Dri\u2011Fast SS \u2011T\u2011paita \u2013 miesten"},"content":{"rendered":"<p>L\u00f6yd\u00e4 erinomainen mukavuus ja suorituskyky Henri-Lloyd Dri Fast SS Tee -paidan avulla. Nopea kuivuminen, UV-suoja ja Polygiene-raikkausteknologia tekev\u00e4t siit\u00e4 t\u00e4ydellisen arjen perusvaatteen.<\/p>\n<ul>\n<li>Antimikrobinen Polygiene-teknologia pitk\u00e4kestoiseen raikkauteen<\/li>\n<li>Hengitt\u00e4v\u00e4 ja kosteutta siirt\u00e4v\u00e4, nopeasti kuivuva materiaali maksimaalisen mukavuuden takaamiseksi<\/li>\n<li>UV 50 -aurinkosuoja<\/li>\n<li>Rypistym\u00e4t\u00f6n kangas \u2013 ei vaadi silityst\u00e4<\/li>\n<li>Joustava kangas, joka tukee luonnollista liikkumista<\/li>\n<li>100 % polyesteri\u00e4 (kierr\u00e4tetty)<\/li>\n<\/ul>\n<p>Studiomalli Josh on 185 cm pitk\u00e4, h\u00e4nen vy\u00f6t\u00e4r\u00f6nymp\u00e4ryksens\u00e4 on 76 cm ja rinnanymp\u00e4ryksens\u00e4 102 cm, ja h\u00e4n k\u00e4ytt\u00e4\u00e4 kokoa L.<\/p>\n","protected":false},"excerpt":{"rendered":"<p>Tekninen, nopeasti kuivuvasta materiaalista valmistettu urheilupaita<\/p>\n","protected":false},"featured_media":96079,"template":"","meta":{"_acf_changed":false},"pwb-brand":[2665],"product_brand":[],"product_cat":[777,1259,1261,633,1269,682,609],"product_tag":[],"woo-feed-brand":[],"class_list":{"0":"post-96090","1":"product","2":"type-product","3":"status-publish","4":"has-post-thumbnail","6":"pwb-brand-henri-lloyd-fi","7":"product_cat-miehet","8":"product_cat-miesten-golfvaatteet","9":"product_cat-miesten-purjehdusvaatteet","10":"product_cat-paidat-fi","11":"product_cat-purjehdus","12":"product_cat-tekniset-vaatteet","13":"product_cat-uutuudet-miehet","15":"first","16":"instock","17":"taxable","18":"shipping-taxable","19":"purchasable","20":"product-type-variable","21":"wvs-archive-product-wrapper"},"acf":[],"brands":[{"id":2665,"name":"Henri Lloyd","slug":"henri-lloyd-fi"}],"_links":{"self":[{"href":"https:\/\/nautical.store\/fi\/wp-json\/wp\/v2\/product\/96090","targetHints":{"allow":["GET"]}}],"collection":[{"href":"https:\/\/nautical.store\/fi\/wp-json\/wp\/v2\/product"}],"about":[{"href":"https:\/\/nautical.store\/fi\/wp-json\/wp\/v2\/types\/product"}],"wp:featuredmedia":[{"embeddable":true,"href":"https:\/\/nautical.store\/fi\/wp-json\/wp\/v2\/media\/96079"}],"wp:attachment":[{"href":"https:\/\/nautical.store\/fi\/wp-json\/wp\/v2\/media?parent=96090"}],"wp:term":[{"taxonomy":"pwb-brand","embeddable":true,"href":"https:\/\/nautical.store\/fi\/wp-json\/wp\/v2\/pwb-brand?post=96090"},{"taxonomy":"product_brand","embeddable":true,"href":"https:\/\/nautical.store\/fi\/wp-json\/wp\/v2\/product_brand?post=96090"},{"taxonomy":"product_cat","embeddable":true,"href":"https:\/\/nautical.store\/fi\/wp-json\/wp\/v2\/product_cat?post=96090"},{"taxonomy":"product_tag","embeddable":true,"href":"https:\/\/nautical.store\/fi\/wp-json\/wp\/v2\/product_tag?post=96090"},{"taxonomy":"woo-feed-brand","embeddable":true,"href":"https:\/\/nautical.store\/fi\/wp-json\/wp\/v2\/woo-feed-brand?post=96090"}],"curies":[{"name":"wp","href":"https:\/\/api.w.org\/{rel}","templated":true}]}}