{"id":96182,"date":"2026-04-21T21:23:35","date_gmt":"2026-04-21T18:23:35","guid":{"rendered":"https:\/\/nautical.store\/toode\/padstow-lippis\/"},"modified":"2026-04-21T21:23:35","modified_gmt":"2026-04-21T18:23:35","slug":"padstow-lippis","status":"publish","type":"product","link":"https:\/\/nautical.store\/fi\/tuote\/padstow-lippis\/","title":{"rendered":"Padstow\u2011lippis"},"content":{"rendered":"<p data-start=\"153\" data-end=\"448\">Padstow-lippis yhdist\u00e4\u00e4 ymp\u00e4rist\u00f6yst\u00e4v\u00e4lliset materiaalit ja k\u00e4yt\u00e4nn\u00f6llisen muotoilun. Kest\u00e4v\u00e4st\u00e4 kankaasta valmistetussa mallissa on Henri-Lloydin logolla varustettu kangasmerkki sek\u00e4 s\u00e4\u00e4dett\u00e4v\u00e4 takaosa. Yksinkertainen ja toimiva design tekee siit\u00e4 erinomaisen valinnan jokap\u00e4iv\u00e4iseen k\u00e4ytt\u00f6\u00f6n.<\/p>\n<ul data-start=\"450\" data-end=\"586\">\n<li data-section-id=\"r7i04y\" data-start=\"450\" data-end=\"536\">90 % kierr\u00e4tetty\u00e4 polyamidia, 10 % elastaania (kest\u00e4v\u00e4 ja joustava ripstop-kangas)<\/li>\n<li data-section-id=\"fuojjb\" data-start=\"537\" data-end=\"586\">Henri-Lloydin logolla varustettu kangasmerkki<\/li>\n<\/ul>\n<p data-start=\"588\" data-end=\"650\">Materiaali: 90 % kierr\u00e4tetty\u00e4 polyamidia \/ 10 % elastaania<\/p>\n","protected":false},"excerpt":{"rendered":"<p>Padstow-lippis yhdist\u00e4\u00e4 ymp\u00e4rist\u00f6yst\u00e4v\u00e4lliset materiaalit ja k\u00e4yt\u00e4nn\u00f6llisen muotoilun. Kest\u00e4v\u00e4st\u00e4 kankaasta valmistetussa mallissa on Henri-Lloydin logolla varustettu kangasmerkki sek\u00e4 s\u00e4\u00e4dett\u00e4v\u00e4 takaosa. Yksinkertainen ja toimiva design tekee siit\u00e4 erinomaisen valinnan jokap\u00e4iv\u00e4iseen k\u00e4ytt\u00f6\u00f6n. 90 % kierr\u00e4tetty\u00e4 polyamidia, 10 % elastaania (kest\u00e4v\u00e4 ja joustava ripstop-kangas) Henri-Lloydin logolla varustettu kangasmerkki Materiaali: 90 % kierr\u00e4tetty\u00e4 polyamidia \/ 10 % elastaania<\/p>\n","protected":false},"featured_media":96178,"template":"","meta":{"_acf_changed":false},"pwb-brand":[2665],"product_brand":[],"product_cat":[628,1180,777,1269,609],"product_tag":[],"woo-feed-brand":[],"class_list":{"0":"post-96182","1":"product","2":"type-product","3":"status-publish","4":"has-post-thumbnail","6":"pwb-brand-henri-lloyd-fi","7":"product_cat-asusteet","8":"product_cat-golf-fi","9":"product_cat-miehet","10":"product_cat-purjehdus","11":"product_cat-uutuudet-miehet","13":"first","14":"instock","15":"taxable","16":"shipping-taxable","17":"purchasable","18":"product-type-variable","19":"wvs-archive-product-wrapper"},"acf":[],"brands":[{"id":2665,"name":"Henri Lloyd","slug":"henri-lloyd-fi"}],"_links":{"self":[{"href":"https:\/\/nautical.store\/fi\/wp-json\/wp\/v2\/product\/96182","targetHints":{"allow":["GET"]}}],"collection":[{"href":"https:\/\/nautical.store\/fi\/wp-json\/wp\/v2\/product"}],"about":[{"href":"https:\/\/nautical.store\/fi\/wp-json\/wp\/v2\/types\/product"}],"wp:featuredmedia":[{"embeddable":true,"href":"https:\/\/nautical.store\/fi\/wp-json\/wp\/v2\/media\/96178"}],"wp:attachment":[{"href":"https:\/\/nautical.store\/fi\/wp-json\/wp\/v2\/media?parent=96182"}],"wp:term":[{"taxonomy":"pwb-brand","embeddable":true,"href":"https:\/\/nautical.store\/fi\/wp-json\/wp\/v2\/pwb-brand?post=96182"},{"taxonomy":"product_brand","embeddable":true,"href":"https:\/\/nautical.store\/fi\/wp-json\/wp\/v2\/product_brand?post=96182"},{"taxonomy":"product_cat","embeddable":true,"href":"https:\/\/nautical.store\/fi\/wp-json\/wp\/v2\/product_cat?post=96182"},{"taxonomy":"product_tag","embeddable":true,"href":"https:\/\/nautical.store\/fi\/wp-json\/wp\/v2\/product_tag?post=96182"},{"taxonomy":"woo-feed-brand","embeddable":true,"href":"https:\/\/nautical.store\/fi\/wp-json\/wp\/v2\/woo-feed-brand?post=96182"}],"curies":[{"name":"wp","href":"https:\/\/api.w.org\/{rel}","templated":true}]}}