{"id":96208,"date":"2026-04-21T21:19:47","date_gmt":"2026-04-21T18:19:47","guid":{"rendered":"https:\/\/nautical.store\/toode\/walmer-t-paita\/"},"modified":"2026-04-21T21:19:47","modified_gmt":"2026-04-21T18:19:47","slug":"walmer-t-paita","status":"publish","type":"product","link":"https:\/\/nautical.store\/fi\/tuote\/walmer-t-paita\/","title":{"rendered":"Walmer T-paita"},"content":{"rendered":"<p>Walmer T\u2011paita on valmistettu paksusta 320 g\/m\u00b2 puuvillakankaasta. Siin\u00e4 on resorikaulus ja v\u00e4lj\u00e4, mukava mitoitus. Rinnassa on suuri ketjupistoin brodeerattu logo. Se sopii hyvin jokap\u00e4iv\u00e4iseen k\u00e4ytt\u00f6\u00f6n sek\u00e4 kerrospukeutumiseen viile\u00e4mm\u00e4ll\u00e4 s\u00e4\u00e4ll\u00e4.<\/p>\n<ul>\n<li>Paksu single jersey \u2011kangas \u2013 320 g\/m\u00b2<\/li>\n<li>Resorikaulus Henri\u2011Lloydin logo ketjupistoin brodeerattuna<\/li>\n<\/ul>\n","protected":false},"excerpt":{"rendered":"<p>100 % orgaanista puuvillaa<\/p>\n","protected":false},"featured_media":96203,"template":"","meta":{"_acf_changed":false},"pwb-brand":[2665],"product_brand":[],"product_cat":[777,633,609],"product_tag":[],"woo-feed-brand":[],"class_list":{"0":"post-96208","1":"product","2":"type-product","3":"status-publish","4":"has-post-thumbnail","6":"pwb-brand-henri-lloyd-fi","7":"product_cat-miehet","8":"product_cat-paidat-fi","9":"product_cat-uutuudet-miehet","11":"first","12":"instock","13":"taxable","14":"shipping-taxable","15":"purchasable","16":"product-type-variable","17":"wvs-archive-product-wrapper"},"acf":[],"brands":[{"id":2665,"name":"Henri Lloyd","slug":"henri-lloyd-fi"}],"_links":{"self":[{"href":"https:\/\/nautical.store\/fi\/wp-json\/wp\/v2\/product\/96208","targetHints":{"allow":["GET"]}}],"collection":[{"href":"https:\/\/nautical.store\/fi\/wp-json\/wp\/v2\/product"}],"about":[{"href":"https:\/\/nautical.store\/fi\/wp-json\/wp\/v2\/types\/product"}],"wp:featuredmedia":[{"embeddable":true,"href":"https:\/\/nautical.store\/fi\/wp-json\/wp\/v2\/media\/96203"}],"wp:attachment":[{"href":"https:\/\/nautical.store\/fi\/wp-json\/wp\/v2\/media?parent=96208"}],"wp:term":[{"taxonomy":"pwb-brand","embeddable":true,"href":"https:\/\/nautical.store\/fi\/wp-json\/wp\/v2\/pwb-brand?post=96208"},{"taxonomy":"product_brand","embeddable":true,"href":"https:\/\/nautical.store\/fi\/wp-json\/wp\/v2\/product_brand?post=96208"},{"taxonomy":"product_cat","embeddable":true,"href":"https:\/\/nautical.store\/fi\/wp-json\/wp\/v2\/product_cat?post=96208"},{"taxonomy":"product_tag","embeddable":true,"href":"https:\/\/nautical.store\/fi\/wp-json\/wp\/v2\/product_tag?post=96208"},{"taxonomy":"woo-feed-brand","embeddable":true,"href":"https:\/\/nautical.store\/fi\/wp-json\/wp\/v2\/woo-feed-brand?post=96208"}],"curies":[{"name":"wp","href":"https:\/\/api.w.org\/{rel}","templated":true}]}}