{"id":96257,"date":"2026-04-21T21:15:32","date_gmt":"2026-04-21T18:15:32","guid":{"rendered":"https:\/\/nautical.store\/toode\/salcombe-t-paita\/"},"modified":"2026-04-21T21:15:32","modified_gmt":"2026-04-21T18:15:32","slug":"salcombe-t-paita","status":"publish","type":"product","link":"https:\/\/nautical.store\/fi\/tuote\/salcombe-t-paita\/","title":{"rendered":"Salcombe T-paita"},"content":{"rendered":"<section class=\"text-token-text-primary w-full focus:outline-none [--shadow-height:45px] has-data-writing-block:pointer-events-none has-data-writing-block:-mt-(--shadow-height) has-data-writing-block:pt-(--shadow-height) [&amp;:has([data-writing-block])&gt;*]:pointer-events-auto [content-visibility:auto] supports-[content-visibility:auto]:[contain-intrinsic-size:auto_100lvh] R6Vx5W_threadScrollVars scroll-mb-[calc(var(--scroll-root-safe-area-inset-bottom,0px)+var(--thread-response-height))] scroll-mt-[calc(var(--header-height)+min(200px,max(70px,20svh)))]\" dir=\"auto\" data-turn-id=\"request-WEB:8567cf7c-e03f-4b8f-a1a0-a43e15e8bfbd-6\" data-testid=\"conversation-turn-14\" data-scroll-anchor=\"false\" data-turn=\"assistant\">\n<div class=\"text-base my-auto mx-auto pb-10 [--thread-content-margin:var(--thread-content-margin-xs,calc(var(--spacing)*4))] @w-sm\/main:[--thread-content-margin:var(--thread-content-margin-sm,calc(var(--spacing)*6))] @w-lg\/main:[--thread-content-margin:var(--thread-content-margin-lg,calc(var(--spacing)*16))] px-(--thread-content-margin)\">\n<div class=\"[--thread-content-max-width:40rem] @w-lg\/main:[--thread-content-max-width:48rem] mx-auto max-w-(--thread-content-max-width) flex-1 group\/turn-messages focus-visible:outline-hidden relative flex w-full min-w-0 flex-col agent-turn\">\n<div class=\"flex max-w-full flex-col gap-4 grow\">\n<div class=\"min-h-8 text-message relative flex w-full flex-col items-end gap-2 text-start break-words whitespace-normal outline-none keyboard-focused:focus-ring [.text-message+&amp;]:mt-1\" dir=\"auto\" tabindex=\"0\" data-message-author-role=\"assistant\" data-message-id=\"d11f9902-dbbe-4cb0-8a05-db2d7f5a3579\" data-message-model-slug=\"gpt-5-3-mini\" data-turn-start-message=\"true\">\n<div class=\"flex w-full flex-col gap-1 empty:hidden\">\n<div class=\"markdown prose dark:prose-invert w-full wrap-break-word light markdown-new-styling\">\n<p data-start=\"0\" data-end=\"453\">Salcombe T-paita on klassinen lyhythihainen malli, valmistettu 100 % luomupuuvillasta. Paidassa on tunnusomainen jacquard-neulottu tekstuuriraidallinen kuosi, ja joustava ribbineuloksinen p\u00e4\u00e4ntie takaa miellytt\u00e4v\u00e4n ja hyvin istuvan k\u00e4ytt\u00f6kokemuksen. Vasemmalla rinnassa oleva Henri-Lloydin kruunu- ja laakeriseppelelogo korostaa br\u00e4ndin laatua ja k\u00e4sity\u00f6taitoa. Monik\u00e4ytt\u00f6inen valinta sek\u00e4 arkeen ett\u00e4 vapaa-aikaan \u2013 ajaton lis\u00e4 jokaiseen vaatekaappiin.<\/p>\n<p data-start=\"455\" data-end=\"623\" data-is-last-node=\"\" data-is-only-node=\"\">\u2022 Jacquard-neulottu tekstuuriraidallinen kuosi<br data-start=\"501\" data-end=\"504\" \/>\u2022 Ribbineuloksinen p\u00e4\u00e4ntie<br data-start=\"530\" data-end=\"533\" \/>\u2022 Rinnassa kirjailtu logo<br data-start=\"558\" data-end=\"561\" \/>\u2022 Pieni merkki vasemmassa sivusaumassa<br data-start=\"599\" data-end=\"602\" \/>\u2022 100 % luomupuuvilla<\/p>\n<\/div>\n<\/div>\n<\/div>\n<\/div>\n<div class=\"z-0 flex min-h-[46px] justify-start\"><\/div>\n<\/div>\n<\/div>\n<\/section>\n<div class=\"pointer-events-none -mt-px h-px translate-y-[calc(var(--scroll-root-safe-area-inset-bottom)-14*var(--spacing))]\" aria-hidden=\"true\"><\/div>\n","protected":false},"excerpt":{"rendered":"<p>Luomupuuvillainen T-paita<\/p>\n","protected":false},"featured_media":96230,"template":"","meta":{"_acf_changed":false},"pwb-brand":[2665],"product_brand":[],"product_cat":[777,633,609],"product_tag":[],"woo-feed-brand":[],"class_list":{"0":"post-96257","1":"product","2":"type-product","3":"status-publish","4":"has-post-thumbnail","6":"pwb-brand-henri-lloyd-fi","7":"product_cat-miehet","8":"product_cat-paidat-fi","9":"product_cat-uutuudet-miehet","11":"first","12":"instock","13":"taxable","14":"shipping-taxable","15":"purchasable","16":"product-type-variable","17":"wvs-archive-product-wrapper"},"acf":[],"brands":[{"id":2665,"name":"Henri Lloyd","slug":"henri-lloyd-fi"}],"_links":{"self":[{"href":"https:\/\/nautical.store\/fi\/wp-json\/wp\/v2\/product\/96257","targetHints":{"allow":["GET"]}}],"collection":[{"href":"https:\/\/nautical.store\/fi\/wp-json\/wp\/v2\/product"}],"about":[{"href":"https:\/\/nautical.store\/fi\/wp-json\/wp\/v2\/types\/product"}],"wp:featuredmedia":[{"embeddable":true,"href":"https:\/\/nautical.store\/fi\/wp-json\/wp\/v2\/media\/96230"}],"wp:attachment":[{"href":"https:\/\/nautical.store\/fi\/wp-json\/wp\/v2\/media?parent=96257"}],"wp:term":[{"taxonomy":"pwb-brand","embeddable":true,"href":"https:\/\/nautical.store\/fi\/wp-json\/wp\/v2\/pwb-brand?post=96257"},{"taxonomy":"product_brand","embeddable":true,"href":"https:\/\/nautical.store\/fi\/wp-json\/wp\/v2\/product_brand?post=96257"},{"taxonomy":"product_cat","embeddable":true,"href":"https:\/\/nautical.store\/fi\/wp-json\/wp\/v2\/product_cat?post=96257"},{"taxonomy":"product_tag","embeddable":true,"href":"https:\/\/nautical.store\/fi\/wp-json\/wp\/v2\/product_tag?post=96257"},{"taxonomy":"woo-feed-brand","embeddable":true,"href":"https:\/\/nautical.store\/fi\/wp-json\/wp\/v2\/woo-feed-brand?post=96257"}],"curies":[{"name":"wp","href":"https:\/\/api.w.org\/{rel}","templated":true}]}}