{"id":96320,"date":"2026-04-21T17:48:46","date_gmt":"2026-04-21T14:48:46","guid":{"rendered":"https:\/\/nautical.store\/toode\/salcombe-polo\/"},"modified":"2026-04-22T21:39:39","modified_gmt":"2026-04-22T18:39:39","slug":"salcombe-polo","status":"publish","type":"product","link":"https:\/\/nautical.store\/fi\/tuote\/salcombe-polo\/","title":{"rendered":"Salcombe Polo"},"content":{"rendered":"<p data-start=\"166\" data-end=\"639\">Klassinen lyhythihainen pikeepaita on valmistettu 100 % luomupuuvillasta, ja sit\u00e4 koristaa tunnusomainen jacquard-rakenteinen raidallinen tekstuuri. Neulottu ribbikaulus ja hihansuut antavat paidalle viimeistellyn ja laadukkaan ilmeen. Vasemmalla rinnalla oleva kruunu- ja laakeriseppelebrodeeraus korostaa Henri-Lloydin sitoutumista laatuun ja k\u00e4sity\u00f6taitoon. Sopii erinomaisesti sek\u00e4 arkeen ett\u00e4 smart casual -tyylisiin tilanteisiin \u2013 ajaton lis\u00e4 jokaiseen vaatekaappiin.<\/p>\n<ul>\n<li data-start=\"641\" data-end=\"837\">Jacquard-rakenteinen raidallinen tekstuuri<\/li>\n<li data-start=\"641\" data-end=\"837\">Ribbikaulus ja ribbineulotut hihansuut<\/li>\n<li data-start=\"641\" data-end=\"837\">Brodeerattu rinnalogo<\/li>\n<li data-start=\"641\" data-end=\"837\">Br\u00e4ndimerkinn\u00e4ll\u00e4 varustettu etiketti vasemmassa sivusaumassa<\/li>\n<li data-start=\"641\" data-end=\"837\">100 % luomupuuvillaa<\/li>\n<\/ul>\n","protected":false},"excerpt":{"rendered":"<p>Klassinen lyhythihainen pikeepaita on valmistettu 100 % luomupuuvillasta, ja sit\u00e4 koristaa tunnusomainen jacquard-rakenteinen raidallinen tekstuuri. Neulottu ribbikaulus ja hihansuut antavat paidalle viimeistellyn ja laadukkaan ilmeen. Vasemmalla rinnalla oleva kruunu- ja laakeriseppelebrodeeraus korostaa Henri-Lloydin sitoutumista laatuun ja k\u00e4sity\u00f6taitoon. Sopii erinomaisesti sek\u00e4 arkeen ett\u00e4 smart casual -tyylisiin tilanteisiin \u2013 ajaton lis\u00e4 jokaiseen vaatekaappiin. Jacquard-rakenteinen raidallinen tekstuuri Ribbikaulus [&hellip;]<\/p>\n","protected":false},"featured_media":96304,"template":"","meta":{"_acf_changed":false},"pwb-brand":[2665],"product_brand":[],"product_cat":[777,1259,1261,633,609],"product_tag":[],"woo-feed-brand":[],"class_list":{"0":"post-96320","1":"product","2":"type-product","3":"status-publish","4":"has-post-thumbnail","6":"pwb-brand-henri-lloyd-fi","7":"product_cat-miehet","8":"product_cat-miesten-golfvaatteet","9":"product_cat-miesten-purjehdusvaatteet","10":"product_cat-paidat-fi","11":"product_cat-uutuudet-miehet","13":"first","14":"instock","15":"taxable","16":"shipping-taxable","17":"purchasable","18":"product-type-variable","19":"wvs-archive-product-wrapper"},"acf":[],"brands":[{"id":2665,"name":"Henri Lloyd","slug":"henri-lloyd-fi"}],"_links":{"self":[{"href":"https:\/\/nautical.store\/fi\/wp-json\/wp\/v2\/product\/96320","targetHints":{"allow":["GET"]}}],"collection":[{"href":"https:\/\/nautical.store\/fi\/wp-json\/wp\/v2\/product"}],"about":[{"href":"https:\/\/nautical.store\/fi\/wp-json\/wp\/v2\/types\/product"}],"wp:featuredmedia":[{"embeddable":true,"href":"https:\/\/nautical.store\/fi\/wp-json\/wp\/v2\/media\/96304"}],"wp:attachment":[{"href":"https:\/\/nautical.store\/fi\/wp-json\/wp\/v2\/media?parent=96320"}],"wp:term":[{"taxonomy":"pwb-brand","embeddable":true,"href":"https:\/\/nautical.store\/fi\/wp-json\/wp\/v2\/pwb-brand?post=96320"},{"taxonomy":"product_brand","embeddable":true,"href":"https:\/\/nautical.store\/fi\/wp-json\/wp\/v2\/product_brand?post=96320"},{"taxonomy":"product_cat","embeddable":true,"href":"https:\/\/nautical.store\/fi\/wp-json\/wp\/v2\/product_cat?post=96320"},{"taxonomy":"product_tag","embeddable":true,"href":"https:\/\/nautical.store\/fi\/wp-json\/wp\/v2\/product_tag?post=96320"},{"taxonomy":"woo-feed-brand","embeddable":true,"href":"https:\/\/nautical.store\/fi\/wp-json\/wp\/v2\/woo-feed-brand?post=96320"}],"curies":[{"name":"wp","href":"https:\/\/api.w.org\/{rel}","templated":true}]}}