{"id":96385,"date":"2026-04-21T17:13:08","date_gmt":"2026-04-21T14:13:08","guid":{"rendered":"https:\/\/nautical.store\/toode\/miesten-dynamic-deck-shortsit\/"},"modified":"2026-04-21T17:13:08","modified_gmt":"2026-04-21T14:13:08","slug":"miesten-dynamic-deck-shortsit","status":"publish","type":"product","link":"https:\/\/nautical.store\/fi\/tuote\/miesten-dynamic-deck-shortsit\/","title":{"rendered":"Miesten Dynamic Deck -shortsit"},"content":{"rendered":"<p data-start=\"98\" data-end=\"793\">Henri-Lloyd Dynamic Deck -shortsit on kehitetty yli kuuden vuosikymmenen teknisen asiantuntemuksen pohjalta. Ne on suunniteltu purjehtijoille sek\u00e4 aktiivisille meren yst\u00e4ville, jotka tarvitsevat poikkeuksellista kest\u00e4vyytt\u00e4 ja mukavuutta. N\u00e4m\u00e4 tekniset shortsit on valmistettu kest\u00e4v\u00e4st\u00e4, kaksinkertaisesta joustavasta kierr\u00e4tyskankaasta, ja niiss\u00e4 on vahvistetut saumat, ergonominen leikkaus sek\u00e4 s\u00e4\u00e4dett\u00e4v\u00e4 vy\u00f6t\u00e4r\u00f6. Useat vetoketjulliset taskut lis\u00e4\u00e4v\u00e4t k\u00e4yt\u00e4nn\u00f6llisyytt\u00e4 niin kannella kuin vapaa-ajallakin. Dynamic Deck -shortsit ovat erinomainen valinta niille, jotka etsiv\u00e4t kest\u00e4vi\u00e4 purjehdusshortseja, toiminnallisia kansishortseja tai laadukkaita teknisi\u00e4 shortseja aktiiviseen k\u00e4ytt\u00f6\u00f6n.<\/p>\n<p data-start=\"795\" data-end=\"877\">Parhaan istuvuuden saavuttamiseksi suosittelemme valitsemaan yhden koon suuremman.<\/p>\n<ul>\n<li data-start=\"879\" data-end=\"1320\">Kest\u00e4v\u00e4 ja vahva, kaksinkertaisesti kudottu joustava kierr\u00e4tysmateriaali<\/li>\n<li data-start=\"879\" data-end=\"1320\">S\u00e4vyyn sopiva joustava Cordura-vahvistettu istuinosa<\/li>\n<li data-start=\"879\" data-end=\"1320\">Teipattu reisitasku<\/li>\n<li data-start=\"879\" data-end=\"1320\">Kaksinkertaisella neulalla ommellut vahvistetut saumat<\/li>\n<li data-start=\"879\" data-end=\"1320\">YKK\u00ae Aquaguard\u00ae -vetoketju kolmiomaisella vetimell\u00e4 \u2013 kaksinkertainen nepparikiinnitys vy\u00f6t\u00e4r\u00f6ll\u00e4<\/li>\n<li data-start=\"879\" data-end=\"1320\">Tarranauhalla s\u00e4\u00e4dett\u00e4v\u00e4 vy\u00f6t\u00e4r\u00f6 \u2013 vetoketjusepalus<\/li>\n<li data-start=\"879\" data-end=\"1320\">Laminoidut yksityiskohdat<\/li>\n<li data-start=\"879\" data-end=\"1320\">3 vetoketjullista taskua<\/li>\n<li data-start=\"879\" data-end=\"1320\">Eritt\u00e4in kevyet (360 g)<\/li>\n<\/ul>\n<p>&nbsp;<\/p>\n<p>Materiaali:<\/p>\n<ul>\n<li>Dri Fast -teknologia<\/li>\n<li data-start=\"879\" data-end=\"1320\">Kaksinkertaisesti kudottu kangas<\/li>\n<li data-start=\"879\" data-end=\"1320\">90 % kierr\u00e4tetty nailon \/ 10 % elastaani<\/li>\n<li data-start=\"879\" data-end=\"1320\">DWR-viimeistely: C0 PFC-vapaa (Teflon Ecolite)<\/li>\n<\/ul>\n","protected":false},"excerpt":{"rendered":"<p>Henri-Lloyd Dynamic Deck -shortsit on kehitetty yli kuuden vuosikymmenen teknisen asiantuntemuksen pohjalta. Ne on suunniteltu purjehtijoille sek\u00e4 aktiivisille meren yst\u00e4ville, jotka tarvitsevat poikkeuksellista kest\u00e4vyytt\u00e4 ja mukavuutta. N\u00e4m\u00e4 tekniset shortsit on valmistettu kest\u00e4v\u00e4st\u00e4, kaksinkertaisesta joustavasta kierr\u00e4tyskankaasta, ja niiss\u00e4 on vahvistetut saumat, ergonominen leikkaus sek\u00e4 s\u00e4\u00e4dett\u00e4v\u00e4 vy\u00f6t\u00e4r\u00f6. Useat vetoketjulliset taskut lis\u00e4\u00e4v\u00e4t k\u00e4yt\u00e4nn\u00f6llisyytt\u00e4 niin kannella kuin vapaa-ajallakin. Dynamic [&hellip;]<\/p>\n","protected":false},"featured_media":96375,"template":"","meta":{"_acf_changed":false},"pwb-brand":[2665],"product_brand":[],"product_cat":[610,777,1261,1269,682,609],"product_tag":[],"woo-feed-brand":[],"class_list":{"0":"post-96385","1":"product","2":"type-product","3":"status-publish","4":"has-post-thumbnail","6":"pwb-brand-henri-lloyd-fi","7":"product_cat-housut","8":"product_cat-miehet","9":"product_cat-miesten-purjehdusvaatteet","10":"product_cat-purjehdus","11":"product_cat-tekniset-vaatteet","12":"product_cat-uutuudet-miehet","14":"first","15":"instock","16":"taxable","17":"shipping-taxable","18":"purchasable","19":"product-type-variable","20":"wvs-archive-product-wrapper"},"acf":[],"brands":[{"id":2665,"name":"Henri Lloyd","slug":"henri-lloyd-fi"}],"_links":{"self":[{"href":"https:\/\/nautical.store\/fi\/wp-json\/wp\/v2\/product\/96385","targetHints":{"allow":["GET"]}}],"collection":[{"href":"https:\/\/nautical.store\/fi\/wp-json\/wp\/v2\/product"}],"about":[{"href":"https:\/\/nautical.store\/fi\/wp-json\/wp\/v2\/types\/product"}],"wp:featuredmedia":[{"embeddable":true,"href":"https:\/\/nautical.store\/fi\/wp-json\/wp\/v2\/media\/96375"}],"wp:attachment":[{"href":"https:\/\/nautical.store\/fi\/wp-json\/wp\/v2\/media?parent=96385"}],"wp:term":[{"taxonomy":"pwb-brand","embeddable":true,"href":"https:\/\/nautical.store\/fi\/wp-json\/wp\/v2\/pwb-brand?post=96385"},{"taxonomy":"product_brand","embeddable":true,"href":"https:\/\/nautical.store\/fi\/wp-json\/wp\/v2\/product_brand?post=96385"},{"taxonomy":"product_cat","embeddable":true,"href":"https:\/\/nautical.store\/fi\/wp-json\/wp\/v2\/product_cat?post=96385"},{"taxonomy":"product_tag","embeddable":true,"href":"https:\/\/nautical.store\/fi\/wp-json\/wp\/v2\/product_tag?post=96385"},{"taxonomy":"woo-feed-brand","embeddable":true,"href":"https:\/\/nautical.store\/fi\/wp-json\/wp\/v2\/woo-feed-brand?post=96385"}],"curies":[{"name":"wp","href":"https:\/\/api.w.org\/{rel}","templated":true}]}}