{"id":96434,"date":"2026-04-21T17:08:38","date_gmt":"2026-04-21T14:08:38","guid":{"rendered":"https:\/\/nautical.store\/toode\/naisten-dynamic-deck-shortsit\/"},"modified":"2026-04-21T17:08:38","modified_gmt":"2026-04-21T14:08:38","slug":"naisten-dynamic-deck-shortsit","status":"publish","type":"product","link":"https:\/\/nautical.store\/fi\/tuote\/naisten-dynamic-deck-shortsit\/","title":{"rendered":"Naisten Dynamic Deck -shortsit"},"content":{"rendered":"<p data-start=\"0\" data-end=\"528\">Henri-Lloydin yli kuuden vuosikymmenen teknisen osaamisen ja innovaatioiden pohjalta suunnitellut naisten Dynamic Deck -shortsit on tarkoitettu purjehtijoille ja aktiivisille meriharrastajille, jotka arvostavat maksimaalista kest\u00e4vyytt\u00e4, mukavuutta ja toiminnallisuutta. Shortsit on valmistettu kest\u00e4v\u00e4st\u00e4 kaksinkertaisesta joustavasta kierr\u00e4tyskankaasta, ja niiss\u00e4 on vahvistetut saumat, ergonominen naisellinen leikkaus sek\u00e4 s\u00e4\u00e4dett\u00e4v\u00e4 vy\u00f6t\u00e4r\u00f6. Useat vetoketjulliset taskut tuovat k\u00e4yt\u00e4nn\u00f6llisyytt\u00e4 sek\u00e4 kannella ett\u00e4 arjessa.<\/p>\n<p data-start=\"530\" data-end=\"721\">Dynamic Deck -shortsit ovat erinomainen valinta kaikille, jotka etsiv\u00e4t kest\u00e4vi\u00e4 purjehdusshortseja, toiminnallisia kansishortseja tai laadukkaita teknisi\u00e4 shortseja aktiiviseen liikkumiseen.<\/p>\n<ul>\n<li data-start=\"530\" data-end=\"721\">Kest\u00e4v\u00e4 ja vahva kaksinkertaisesta joustavasta kierr\u00e4tyskankaasta valmistettu materiaali<\/li>\n<li data-start=\"530\" data-end=\"721\">S\u00e4vyyn sopivalla joustavalla Cordura-vahvikkeella vahvistettu takaosa<\/li>\n<li data-start=\"530\" data-end=\"721\">Teipattu lahjetasku<\/li>\n<li data-start=\"530\" data-end=\"721\">Kaksinkertaisella neulalla ommellut vahvistetut saumat<\/li>\n<li data-start=\"530\" data-end=\"721\">YKK\u00ae Aquaguard\u00ae -vetoketju kolmiomaisella vetimell\u00e4 \u2013 vy\u00f6t\u00e4r\u00f6ll\u00e4 kaksinkertainen nepparikiinnitys<\/li>\n<li data-start=\"530\" data-end=\"721\">Tarrakiinnityksell\u00e4 s\u00e4\u00e4dett\u00e4v\u00e4 vy\u00f6t\u00e4r\u00f6 \u2013 vetoketjullinen etukiinnitys<\/li>\n<li data-start=\"530\" data-end=\"721\">Laminoidut viimeistelyyksityiskohdat<\/li>\n<li data-start=\"530\" data-end=\"721\">3 vetoketjullista taskua<\/li>\n<li data-start=\"530\" data-end=\"721\">Eritt\u00e4in kevyt (360 g)<\/li>\n<\/ul>\n<p data-start=\"1242\" data-end=\"1367\">Malli: Louie (Studio) on 173 cm pitk\u00e4, h\u00e4nen vy\u00f6t\u00e4r\u00f6nymp\u00e4ryksens\u00e4 on 69 cm ja rinnan ymp\u00e4rys 91 cm. H\u00e4nell\u00e4 on yll\u00e4\u00e4n koko M.<\/p>\n<p>Materiaali:<\/p>\n<ul>\n<li data-start=\"1369\" data-end=\"1535\">Dri Fast -teknologia<\/li>\n<li data-start=\"1369\" data-end=\"1535\">Kaksinkertainen kudos (Double Weave)<\/li>\n<li data-start=\"1369\" data-end=\"1535\">90 % kierr\u00e4tetty\u00e4 nailonia \/ 10 % elastaania<\/li>\n<li data-start=\"1369\" data-end=\"1535\">DWR-k\u00e4sittely: C0 PFC-vapaa (Teflon Ecolite)<\/li>\n<\/ul>\n","protected":false},"excerpt":{"rendered":"<p>Henri-Lloydin yli kuuden vuosikymmenen teknisen osaamisen ja innovaatioiden pohjalta suunnitellut naisten Dynamic Deck -shortsit on tarkoitettu purjehtijoille ja aktiivisille meriharrastajille, jotka arvostavat maksimaalista kest\u00e4vyytt\u00e4, mukavuutta ja toiminnallisuutta. Shortsit on valmistettu kest\u00e4v\u00e4st\u00e4 kaksinkertaisesta joustavasta kierr\u00e4tyskankaasta, ja niiss\u00e4 on vahvistetut saumat, ergonominen naisellinen leikkaus sek\u00e4 s\u00e4\u00e4dett\u00e4v\u00e4 vy\u00f6t\u00e4r\u00f6. Useat vetoketjulliset taskut tuovat k\u00e4yt\u00e4nn\u00f6llisyytt\u00e4 sek\u00e4 kannella ett\u00e4 arjessa. Dynamic [&hellip;]<\/p>\n","protected":false},"featured_media":96424,"template":"","meta":{"_acf_changed":false},"pwb-brand":[2665],"product_brand":[],"product_cat":[640,827,1262,1269,726,588],"product_tag":[],"woo-feed-brand":[],"class_list":{"0":"post-96434","1":"product","2":"type-product","3":"status-publish","4":"has-post-thumbnail","6":"pwb-brand-henri-lloyd-fi","7":"product_cat-housut-fi","8":"product_cat-naiset","9":"product_cat-naisten-purjehdusvaatteet","10":"product_cat-purjehdus","11":"product_cat-tekniset-vaatteet-naiset","12":"product_cat-uutuudet","14":"first","15":"instock","16":"taxable","17":"shipping-taxable","18":"purchasable","19":"product-type-variable","20":"wvs-archive-product-wrapper"},"acf":[],"brands":[{"id":2665,"name":"Henri Lloyd","slug":"henri-lloyd-fi"}],"_links":{"self":[{"href":"https:\/\/nautical.store\/fi\/wp-json\/wp\/v2\/product\/96434","targetHints":{"allow":["GET"]}}],"collection":[{"href":"https:\/\/nautical.store\/fi\/wp-json\/wp\/v2\/product"}],"about":[{"href":"https:\/\/nautical.store\/fi\/wp-json\/wp\/v2\/types\/product"}],"wp:featuredmedia":[{"embeddable":true,"href":"https:\/\/nautical.store\/fi\/wp-json\/wp\/v2\/media\/96424"}],"wp:attachment":[{"href":"https:\/\/nautical.store\/fi\/wp-json\/wp\/v2\/media?parent=96434"}],"wp:term":[{"taxonomy":"pwb-brand","embeddable":true,"href":"https:\/\/nautical.store\/fi\/wp-json\/wp\/v2\/pwb-brand?post=96434"},{"taxonomy":"product_brand","embeddable":true,"href":"https:\/\/nautical.store\/fi\/wp-json\/wp\/v2\/product_brand?post=96434"},{"taxonomy":"product_cat","embeddable":true,"href":"https:\/\/nautical.store\/fi\/wp-json\/wp\/v2\/product_cat?post=96434"},{"taxonomy":"product_tag","embeddable":true,"href":"https:\/\/nautical.store\/fi\/wp-json\/wp\/v2\/product_tag?post=96434"},{"taxonomy":"woo-feed-brand","embeddable":true,"href":"https:\/\/nautical.store\/fi\/wp-json\/wp\/v2\/woo-feed-brand?post=96434"}],"curies":[{"name":"wp","href":"https:\/\/api.w.org\/{rel}","templated":true}]}}