{"id":96568,"date":"2026-04-21T17:03:12","date_gmt":"2026-04-21T14:03:12","guid":{"rendered":"https:\/\/nautical.store\/toode\/explorer-shortsit\/"},"modified":"2026-04-21T17:03:12","modified_gmt":"2026-04-21T14:03:12","slug":"explorer-shortsit","status":"publish","type":"product","link":"https:\/\/nautical.store\/fi\/tuote\/explorer-shortsit\/","title":{"rendered":"Explorer\u2011shortsit"},"content":{"rendered":"<p data-start=\"0\" data-end=\"351\">Explorer-shortsit ovat tekniset ja monik\u00e4ytt\u00f6iset shortsit aktiiviseen menoon ja ulkoiluun. Kierr\u00e4tetyst\u00e4 polyesterist\u00e4 valmistettu, nopeasti kuivuva ja hyvin joustava materiaali tuntuu mukavalta p\u00e4\u00e4ll\u00e4 koko p\u00e4iv\u00e4n. Vett\u00e4 hylkiv\u00e4 viimeistely ja vetoketjullinen tasku tekev\u00e4t shortseista k\u00e4yt\u00e4nn\u00f6llisen valinnan niin arkeen, retkille kuin veneilyynkin.<\/p>\n<ul>\n<li data-start=\"353\" data-end=\"748\">PFC-vapaa DWR-k\u00e4sittely hylkii vett\u00e4<\/li>\n<li data-start=\"353\" data-end=\"748\">Kaksikerroksinen, nelj\u00e4\u00e4n suuntaan joustava kangas takaa hyv\u00e4n istuvuuden ja liikkumisen vapauden<\/li>\n<li data-start=\"353\" data-end=\"748\">Kest\u00e4v\u00e4 materiaali sopii p\u00e4ivitt\u00e4iseen k\u00e4ytt\u00f6\u00f6n ja vaihteleviin s\u00e4\u00e4olosuhteisiin<\/li>\n<li data-start=\"353\" data-end=\"748\">Nopeasti kuivuva kangas lis\u00e4\u00e4 k\u00e4ytt\u00f6mukavuutta aktiivisessa k\u00e4yt\u00f6ss\u00e4<\/li>\n<li data-start=\"353\" data-end=\"748\">Vesitiivis vetoketjutasku kest\u00e4v\u00e4ll\u00e4, korroosionkest\u00e4v\u00e4ll\u00e4 vetoketjulla suojaa t\u00e4rke\u00e4t tavarat vedelt\u00e4<\/li>\n<\/ul>\n<p data-start=\"750\" data-end=\"806\" data-is-last-node=\"\" data-is-only-node=\"\">Materiaali:<br data-start=\"761\" data-end=\"764\" \/>92 % kierr\u00e4tetty polyesteri, 8 % elastaani<\/p>\n","protected":false},"excerpt":{"rendered":"<p>Explorer-shortsit ovat tekniset ja monik\u00e4ytt\u00f6iset shortsit aktiiviseen menoon ja ulkoiluun. Kierr\u00e4tetyst\u00e4 polyesterist\u00e4 valmistettu, nopeasti kuivuva ja hyvin joustava materiaali tuntuu mukavalta p\u00e4\u00e4ll\u00e4 koko p\u00e4iv\u00e4n. Vett\u00e4 hylkiv\u00e4 viimeistely ja vetoketjullinen tasku tekev\u00e4t shortseista k\u00e4yt\u00e4nn\u00f6llisen valinnan niin arkeen, retkille kuin veneilyynkin. PFC-vapaa DWR-k\u00e4sittely hylkii vett\u00e4 Kaksikerroksinen, nelj\u00e4\u00e4n suuntaan joustava kangas takaa hyv\u00e4n istuvuuden ja liikkumisen vapauden Kest\u00e4v\u00e4 [&hellip;]<\/p>\n","protected":false},"featured_media":96488,"template":"","meta":{"_acf_changed":false},"pwb-brand":[2665],"product_brand":[],"product_cat":[610,777,1261,1269,682,609],"product_tag":[],"woo-feed-brand":[],"class_list":{"0":"post-96568","1":"product","2":"type-product","3":"status-publish","4":"has-post-thumbnail","6":"pwb-brand-henri-lloyd-fi","7":"product_cat-housut","8":"product_cat-miehet","9":"product_cat-miesten-purjehdusvaatteet","10":"product_cat-purjehdus","11":"product_cat-tekniset-vaatteet","12":"product_cat-uutuudet-miehet","14":"first","15":"instock","16":"taxable","17":"shipping-taxable","18":"purchasable","19":"product-type-variable","20":"wvs-archive-product-wrapper"},"acf":[],"brands":[{"id":2665,"name":"Henri Lloyd","slug":"henri-lloyd-fi"}],"_links":{"self":[{"href":"https:\/\/nautical.store\/fi\/wp-json\/wp\/v2\/product\/96568","targetHints":{"allow":["GET"]}}],"collection":[{"href":"https:\/\/nautical.store\/fi\/wp-json\/wp\/v2\/product"}],"about":[{"href":"https:\/\/nautical.store\/fi\/wp-json\/wp\/v2\/types\/product"}],"wp:featuredmedia":[{"embeddable":true,"href":"https:\/\/nautical.store\/fi\/wp-json\/wp\/v2\/media\/96488"}],"wp:attachment":[{"href":"https:\/\/nautical.store\/fi\/wp-json\/wp\/v2\/media?parent=96568"}],"wp:term":[{"taxonomy":"pwb-brand","embeddable":true,"href":"https:\/\/nautical.store\/fi\/wp-json\/wp\/v2\/pwb-brand?post=96568"},{"taxonomy":"product_brand","embeddable":true,"href":"https:\/\/nautical.store\/fi\/wp-json\/wp\/v2\/product_brand?post=96568"},{"taxonomy":"product_cat","embeddable":true,"href":"https:\/\/nautical.store\/fi\/wp-json\/wp\/v2\/product_cat?post=96568"},{"taxonomy":"product_tag","embeddable":true,"href":"https:\/\/nautical.store\/fi\/wp-json\/wp\/v2\/product_tag?post=96568"},{"taxonomy":"woo-feed-brand","embeddable":true,"href":"https:\/\/nautical.store\/fi\/wp-json\/wp\/v2\/woo-feed-brand?post=96568"}],"curies":[{"name":"wp","href":"https:\/\/api.w.org\/{rel}","templated":true}]}}