{"id":96809,"date":"2026-04-21T21:06:51","date_gmt":"2026-04-21T18:06:51","guid":{"rendered":"https:\/\/nautical.store\/toode\/explorer-skort\/"},"modified":"2026-04-21T21:06:51","modified_gmt":"2026-04-21T18:06:51","slug":"explorer-skort","status":"publish","type":"product","link":"https:\/\/nautical.store\/fi\/tuote\/explorer-skort\/","title":{"rendered":"Explorer Skort"},"content":{"rendered":"<p>Explorer Skort on naisille suunniteltu mukava ja sporttinen hame\u2011shortsit. Se sopii erinomaisesti aktiiviseen liikkumiseen veden \u00e4\u00e4rell\u00e4, golfkent\u00e4ll\u00e4 tai vapaa\u2011ajalla. Kevyt ja joustava ulkokerros antaa liikkumisvapautta, ja materiaali on kest\u00e4v\u00e4 sek\u00e4 hylkii kevytt\u00e4 sadetta ja roiskeita. Kangas on osittain valmistettu kierr\u00e4tetyst\u00e4 polyesterist\u00e4. Sis\u00e4puolella on pehme\u00e4t ja hengitt\u00e4v\u00e4t shortsit. K\u00e4yt\u00e4nn\u00f6lliset taskut ja nappikiinnitys tekev\u00e4t k\u00e4yt\u00f6st\u00e4 miellytt\u00e4v\u00e4\u00e4.<\/p>\n<ul>\n<li data-start=\"490\" data-end=\"966\">Kierr\u00e4tetty ulkokangas (92 % polyesteri, 8 % elastaani)<\/li>\n<li data-start=\"490\" data-end=\"966\">Verkkokankaasta valmistetut sis\u00e4shortsit (80 % polyesteri, 20 % elastaani)<\/li>\n<li data-start=\"490\" data-end=\"966\">Nelj\u00e4\u00e4n suuntaan joustava, kevyt 260 g\/m\u00b2 kangas<\/li>\n<li data-start=\"490\" data-end=\"966\">PFC-vapaa DWR-k\u00e4sittely antaa vett\u00e4 hylkiv\u00e4n suojan<\/li>\n<li data-start=\"490\" data-end=\"966\">Nopeasti kuivuva, hengitt\u00e4v\u00e4 ja kulutusta kest\u00e4v\u00e4 materiaali<\/li>\n<li data-start=\"490\" data-end=\"966\">Vy\u00f6t\u00e4r\u00f6 vy\u00f6lenkeill\u00e4 ja nappikiinnityksell\u00e4<\/li>\n<li data-start=\"490\" data-end=\"966\">Sivutasku, piilotettu vetoketjutasku ja takana listatasku<\/li>\n<li data-start=\"490\" data-end=\"966\">Kolmiomainen vetoketjun vedin<\/li>\n<li data-start=\"490\" data-end=\"966\">Rypistym\u00e4t\u00f6n \u2013 ei vaadi silityst\u00e4<\/li>\n<\/ul>\n<p data-start=\"968\" data-end=\"1028\" data-is-last-node=\"\" data-is-only-node=\"\">Materiaali: 92 % kierr\u00e4tetty polyesteri, 8 % elastaani<\/p>\n","protected":false},"excerpt":{"rendered":"<p>Loput koot ovat tulossa varastoon<\/p>\n","protected":false},"featured_media":96730,"template":"","meta":{"_acf_changed":false},"pwb-brand":[2665],"product_brand":[],"product_cat":[639,640,827,1260,1262,726,588],"product_tag":[],"woo-feed-brand":[],"class_list":{"0":"post-96809","1":"product","2":"type-product","3":"status-publish","4":"has-post-thumbnail","6":"pwb-brand-henri-lloyd-fi","7":"product_cat-hameet","8":"product_cat-housut-fi","9":"product_cat-naiset","10":"product_cat-naisten-golfvaatteet","11":"product_cat-naisten-purjehdusvaatteet","12":"product_cat-tekniset-vaatteet-naiset","13":"product_cat-uutuudet","15":"first","16":"instock","17":"taxable","18":"shipping-taxable","19":"purchasable","20":"product-type-variable","21":"wvs-archive-product-wrapper"},"acf":[],"brands":[{"id":2665,"name":"Henri Lloyd","slug":"henri-lloyd-fi"}],"_links":{"self":[{"href":"https:\/\/nautical.store\/fi\/wp-json\/wp\/v2\/product\/96809","targetHints":{"allow":["GET"]}}],"collection":[{"href":"https:\/\/nautical.store\/fi\/wp-json\/wp\/v2\/product"}],"about":[{"href":"https:\/\/nautical.store\/fi\/wp-json\/wp\/v2\/types\/product"}],"wp:featuredmedia":[{"embeddable":true,"href":"https:\/\/nautical.store\/fi\/wp-json\/wp\/v2\/media\/96730"}],"wp:attachment":[{"href":"https:\/\/nautical.store\/fi\/wp-json\/wp\/v2\/media?parent=96809"}],"wp:term":[{"taxonomy":"pwb-brand","embeddable":true,"href":"https:\/\/nautical.store\/fi\/wp-json\/wp\/v2\/pwb-brand?post=96809"},{"taxonomy":"product_brand","embeddable":true,"href":"https:\/\/nautical.store\/fi\/wp-json\/wp\/v2\/product_brand?post=96809"},{"taxonomy":"product_cat","embeddable":true,"href":"https:\/\/nautical.store\/fi\/wp-json\/wp\/v2\/product_cat?post=96809"},{"taxonomy":"product_tag","embeddable":true,"href":"https:\/\/nautical.store\/fi\/wp-json\/wp\/v2\/product_tag?post=96809"},{"taxonomy":"woo-feed-brand","embeddable":true,"href":"https:\/\/nautical.store\/fi\/wp-json\/wp\/v2\/woo-feed-brand?post=96809"}],"curies":[{"name":"wp","href":"https:\/\/api.w.org\/{rel}","templated":true}]}}