{"id":96822,"date":"2026-04-21T09:00:34","date_gmt":"2026-04-21T06:00:34","guid":{"rendered":"https:\/\/nautical.store\/toode\/naisten-explorer-shortsit\/"},"modified":"2026-04-25T14:32:44","modified_gmt":"2026-04-25T11:32:44","slug":"naisten-explorer-shortsit","status":"publish","type":"product","link":"https:\/\/nautical.store\/fi\/tuote\/naisten-explorer-shortsit\/","title":{"rendered":"Naisten Explorer\u2011shortsit"},"content":{"rendered":"<p data-start=\"184\" data-end=\"559\">Uudet naisten Explorer-shortsit on suunniteltu aktiiviseen liikkumiseen ja ulkoiluseikkailuihin. Ne on valmistettu kierr\u00e4tetyst\u00e4 polyesterist\u00e4, kuivuvat nopeasti ja ovat eritt\u00e4in joustavat, joten ne tuntuvat mukavilta kaikissa tilanteissa. Sivulla on vetoketjutasku, ja materiaali hylkii vett\u00e4, mik\u00e4 tekee shortseista erinomaisen valinnan niin rannalle kuin purjehdukseenkin.<\/p>\n<ul>\n<li data-start=\"0\" data-end=\"333\">PFC-vapaa DWR-k\u00e4sittely auttaa pit\u00e4m\u00e4\u00e4n veden loitolla<\/li>\n<li data-start=\"0\" data-end=\"333\">Kaksikerroksinen, nelj\u00e4\u00e4n suuntaan joustava kangas antaa hyv\u00e4n liikkumisvapauden<\/li>\n<li data-start=\"0\" data-end=\"333\">Kulutusta kest\u00e4v\u00e4 materiaali sopii hyvin p\u00e4ivitt\u00e4iseen k\u00e4ytt\u00f6\u00f6n<\/li>\n<li data-start=\"0\" data-end=\"333\">Nopeasti kuivuva kangas lis\u00e4\u00e4 k\u00e4ytt\u00f6mukavuutta<\/li>\n<li data-start=\"0\" data-end=\"333\">Vett\u00e4 ja ruostetta kest\u00e4v\u00e4 vetoketjutasku pit\u00e4\u00e4 tavarasi kuivina ja turvassa<\/li>\n<\/ul>\n<p data-start=\"335\" data-end=\"382\" data-is-last-node=\"\" data-is-only-node=\"\">Materiaali: kierr\u00e4tetty polyesteri ja elastaani<\/p>\n","protected":false},"excerpt":{"rendered":"<p>Uudet naisten Explorer-shortsit on suunniteltu aktiiviseen liikkumiseen ja ulkoiluseikkailuihin. Ne on valmistettu kierr\u00e4tetyst\u00e4 polyesterist\u00e4, kuivuvat nopeasti ja ovat eritt\u00e4in joustavat, joten ne tuntuvat mukavilta kaikissa tilanteissa. Sivulla on vetoketjutasku, ja materiaali hylkii vett\u00e4, mik\u00e4 tekee shortseista erinomaisen valinnan niin rannalle kuin purjehdukseenkin. PFC-vapaa DWR-k\u00e4sittely auttaa pit\u00e4m\u00e4\u00e4n veden loitolla Kaksikerroksinen, nelj\u00e4\u00e4n suuntaan joustava kangas antaa hyv\u00e4n [&hellip;]<\/p>\n","protected":false},"featured_media":96601,"template":"","meta":{"_acf_changed":false},"pwb-brand":[2665],"product_brand":[],"product_cat":[640,827,1262,726,588],"product_tag":[],"woo-feed-brand":[],"class_list":{"0":"post-96822","1":"product","2":"type-product","3":"status-publish","4":"has-post-thumbnail","6":"pwb-brand-henri-lloyd-fi","7":"product_cat-housut-fi","8":"product_cat-naiset","9":"product_cat-naisten-purjehdusvaatteet","10":"product_cat-tekniset-vaatteet-naiset","11":"product_cat-uutuudet","13":"first","14":"instock","15":"taxable","16":"shipping-taxable","17":"purchasable","18":"product-type-variable","19":"wvs-archive-product-wrapper"},"acf":[],"brands":[{"id":2665,"name":"Henri Lloyd","slug":"henri-lloyd-fi"}],"_links":{"self":[{"href":"https:\/\/nautical.store\/fi\/wp-json\/wp\/v2\/product\/96822","targetHints":{"allow":["GET"]}}],"collection":[{"href":"https:\/\/nautical.store\/fi\/wp-json\/wp\/v2\/product"}],"about":[{"href":"https:\/\/nautical.store\/fi\/wp-json\/wp\/v2\/types\/product"}],"wp:featuredmedia":[{"embeddable":true,"href":"https:\/\/nautical.store\/fi\/wp-json\/wp\/v2\/media\/96601"}],"wp:attachment":[{"href":"https:\/\/nautical.store\/fi\/wp-json\/wp\/v2\/media?parent=96822"}],"wp:term":[{"taxonomy":"pwb-brand","embeddable":true,"href":"https:\/\/nautical.store\/fi\/wp-json\/wp\/v2\/pwb-brand?post=96822"},{"taxonomy":"product_brand","embeddable":true,"href":"https:\/\/nautical.store\/fi\/wp-json\/wp\/v2\/product_brand?post=96822"},{"taxonomy":"product_cat","embeddable":true,"href":"https:\/\/nautical.store\/fi\/wp-json\/wp\/v2\/product_cat?post=96822"},{"taxonomy":"product_tag","embeddable":true,"href":"https:\/\/nautical.store\/fi\/wp-json\/wp\/v2\/product_tag?post=96822"},{"taxonomy":"woo-feed-brand","embeddable":true,"href":"https:\/\/nautical.store\/fi\/wp-json\/wp\/v2\/woo-feed-brand?post=96822"}],"curies":[{"name":"wp","href":"https:\/\/api.w.org\/{rel}","templated":true}]}}