{"id":97120,"date":"2026-04-25T23:08:10","date_gmt":"2026-04-25T20:08:10","guid":{"rendered":"https:\/\/nautical.store\/?post_type=product&#038;p=97120"},"modified":"2026-04-27T01:00:05","modified_gmt":"2026-04-26T22:00:05","slug":"ellen-capsleeve-dress","status":"publish","type":"product","link":"https:\/\/nautical.store\/fi\/tuote\/ellen-capsleeve-dress\/","title":{"rendered":"Ellen Capsleeve Kleit"},"content":{"rendered":"<p data-start=\"0\" data-end=\"177\">A-l\u00f5ikeline kleit viskoosisegust kangast. Pehme ja langev materjal. \u00dcmar kaelus ja laiad l\u00fchikesed varrukad. Vaba l\u00f5ige ja pahkluu pikkus. Valmistatud Euroopas kestlikul viisil.<\/p>\n<ul>\n<li data-start=\"179\" data-end=\"292\">Vaba l\u00f5ige<\/li>\n<li data-start=\"179\" data-end=\"292\">A-l\u00f5ikeline siluett<\/li>\n<li data-start=\"179\" data-end=\"292\">Laiad l\u00fchikesed varrukad<\/li>\n<li data-start=\"179\" data-end=\"292\">Pahkluu pikkus<\/li>\n<li data-start=\"179\" data-end=\"292\">Toodetud Euroopas<\/li>\n<li data-start=\"179\" data-end=\"292\">Kootud kangas: 93% viskoos, 7% elastaan<\/li>\n<\/ul>\n","protected":false},"excerpt":{"rendered":"<p>A\u2011l\u00f5ikeline kleit viskoosisegusest kangast<\/p>\n","protected":false},"featured_media":97152,"template":"","meta":{"_acf_changed":false},"pwb-brand":[60],"product_brand":[],"product_cat":[67,62,76],"product_tag":[],"woo-feed-brand":[],"class_list":{"0":"post-97120","1":"product","2":"type-product","3":"status-publish","4":"has-post-thumbnail","6":"pwb-brand-holebrook","7":"product_cat-kleidid","8":"product_cat-naised","9":"product_cat-uued-tooted","11":"first","12":"instock","13":"taxable","14":"shipping-taxable","15":"purchasable","16":"product-type-variable","17":"wvs-archive-product-wrapper"},"acf":[],"brands":[{"id":60,"name":"Holebrook","slug":"holebrook"}],"_links":{"self":[{"href":"https:\/\/nautical.store\/fi\/wp-json\/wp\/v2\/product\/97120","targetHints":{"allow":["GET"]}}],"collection":[{"href":"https:\/\/nautical.store\/fi\/wp-json\/wp\/v2\/product"}],"about":[{"href":"https:\/\/nautical.store\/fi\/wp-json\/wp\/v2\/types\/product"}],"wp:featuredmedia":[{"embeddable":true,"href":"https:\/\/nautical.store\/fi\/wp-json\/wp\/v2\/media\/97152"}],"wp:attachment":[{"href":"https:\/\/nautical.store\/fi\/wp-json\/wp\/v2\/media?parent=97120"}],"wp:term":[{"taxonomy":"pwb-brand","embeddable":true,"href":"https:\/\/nautical.store\/fi\/wp-json\/wp\/v2\/pwb-brand?post=97120"},{"taxonomy":"product_brand","embeddable":true,"href":"https:\/\/nautical.store\/fi\/wp-json\/wp\/v2\/product_brand?post=97120"},{"taxonomy":"product_cat","embeddable":true,"href":"https:\/\/nautical.store\/fi\/wp-json\/wp\/v2\/product_cat?post=97120"},{"taxonomy":"product_tag","embeddable":true,"href":"https:\/\/nautical.store\/fi\/wp-json\/wp\/v2\/product_tag?post=97120"},{"taxonomy":"woo-feed-brand","embeddable":true,"href":"https:\/\/nautical.store\/fi\/wp-json\/wp\/v2\/woo-feed-brand?post=97120"}],"curies":[{"name":"wp","href":"https:\/\/api.w.org\/{rel}","templated":true}]}}