{"id":97237,"date":"2026-04-21T08:14:41","date_gmt":"2026-04-21T05:14:41","guid":{"rendered":"https:\/\/nautical.store\/toode\/naisten-zeroweight-2-in-1-shortsit\/"},"modified":"2026-04-21T08:14:41","modified_gmt":"2026-04-21T05:14:41","slug":"naisten-zeroweight-2-in-1-shortsit","status":"publish","type":"product","link":"https:\/\/nautical.store\/fi\/tuote\/naisten-zeroweight-2-in-1-shortsit\/","title":{"rendered":"Naisten Zeroweight 2-in-1 shortsit"},"content":{"rendered":"<p data-start=\"0\" data-end=\"193\">Yhteisty\u00f6ss\u00e4 INEOS Britannia- ja SailGP-tiimien kanssa kehitetyt Zeroweight Dri-Fast -shortsit ovat ultrakevyet ja eritt\u00e4in toiminnalliset. Ne sopivat erinomaisesti vaativaan kes\u00e4purjehdukseen.<\/p>\n<p data-start=\"195\" data-end=\"659\">Shortseissa yhdistyv\u00e4t kevyt ja minimalistinen ulkokerros sek\u00e4 tukevat sis\u00e4shortsit. Ulkokerros on valmistettu 100 % kierr\u00e4tetyst\u00e4 polyamidista, ja sis\u00e4shortsit ovat nopeasti kuivuvat sek\u00e4 tarjoavat hyv\u00e4n tuen. Ulkokerroksessa on vetoketjullinen sivutasku ja sis\u00e4shortseissa puhelintasku, jotka pit\u00e4v\u00e4t tavarat turvassa eiv\u00e4tk\u00e4 h\u00e4iritse liikkumista. Erinomainen kosteudensiirto ja harkittu rakenne tekev\u00e4t n\u00e4ist\u00e4 loistavan valinnan purjehdukseen l\u00e4mpim\u00e4ll\u00e4 s\u00e4\u00e4ll\u00e4.<\/p>\n<ul>\n<li data-start=\"681\" data-end=\"857\">Heijastavat yksityiskohdat parantavat n\u00e4kyvyytt\u00e4<\/li>\n<li data-start=\"681\" data-end=\"857\">Joustava vy\u00f6t\u00e4r\u00f6 kiristysny\u00f6rill\u00e4<\/li>\n<li data-start=\"681\" data-end=\"857\">Turvallinen vetoketjullinen sivutasku<\/li>\n<li data-start=\"681\" data-end=\"857\">Sis\u00e4shortseissa puhelintasku oikeassa lahkeessa<\/li>\n<\/ul>\n<p data-start=\"859\" data-end=\"876\">Materiaali:<\/p>\n<p data-start=\"878\" data-end=\"1050\" data-is-last-node=\"\" data-is-only-node=\"\">Ulkoshortsit: kevyt, mekaanisesti joustava kangas (100 % kierr\u00e4tetty polyamidi)<br data-start=\"957\" data-end=\"960\" \/>Sis\u00e4shortsit: kevyt ja joustava verkkokangas (80 % kierr\u00e4tetty polyesteri, 20 % elastaani)<\/p>\n","protected":false},"excerpt":{"rendered":"<p>Yhteisty\u00f6ss\u00e4 INEOS Britannia- ja SailGP-tiimien kanssa kehitetyt Zeroweight Dri-Fast -shortsit ovat ultrakevyet ja eritt\u00e4in toiminnalliset. Ne sopivat erinomaisesti vaativaan kes\u00e4purjehdukseen. Shortseissa yhdistyv\u00e4t kevyt ja minimalistinen ulkokerros sek\u00e4 tukevat sis\u00e4shortsit. Ulkokerros on valmistettu 100 % kierr\u00e4tetyst\u00e4 polyamidista, ja sis\u00e4shortsit ovat nopeasti kuivuvat sek\u00e4 tarjoavat hyv\u00e4n tuen. Ulkokerroksessa on vetoketjullinen sivutasku ja sis\u00e4shortseissa puhelintasku, jotka pit\u00e4v\u00e4t tavarat [&hellip;]<\/p>\n","protected":false},"featured_media":97231,"template":"","meta":{"_acf_changed":false},"pwb-brand":[2665],"product_brand":[],"product_cat":[640,827,1262,726,588],"product_tag":[],"woo-feed-brand":[],"class_list":{"0":"post-97237","1":"product","2":"type-product","3":"status-publish","4":"has-post-thumbnail","6":"pwb-brand-henri-lloyd-fi","7":"product_cat-housut-fi","8":"product_cat-naiset","9":"product_cat-naisten-purjehdusvaatteet","10":"product_cat-tekniset-vaatteet-naiset","11":"product_cat-uutuudet","13":"first","14":"instock","15":"taxable","16":"shipping-taxable","17":"purchasable","18":"product-type-variable","19":"wvs-archive-product-wrapper"},"acf":[],"brands":[{"id":2665,"name":"Henri Lloyd","slug":"henri-lloyd-fi"}],"_links":{"self":[{"href":"https:\/\/nautical.store\/fi\/wp-json\/wp\/v2\/product\/97237","targetHints":{"allow":["GET"]}}],"collection":[{"href":"https:\/\/nautical.store\/fi\/wp-json\/wp\/v2\/product"}],"about":[{"href":"https:\/\/nautical.store\/fi\/wp-json\/wp\/v2\/types\/product"}],"wp:featuredmedia":[{"embeddable":true,"href":"https:\/\/nautical.store\/fi\/wp-json\/wp\/v2\/media\/97231"}],"wp:attachment":[{"href":"https:\/\/nautical.store\/fi\/wp-json\/wp\/v2\/media?parent=97237"}],"wp:term":[{"taxonomy":"pwb-brand","embeddable":true,"href":"https:\/\/nautical.store\/fi\/wp-json\/wp\/v2\/pwb-brand?post=97237"},{"taxonomy":"product_brand","embeddable":true,"href":"https:\/\/nautical.store\/fi\/wp-json\/wp\/v2\/product_brand?post=97237"},{"taxonomy":"product_cat","embeddable":true,"href":"https:\/\/nautical.store\/fi\/wp-json\/wp\/v2\/product_cat?post=97237"},{"taxonomy":"product_tag","embeddable":true,"href":"https:\/\/nautical.store\/fi\/wp-json\/wp\/v2\/product_tag?post=97237"},{"taxonomy":"woo-feed-brand","embeddable":true,"href":"https:\/\/nautical.store\/fi\/wp-json\/wp\/v2\/woo-feed-brand?post=97237"}],"curies":[{"name":"wp","href":"https:\/\/api.w.org\/{rel}","templated":true}]}}