{"id":97247,"date":"2026-04-21T08:55:05","date_gmt":"2026-04-21T05:55:05","guid":{"rendered":"https:\/\/nautical.store\/toode\/storm-duffle-bag-50l-urheilukassi\/"},"modified":"2026-04-21T08:55:05","modified_gmt":"2026-04-21T05:55:05","slug":"storm-duffle-bag-50l-urheilukassi","status":"publish","type":"product","link":"https:\/\/nautical.store\/fi\/tuote\/storm-duffle-bag-50l-urheilukassi\/","title":{"rendered":"Storm Duffle Bag 50l -urheilukassi"},"content":{"rendered":"<p class=\"p1\">Kest\u00e4v\u00e4 ja s\u00e4\u00e4nkest\u00e4v\u00e4 duffelilaukku matkalle ja ulkoiluun. Henri Lloyd Storm Duffle Bag 50L on suunniteltu suojaamaan varusteita kosteudelta ja roiskeilta vaativissa olosuhteissa. Tilava p\u00e4\u00e4lokero tarjoaa runsaasti pakkaustilaa, ja vahva rakenne tekee laukusta luotettavan kumppanin veneilyyn, matkustamiseen ja aktiiviseen k\u00e4ytt\u00f6\u00f6n. K\u00e4yt\u00e4nn\u00f6lliset kantokahvat ja s\u00e4\u00e4dett\u00e4v\u00e4 olkahihna helpottavat kantamista liikkeess\u00e4. Laukun mukana tulevaa pakkauspussia voi k\u00e4ytt\u00e4\u00e4 my\u00f6s erillisen\u00e4 pakkauspussina varusteille tai vaatteille.<\/p>\n<ul>\n<li class=\"p1\">Tilavuus 50 litraa<\/li>\n<li class=\"p1\">Kest\u00e4v\u00e4 ja vett\u00e4 hylkiv\u00e4 materiaali<\/li>\n<li>Vedenpit\u00e4vyys: teipatut saumat, vahvistettu 1000D\u2011pohja<\/li>\n<li class=\"p1\">Tilava p\u00e4\u00e4lokero varusteille<\/li>\n<li class=\"p1\">Vahvat kantokahvat<\/li>\n<li class=\"p1\">S\u00e4\u00e4dett\u00e4v\u00e4 olkahihna mukavaan kantamiseen<\/li>\n<li class=\"p1\">Mukana pakkauspussi, jota voi k\u00e4ytt\u00e4\u00e4 my\u00f6s erillisen\u00e4 pakkauspussina<\/li>\n<li class=\"p1\">Materiaali: Kest\u00e4v\u00e4 synteettinen materiaali<\/li>\n<\/ul>\n","protected":false},"excerpt":{"rendered":"<p>Kest\u00e4v\u00e4 ja s\u00e4\u00e4nkest\u00e4v\u00e4 duffelilaukku matkalle ja ulkoiluun. Henri Lloyd Storm Duffle Bag 50L on suunniteltu suojaamaan varusteita kosteudelta ja roiskeilta vaativissa olosuhteissa. Tilava p\u00e4\u00e4lokero tarjoaa runsaasti pakkaustilaa, ja vahva rakenne tekee laukusta luotettavan kumppanin veneilyyn, matkustamiseen ja aktiiviseen k\u00e4ytt\u00f6\u00f6n. K\u00e4yt\u00e4nn\u00f6lliset kantokahvat ja s\u00e4\u00e4dett\u00e4v\u00e4 olkahihna helpottavat kantamista liikkeess\u00e4. Laukun mukana tulevaa pakkauspussia voi k\u00e4ytt\u00e4\u00e4 my\u00f6s erillisen\u00e4 [&hellip;]<\/p>\n","protected":false},"featured_media":97039,"template":"","meta":{"_acf_changed":false},"pwb-brand":[2665],"product_brand":[],"product_cat":[629,926,628,1269,588,609],"product_tag":[],"woo-feed-brand":[],"class_list":{"0":"post-97247","1":"product","2":"type-product","3":"status-publish","4":"has-post-thumbnail","6":"pwb-brand-henri-lloyd-fi","7":"product_cat-asusteet-naiset","8":"product_cat-asusteet-fi","9":"product_cat-asusteet","10":"product_cat-purjehdus","11":"product_cat-uutuudet","12":"product_cat-uutuudet-miehet","14":"first","15":"instock","16":"taxable","17":"shipping-taxable","18":"purchasable","19":"product-type-simple"},"acf":[],"brands":[{"id":2665,"name":"Henri Lloyd","slug":"henri-lloyd-fi"}],"_links":{"self":[{"href":"https:\/\/nautical.store\/fi\/wp-json\/wp\/v2\/product\/97247","targetHints":{"allow":["GET"]}}],"collection":[{"href":"https:\/\/nautical.store\/fi\/wp-json\/wp\/v2\/product"}],"about":[{"href":"https:\/\/nautical.store\/fi\/wp-json\/wp\/v2\/types\/product"}],"wp:featuredmedia":[{"embeddable":true,"href":"https:\/\/nautical.store\/fi\/wp-json\/wp\/v2\/media\/97039"}],"wp:attachment":[{"href":"https:\/\/nautical.store\/fi\/wp-json\/wp\/v2\/media?parent=97247"}],"wp:term":[{"taxonomy":"pwb-brand","embeddable":true,"href":"https:\/\/nautical.store\/fi\/wp-json\/wp\/v2\/pwb-brand?post=97247"},{"taxonomy":"product_brand","embeddable":true,"href":"https:\/\/nautical.store\/fi\/wp-json\/wp\/v2\/product_brand?post=97247"},{"taxonomy":"product_cat","embeddable":true,"href":"https:\/\/nautical.store\/fi\/wp-json\/wp\/v2\/product_cat?post=97247"},{"taxonomy":"product_tag","embeddable":true,"href":"https:\/\/nautical.store\/fi\/wp-json\/wp\/v2\/product_tag?post=97247"},{"taxonomy":"woo-feed-brand","embeddable":true,"href":"https:\/\/nautical.store\/fi\/wp-json\/wp\/v2\/woo-feed-brand?post=97247"}],"curies":[{"name":"wp","href":"https:\/\/api.w.org\/{rel}","templated":true}]}}