{"id":97252,"date":"2026-04-21T08:49:22","date_gmt":"2026-04-21T05:49:22","guid":{"rendered":"https:\/\/nautical.store\/toode\/sail-tec-lippis\/"},"modified":"2026-04-21T08:49:22","modified_gmt":"2026-04-21T05:49:22","slug":"sail-tec-lippis","status":"publish","type":"product","link":"https:\/\/nautical.store\/fi\/tuote\/sail-tec-lippis\/","title":{"rendered":"Sail -Tec Lippis"},"content":{"rendered":"<p data-start=\"0\" data-end=\"363\">Sail Tec Cap -lippalakki sopii erinomaisesti niin vesilajeihin kuin jokap\u00e4iv\u00e4iseen k\u00e4ytt\u00f6\u00f6n. Se on kevyt, hengitt\u00e4v\u00e4, nopeasti kuivuva ja vett\u00e4 hylkiv\u00e4. Lippalakki suojaa tehokkaasti auringolta, ja k\u00e4yt\u00e4nn\u00f6lliset yksityiskohdat varmistavat, ett\u00e4 se pysyy tukevasti p\u00e4\u00e4ss\u00e4 my\u00f6s tuulisella s\u00e4\u00e4ll\u00e4. Mukava ja luotettava valinta purjehtijalle ja aktiiviseen k\u00e4ytt\u00f6\u00f6n.<\/p>\n<ul>\n<li data-start=\"365\" data-end=\"618\">Kevyt, hengitt\u00e4v\u00e4 ja nopeasti kuivuva vett\u00e4 hylkiv\u00e4 kangas<\/li>\n<li data-start=\"365\" data-end=\"618\">UPF 50+ aurinkosuoja<\/li>\n<li data-start=\"365\" data-end=\"618\">Lippalakin kiinnitysklipsi (20 cm) pit\u00e4\u00e4 lakin paikoillaan tuulessa<\/li>\n<li data-start=\"365\" data-end=\"618\">3D Henri-Lloyd -logo sivussa<\/li>\n<li data-start=\"365\" data-end=\"618\">S\u00e4\u00e4dett\u00e4v\u00e4 tarrakiinnitteinen hihna<\/li>\n<li data-start=\"365\" data-end=\"618\">Kosteutta siirt\u00e4v\u00e4 sis\u00e4panta<\/li>\n<\/ul>\n<p data-start=\"620\" data-end=\"660\" data-is-last-node=\"\" data-is-only-node=\"\">Materiaali: 100 % kierr\u00e4tetty polyesteri<\/p>\n","protected":false},"excerpt":{"rendered":"<p>Lippalakki kiinnitysklipsill\u00e4<\/p>\n","protected":false},"featured_media":97061,"template":"","meta":{"_acf_changed":false},"pwb-brand":[2665],"product_brand":[],"product_cat":[628,926,629,1180,777,1269,588,609],"product_tag":[],"woo-feed-brand":[],"class_list":{"0":"post-97252","1":"product","2":"type-product","3":"status-publish","4":"has-post-thumbnail","6":"pwb-brand-henri-lloyd-fi","7":"product_cat-asusteet","8":"product_cat-asusteet-fi","9":"product_cat-asusteet-naiset","10":"product_cat-golf-fi","11":"product_cat-miehet","12":"product_cat-purjehdus","13":"product_cat-uutuudet","14":"product_cat-uutuudet-miehet","16":"first","17":"instock","18":"taxable","19":"shipping-taxable","20":"purchasable","21":"product-type-variable","22":"wvs-archive-product-wrapper"},"acf":[],"brands":[{"id":2665,"name":"Henri Lloyd","slug":"henri-lloyd-fi"}],"_links":{"self":[{"href":"https:\/\/nautical.store\/fi\/wp-json\/wp\/v2\/product\/97252","targetHints":{"allow":["GET"]}}],"collection":[{"href":"https:\/\/nautical.store\/fi\/wp-json\/wp\/v2\/product"}],"about":[{"href":"https:\/\/nautical.store\/fi\/wp-json\/wp\/v2\/types\/product"}],"wp:featuredmedia":[{"embeddable":true,"href":"https:\/\/nautical.store\/fi\/wp-json\/wp\/v2\/media\/97061"}],"wp:attachment":[{"href":"https:\/\/nautical.store\/fi\/wp-json\/wp\/v2\/media?parent=97252"}],"wp:term":[{"taxonomy":"pwb-brand","embeddable":true,"href":"https:\/\/nautical.store\/fi\/wp-json\/wp\/v2\/pwb-brand?post=97252"},{"taxonomy":"product_brand","embeddable":true,"href":"https:\/\/nautical.store\/fi\/wp-json\/wp\/v2\/product_brand?post=97252"},{"taxonomy":"product_cat","embeddable":true,"href":"https:\/\/nautical.store\/fi\/wp-json\/wp\/v2\/product_cat?post=97252"},{"taxonomy":"product_tag","embeddable":true,"href":"https:\/\/nautical.store\/fi\/wp-json\/wp\/v2\/product_tag?post=97252"},{"taxonomy":"woo-feed-brand","embeddable":true,"href":"https:\/\/nautical.store\/fi\/wp-json\/wp\/v2\/woo-feed-brand?post=97252"}],"curies":[{"name":"wp","href":"https:\/\/api.w.org\/{rel}","templated":true}]}}