{"id":97343,"date":"2026-04-20T20:32:20","date_gmt":"2026-04-20T17:32:20","guid":{"rendered":"https:\/\/nautical.store\/toode\/explorer-trouser-30\/"},"modified":"2026-04-20T20:32:20","modified_gmt":"2026-04-20T17:32:20","slug":"explorer-trouser-30","status":"publish","type":"product","link":"https:\/\/nautical.store\/fi\/tuote\/explorer-trouser-30\/","title":{"rendered":"Explorer Trouser 3,0"},"content":{"rendered":"<p data-start=\"0\" data-end=\"320\">Explorer Trouser 3.0 -housut ovat saaneet inspiraationsa suosituista Explorer-shortseista. Tekninen malli muistuttaa vaellushousuja ja yhdist\u00e4\u00e4 nelj\u00e4\u00e4n suuntaan joustavan sek\u00e4 kulutusta kest\u00e4v\u00e4n kierr\u00e4tetyn polyesterin ja PFC-vapaan DWR-k\u00e4sittelyn. Lopputuloksena on monik\u00e4ytt\u00f6inen housu erilaisiin ulkoaktiviteetteihin.<\/p>\n<p data-start=\"322\" data-end=\"554\">Kevyt ja hengitt\u00e4v\u00e4 materiaali siirt\u00e4\u00e4 kosteutta tehokkaasti ja pit\u00e4\u00e4 olon mukavana my\u00f6s aktiivisessa liikkeess\u00e4. Nopeasti kuivuva kangas ja vett\u00e4 hylkiv\u00e4t vetoketjutaskut tekev\u00e4t housuista k\u00e4yt\u00e4nn\u00f6lliset vaihteleviin olosuhteisiin.<\/p>\n<p data-start=\"556\" data-end=\"998\"><br data-start=\"572\" data-end=\"575\" \/>\u2022 PFC-vapaa DWR-k\u00e4sittely antaa vett\u00e4 hylkiv\u00e4n suojan<br data-start=\"628\" data-end=\"631\" \/>\u2022 Kaksikerroksinen, nelj\u00e4\u00e4n suuntaan joustava kangas<br data-start=\"683\" data-end=\"686\" \/>\u2022 Kulutusta kest\u00e4v\u00e4 materiaali aktiiviseen k\u00e4ytt\u00f6\u00f6n<br data-start=\"737\" data-end=\"740\" \/>\u2022 Kevyt, hengitt\u00e4v\u00e4 ja hyvin kosteutta siirt\u00e4v\u00e4 kangas<br data-start=\"794\" data-end=\"797\" \/>\u2022 Valmistettu kierr\u00e4tetyst\u00e4 polyesterist\u00e4<br data-start=\"838\" data-end=\"841\" \/>\u2022 Nopeasti kuivuva materiaali<br data-start=\"870\" data-end=\"873\" \/>\u2022 2 vett\u00e4 hylkiv\u00e4\u00e4 vetoketjutaskua korroosionkest\u00e4vill\u00e4 vetoketjuilla<br data-start=\"942\" data-end=\"945\" \/>\u2022 Takana kantattu tasku<br data-start=\"968\" data-end=\"971\" \/>\u2022 S\u00e4\u00e4dett\u00e4v\u00e4t lahkeensuut<\/p>\n<p>Materiaali:<br data-start=\"1015\" data-end=\"1018\" \/>100 % kierr\u00e4tetty polyesteri<\/p>\n","protected":false},"excerpt":{"rendered":"<p>Explorer Trouser 3.0 -housut ovat saaneet inspiraationsa suosituista Explorer-shortseista. Tekninen malli muistuttaa vaellushousuja ja yhdist\u00e4\u00e4 nelj\u00e4\u00e4n suuntaan joustavan sek\u00e4 kulutusta kest\u00e4v\u00e4n kierr\u00e4tetyn polyesterin ja PFC-vapaan DWR-k\u00e4sittelyn. Lopputuloksena on monik\u00e4ytt\u00f6inen housu erilaisiin ulkoaktiviteetteihin. Kevyt ja hengitt\u00e4v\u00e4 materiaali siirt\u00e4\u00e4 kosteutta tehokkaasti ja pit\u00e4\u00e4 olon mukavana my\u00f6s aktiivisessa liikkeess\u00e4. Nopeasti kuivuva kangas ja vett\u00e4 hylkiv\u00e4t vetoketjutaskut tekev\u00e4t housuista [&hellip;]<\/p>\n","protected":false},"featured_media":96529,"template":"","meta":{"_acf_changed":false},"pwb-brand":[2665],"product_brand":[],"product_cat":[610,777,1261,1269,682,609],"product_tag":[],"woo-feed-brand":[],"class_list":{"0":"post-97343","1":"product","2":"type-product","3":"status-publish","4":"has-post-thumbnail","6":"pwb-brand-henri-lloyd-fi","7":"product_cat-housut","8":"product_cat-miehet","9":"product_cat-miesten-purjehdusvaatteet","10":"product_cat-purjehdus","11":"product_cat-tekniset-vaatteet","12":"product_cat-uutuudet-miehet","14":"first","15":"instock","16":"taxable","17":"shipping-taxable","18":"purchasable","19":"product-type-variable","20":"wvs-archive-product-wrapper"},"acf":[],"brands":[{"id":2665,"name":"Henri Lloyd","slug":"henri-lloyd-fi"}],"_links":{"self":[{"href":"https:\/\/nautical.store\/fi\/wp-json\/wp\/v2\/product\/97343","targetHints":{"allow":["GET"]}}],"collection":[{"href":"https:\/\/nautical.store\/fi\/wp-json\/wp\/v2\/product"}],"about":[{"href":"https:\/\/nautical.store\/fi\/wp-json\/wp\/v2\/types\/product"}],"wp:featuredmedia":[{"embeddable":true,"href":"https:\/\/nautical.store\/fi\/wp-json\/wp\/v2\/media\/96529"}],"wp:attachment":[{"href":"https:\/\/nautical.store\/fi\/wp-json\/wp\/v2\/media?parent=97343"}],"wp:term":[{"taxonomy":"pwb-brand","embeddable":true,"href":"https:\/\/nautical.store\/fi\/wp-json\/wp\/v2\/pwb-brand?post=97343"},{"taxonomy":"product_brand","embeddable":true,"href":"https:\/\/nautical.store\/fi\/wp-json\/wp\/v2\/product_brand?post=97343"},{"taxonomy":"product_cat","embeddable":true,"href":"https:\/\/nautical.store\/fi\/wp-json\/wp\/v2\/product_cat?post=97343"},{"taxonomy":"product_tag","embeddable":true,"href":"https:\/\/nautical.store\/fi\/wp-json\/wp\/v2\/product_tag?post=97343"},{"taxonomy":"woo-feed-brand","embeddable":true,"href":"https:\/\/nautical.store\/fi\/wp-json\/wp\/v2\/woo-feed-brand?post=97343"}],"curies":[{"name":"wp","href":"https:\/\/api.w.org\/{rel}","templated":true}]}}