{"id":97360,"date":"2026-04-21T08:21:34","date_gmt":"2026-04-21T05:21:34","guid":{"rendered":"https:\/\/nautical.store\/toode\/womens-dynamic-dri-fast-long-sleeve-tee\/"},"modified":"2026-04-26T13:37:26","modified_gmt":"2026-04-26T10:37:26","slug":"womens-dynamic-dri-fast-long-sleeve-tee","status":"publish","type":"product","link":"https:\/\/nautical.store\/fi\/tuote\/womens-dynamic-dri-fast-long-sleeve-tee\/","title":{"rendered":"Naisten Dynamic Dri Fast pitk\u00e4hihainen paita"},"content":{"rendered":"<p data-start=\"0\" data-end=\"377\">Suunniteltu ja kehitetty nopeatempoiseen kilpailemiseen \u2013 Henri Lloydin Dynamic DRI FAST -pitk\u00e4hihainen T-paita tarjoaa erinomaisen k\u00e4ytt\u00f6mukavuuden ja suorituskyvyn. Siin\u00e4 on hajua ehk\u00e4isev\u00e4 teknologia, hengitt\u00e4v\u00e4 ja kosteutta siirt\u00e4v\u00e4 materiaali, nopea kuivuvuus, UV 50 -suoja sek\u00e4 joustava rakenne. Lopputuloksena on mukava ja raikkaana pysyv\u00e4 paita vaativiin olosuhteisiin.<\/p>\n<p data-start=\"379\" data-end=\"912\"><br data-start=\"395\" data-end=\"398\" \/>\u2022 HeiQ Mint -hajunestoteknologia (biopohjainen) auttaa pit\u00e4m\u00e4\u00e4n vaatteen raikkaana<br data-start=\"480\" data-end=\"483\" \/>\u2022 Kosteutta siirt\u00e4v\u00e4, hengitt\u00e4v\u00e4 ja nopeasti kuivuva materiaali lis\u00e4\u00e4 k\u00e4ytt\u00f6mukavuutta<br data-start=\"569\" data-end=\"572\" \/>\u2022 UV 50 -aurinkosuoja<br data-start=\"593\" data-end=\"596\" \/>\u2022 Rypistym\u00e4t\u00f6n kangas \u2013 ei vaadi silityst\u00e4<br data-start=\"638\" data-end=\"641\" \/>\u2022 Mekaanisesti joustava materiaali lis\u00e4\u00e4 liikkumisvapautta<br data-start=\"699\" data-end=\"702\" \/>\u2022 Raglanhihat v\u00e4hent\u00e4v\u00e4t hankausta<br data-start=\"736\" data-end=\"739\" \/>\u2022 Kierr\u00e4tetyst\u00e4 kankaasta valmistettu jersey (190 g\/m\u00b2)<br data-start=\"794\" data-end=\"797\" \/>\u2022 Kosteutta siirt\u00e4v\u00e4t verkkopaneelit kainaloissa ja sivuilla<br data-start=\"857\" data-end=\"860\" \/>\u2022 Heijastavat yksityiskohdat parantavat n\u00e4kyvyytt\u00e4<\/p>\n<ul>\n<li data-start=\"914\" data-end=\"1019\">Louie (studio) on 173 cm pitk\u00e4, vy\u00f6t\u00e4r\u00f6 69 cm ja rinnanymp\u00e4rys 91 cm. H\u00e4n k\u00e4ytt\u00e4\u00e4 kokoa M<\/li>\n<li data-start=\"914\" data-end=\"1019\">Materiaali: 100 % kierr\u00e4tetty polyesteri<\/li>\n<\/ul>\n","protected":false},"excerpt":{"rendered":"<p>Naisten pitk\u00e4hihainen treenipaita<\/p>\n","protected":false},"featured_media":96711,"template":"","meta":{"_acf_changed":false},"pwb-brand":[2665],"product_brand":[],"product_cat":[827,1262,590,1269,726,588],"product_tag":[],"woo-feed-brand":[],"class_list":{"0":"post-97360","1":"product","2":"type-product","3":"status-publish","4":"has-post-thumbnail","6":"pwb-brand-henri-lloyd-fi","7":"product_cat-naiset","8":"product_cat-naisten-purjehdusvaatteet","9":"product_cat-paidat","10":"product_cat-purjehdus","11":"product_cat-tekniset-vaatteet-naiset","12":"product_cat-uutuudet","14":"first","15":"instock","16":"taxable","17":"shipping-taxable","18":"purchasable","19":"product-type-variable","20":"wvs-archive-product-wrapper"},"acf":[],"brands":[{"id":2665,"name":"Henri Lloyd","slug":"henri-lloyd-fi"}],"_links":{"self":[{"href":"https:\/\/nautical.store\/fi\/wp-json\/wp\/v2\/product\/97360","targetHints":{"allow":["GET"]}}],"collection":[{"href":"https:\/\/nautical.store\/fi\/wp-json\/wp\/v2\/product"}],"about":[{"href":"https:\/\/nautical.store\/fi\/wp-json\/wp\/v2\/types\/product"}],"wp:featuredmedia":[{"embeddable":true,"href":"https:\/\/nautical.store\/fi\/wp-json\/wp\/v2\/media\/96711"}],"wp:attachment":[{"href":"https:\/\/nautical.store\/fi\/wp-json\/wp\/v2\/media?parent=97360"}],"wp:term":[{"taxonomy":"pwb-brand","embeddable":true,"href":"https:\/\/nautical.store\/fi\/wp-json\/wp\/v2\/pwb-brand?post=97360"},{"taxonomy":"product_brand","embeddable":true,"href":"https:\/\/nautical.store\/fi\/wp-json\/wp\/v2\/product_brand?post=97360"},{"taxonomy":"product_cat","embeddable":true,"href":"https:\/\/nautical.store\/fi\/wp-json\/wp\/v2\/product_cat?post=97360"},{"taxonomy":"product_tag","embeddable":true,"href":"https:\/\/nautical.store\/fi\/wp-json\/wp\/v2\/product_tag?post=97360"},{"taxonomy":"woo-feed-brand","embeddable":true,"href":"https:\/\/nautical.store\/fi\/wp-json\/wp\/v2\/woo-feed-brand?post=97360"}],"curies":[{"name":"wp","href":"https:\/\/api.w.org\/{rel}","templated":true}]}}