{"id":97373,"date":"2026-04-21T08:11:40","date_gmt":"2026-04-21T05:11:40","guid":{"rendered":"https:\/\/nautical.store\/toode\/zeroweight-2-in-1-shortsit\/"},"modified":"2026-04-21T08:11:40","modified_gmt":"2026-04-21T05:11:40","slug":"zeroweight-2-in-1-shortsit","status":"publish","type":"product","link":"https:\/\/nautical.store\/fi\/tuote\/zeroweight-2-in-1-shortsit\/","title":{"rendered":"Zeroweight 2\u2011in\u20111 \u2011shortsit"},"content":{"rendered":"<p data-start=\"0\" data-end=\"180\">INEOS Britannia- ja SailGP-tiimien kanssa kehitetyt Zeroweight Dri-Fast -shortsit ovat ultrakevyet ja eritt\u00e4in toiminnalliset. Ne sopivat erinomaisesti vaativaan kes\u00e4purjehdukseen.<\/p>\n<p data-start=\"182\" data-end=\"661\">Shortseissa yhdistyv\u00e4t kevyt ja minimalistinen ulkokerros sek\u00e4 tukevat sis\u00e4shortsit. Ulkokerros on valmistettu 100 % kierr\u00e4tetyst\u00e4 polyamidista, ja sis\u00e4shortsit ovat nopeasti kuivuvat ja tarjoavat hyv\u00e4n tuen. Ulkokerroksessa on vetoketjullinen sivutasku ja sis\u00e4shortseissa puhelintasku, jotka pit\u00e4v\u00e4t tavarat turvallisesti mukana eiv\u00e4tk\u00e4 h\u00e4iritse liikkumista. Erinomainen kosteudensiirto ja harkittu rakenne tekev\u00e4t shortseista loistavan valinnan purjehdukseen l\u00e4mpim\u00e4ll\u00e4 s\u00e4\u00e4ll\u00e4.<\/p>\n<p data-start=\"182\" data-end=\"661\">\u2022 Heijastavat yksityiskohdat parantavat n\u00e4kyvyytt\u00e4<br data-start=\"732\" data-end=\"735\" \/>\u2022 Joustava vy\u00f6t\u00e4r\u00f6 kiristysny\u00f6rill\u00e4<br data-start=\"770\" data-end=\"773\" \/>\u2022 Vetoketjullinen sivutasku<br data-start=\"800\" data-end=\"803\" \/>\u2022 Sis\u00e4shortseissa puhelintasku oikeassa lahkeessa<\/p>\n<p data-start=\"856\" data-end=\"1049\" data-is-last-node=\"\" data-is-only-node=\"\">Materiaali<br data-start=\"870\" data-end=\"873\" \/>\u2022 Ulkoshortsit: kevyt, mekaanisesti joustava kangas (100 % kierr\u00e4tetty polyamidi)<br data-start=\"954\" data-end=\"957\" \/>\u2022 Sis\u00e4shortsit: kevyt ja joustava verkkokangas (80 % kierr\u00e4tetty polyesteri, 20 % elastaani)<\/p>\n","protected":false},"excerpt":{"rendered":"<p>INEOS Britannia- ja SailGP-tiimien kanssa kehitetyt Zeroweight Dri-Fast -shortsit ovat ultrakevyet ja eritt\u00e4in toiminnalliset. Ne sopivat erinomaisesti vaativaan kes\u00e4purjehdukseen. Shortseissa yhdistyv\u00e4t kevyt ja minimalistinen ulkokerros sek\u00e4 tukevat sis\u00e4shortsit. Ulkokerros on valmistettu 100 % kierr\u00e4tetyst\u00e4 polyamidista, ja sis\u00e4shortsit ovat nopeasti kuivuvat ja tarjoavat hyv\u00e4n tuen. Ulkokerroksessa on vetoketjullinen sivutasku ja sis\u00e4shortseissa puhelintasku, jotka pit\u00e4v\u00e4t tavarat turvallisesti [&hellip;]<\/p>\n","protected":false},"featured_media":96770,"template":"","meta":{"_acf_changed":false},"pwb-brand":[2665],"product_brand":[],"product_cat":[610,777,1261,1269,682,609],"product_tag":[],"woo-feed-brand":[],"class_list":{"0":"post-97373","1":"product","2":"type-product","3":"status-publish","4":"has-post-thumbnail","6":"pwb-brand-henri-lloyd-fi","7":"product_cat-housut","8":"product_cat-miehet","9":"product_cat-miesten-purjehdusvaatteet","10":"product_cat-purjehdus","11":"product_cat-tekniset-vaatteet","12":"product_cat-uutuudet-miehet","14":"first","15":"instock","16":"taxable","17":"shipping-taxable","18":"purchasable","19":"product-type-variable","20":"wvs-archive-product-wrapper"},"acf":[],"brands":[{"id":2665,"name":"Henri Lloyd","slug":"henri-lloyd-fi"}],"_links":{"self":[{"href":"https:\/\/nautical.store\/fi\/wp-json\/wp\/v2\/product\/97373","targetHints":{"allow":["GET"]}}],"collection":[{"href":"https:\/\/nautical.store\/fi\/wp-json\/wp\/v2\/product"}],"about":[{"href":"https:\/\/nautical.store\/fi\/wp-json\/wp\/v2\/types\/product"}],"wp:featuredmedia":[{"embeddable":true,"href":"https:\/\/nautical.store\/fi\/wp-json\/wp\/v2\/media\/96770"}],"wp:attachment":[{"href":"https:\/\/nautical.store\/fi\/wp-json\/wp\/v2\/media?parent=97373"}],"wp:term":[{"taxonomy":"pwb-brand","embeddable":true,"href":"https:\/\/nautical.store\/fi\/wp-json\/wp\/v2\/pwb-brand?post=97373"},{"taxonomy":"product_brand","embeddable":true,"href":"https:\/\/nautical.store\/fi\/wp-json\/wp\/v2\/product_brand?post=97373"},{"taxonomy":"product_cat","embeddable":true,"href":"https:\/\/nautical.store\/fi\/wp-json\/wp\/v2\/product_cat?post=97373"},{"taxonomy":"product_tag","embeddable":true,"href":"https:\/\/nautical.store\/fi\/wp-json\/wp\/v2\/product_tag?post=97373"},{"taxonomy":"woo-feed-brand","embeddable":true,"href":"https:\/\/nautical.store\/fi\/wp-json\/wp\/v2\/woo-feed-brand?post=97373"}],"curies":[{"name":"wp","href":"https:\/\/api.w.org\/{rel}","templated":true}]}}