{"id":97385,"date":"2026-04-21T08:06:20","date_gmt":"2026-04-21T05:06:20","guid":{"rendered":"https:\/\/nautical.store\/toode\/miesten-dynamic-dri-fast-t-paita\/"},"modified":"2026-04-21T08:06:20","modified_gmt":"2026-04-21T05:06:20","slug":"miesten-dynamic-dri-fast-t-paita","status":"publish","type":"product","link":"https:\/\/nautical.store\/fi\/tuote\/miesten-dynamic-dri-fast-t-paita\/","title":{"rendered":"Miesten Dynamic Dri Fast T-paita"},"content":{"rendered":"<p data-start=\"0\" data-end=\"379\">Suunniteltu ja kehitetty korkean intensiteetin kilpailuun \u2013 Henri Lloydin Dynamic DRI FAST -T-paita on tekninen ja toiminnallinen valinta vaativille purjehtijoille. Paidassa on hajua ehk\u00e4isev\u00e4 teknologia, erinomainen kosteudensiirto, nopea kuivuvuus, UV 50 -suoja sek\u00e4 hyv\u00e4 joustavuus. Lopputuloksena on mukava ja raikkaana pysyv\u00e4 paita my\u00f6s kaikkein haastavimmissa olosuhteissa.<\/p>\n<p data-start=\"381\" data-end=\"853\"><br data-start=\"397\" data-end=\"400\" \/>\u2022 HeiQ Mint -hajunestoteknologia (biopohjainen hajukontrolli)<br data-start=\"461\" data-end=\"464\" data-is-only-node=\"\" \/>\u2022 Kosteutta siirt\u00e4v\u00e4, hengitt\u00e4v\u00e4 ja nopeasti kuivuva materiaali<br data-start=\"527\" data-end=\"530\" \/>\u2022 UV 50 -aurinkosuoja<br data-start=\"551\" data-end=\"554\" \/>\u2022 Rypistym\u00e4t\u00f6n kangas \u2013 ei vaadi silityst\u00e4<br data-start=\"596\" data-end=\"599\" \/>\u2022 Mekaanisesti joustava materiaali lis\u00e4\u00e4 liikkumisvapautta<br data-start=\"657\" data-end=\"660\" \/>\u2022 Raglanhihat v\u00e4hent\u00e4v\u00e4t hankausta<br data-start=\"694\" data-end=\"697\" \/>\u2022 Kierr\u00e4tetty jersey-kangas (190 g\/m\u00b2)<br data-start=\"735\" data-end=\"738\" \/>\u2022 Kosteutta siirt\u00e4v\u00e4t verkkopaneelit kainaloissa ja sivuilla<br data-start=\"798\" data-end=\"801\" \/>\u2022 Heijastavat yksityiskohdat parantavat n\u00e4kyvyytt\u00e4<\/p>\n<p data-start=\"381\" data-end=\"853\">Materiaali<br data-start=\"869\" data-end=\"872\" \/>86 % kierr\u00e4tetty polyesteri, 14 % elastaani<\/p>\n","protected":false},"excerpt":{"rendered":"<p>Suunniteltu ja kehitetty korkean intensiteetin kilpailuun \u2013 Henri Lloydin Dynamic DRI FAST -T-paita on tekninen ja toiminnallinen valinta vaativille purjehtijoille. Paidassa on hajua ehk\u00e4isev\u00e4 teknologia, erinomainen kosteudensiirto, nopea kuivuvuus, UV 50 -suoja sek\u00e4 hyv\u00e4 joustavuus. Lopputuloksena on mukava ja raikkaana pysyv\u00e4 paita my\u00f6s kaikkein haastavimmissa olosuhteissa. \u2022 HeiQ Mint -hajunestoteknologia (biopohjainen hajukontrolli)\u2022 Kosteutta siirt\u00e4v\u00e4, hengitt\u00e4v\u00e4 [&hellip;]<\/p>\n","protected":false},"featured_media":96801,"template":"","meta":{"_acf_changed":false},"pwb-brand":[2665],"product_brand":[],"product_cat":[777,1261,633,1269,682,609],"product_tag":[],"woo-feed-brand":[],"class_list":{"0":"post-97385","1":"product","2":"type-product","3":"status-publish","4":"has-post-thumbnail","6":"pwb-brand-henri-lloyd-fi","7":"product_cat-miehet","8":"product_cat-miesten-purjehdusvaatteet","9":"product_cat-paidat-fi","10":"product_cat-purjehdus","11":"product_cat-tekniset-vaatteet","12":"product_cat-uutuudet-miehet","14":"first","15":"instock","16":"taxable","17":"shipping-taxable","18":"purchasable","19":"product-type-variable","20":"wvs-archive-product-wrapper"},"acf":[],"brands":[{"id":2665,"name":"Henri Lloyd","slug":"henri-lloyd-fi"}],"_links":{"self":[{"href":"https:\/\/nautical.store\/fi\/wp-json\/wp\/v2\/product\/97385","targetHints":{"allow":["GET"]}}],"collection":[{"href":"https:\/\/nautical.store\/fi\/wp-json\/wp\/v2\/product"}],"about":[{"href":"https:\/\/nautical.store\/fi\/wp-json\/wp\/v2\/types\/product"}],"wp:featuredmedia":[{"embeddable":true,"href":"https:\/\/nautical.store\/fi\/wp-json\/wp\/v2\/media\/96801"}],"wp:attachment":[{"href":"https:\/\/nautical.store\/fi\/wp-json\/wp\/v2\/media?parent=97385"}],"wp:term":[{"taxonomy":"pwb-brand","embeddable":true,"href":"https:\/\/nautical.store\/fi\/wp-json\/wp\/v2\/pwb-brand?post=97385"},{"taxonomy":"product_brand","embeddable":true,"href":"https:\/\/nautical.store\/fi\/wp-json\/wp\/v2\/product_brand?post=97385"},{"taxonomy":"product_cat","embeddable":true,"href":"https:\/\/nautical.store\/fi\/wp-json\/wp\/v2\/product_cat?post=97385"},{"taxonomy":"product_tag","embeddable":true,"href":"https:\/\/nautical.store\/fi\/wp-json\/wp\/v2\/product_tag?post=97385"},{"taxonomy":"woo-feed-brand","embeddable":true,"href":"https:\/\/nautical.store\/fi\/wp-json\/wp\/v2\/woo-feed-brand?post=97385"}],"curies":[{"name":"wp","href":"https:\/\/api.w.org\/{rel}","templated":true}]}}