{"id":97395,"date":"2026-04-26T14:34:58","date_gmt":"2026-04-26T11:34:58","guid":{"rendered":"https:\/\/nautical.store\/?post_type=product&#038;p=97395"},"modified":"2026-04-27T01:00:04","modified_gmt":"2026-04-26T22:00:04","slug":"marie-wide-pants","status":"publish","type":"product","link":"https:\/\/nautical.store\/fi\/tuote\/marie-wide-pants\/","title":{"rendered":"Marie Laiad P\u00fcksid"},"content":{"rendered":"<p data-start=\"0\" data-end=\"240\">Laiad p\u00fcksid kvaliteetsest puuvillasest popliinkangast. Vaba l\u00f5ikega. Mugav elastne v\u00f6\u00f6koht ja n\u00f6\u00f6rkinnitus. K\u00fcljetaskud ja l\u00fchem (crop) pikkus. Sobita kokku Marie Topi v\u00f5i Marie s\u00e4rgiga, et luua komplekt. J\u00e4tkusuutlikult toodetud Euroopas.<\/p>\n<p data-start=\"242\" data-end=\"369\" data-is-last-node=\"\" data-is-only-node=\"\">\u2022 Vaba l\u00f5ige<br data-start=\"254\" data-end=\"257\" \/>\u2022 Elastne v\u00f6\u00f6koht n\u00f6\u00f6riga<br data-start=\"282\" data-end=\"285\" \/>\u2022 K\u00fcljetaskud<br data-start=\"298\" data-end=\"301\" \/>\u2022 L\u00fchem (crop) pikkus<br data-start=\"322\" data-end=\"325\" \/>\u2022 Toodetud Euroopas<br data-start=\"344\" data-end=\"347\" \/>\u2022 Kangas: 100% puuvill<\/p>\n","protected":false},"excerpt":{"rendered":"<p>Alt laienevad p\u00fcksid puuvillasest popliinkangast<\/p>\n","protected":false},"featured_media":97507,"template":"","meta":{"_acf_changed":false},"pwb-brand":[60],"product_brand":[],"product_cat":[62,103,76],"product_tag":[],"woo-feed-brand":[],"class_list":{"0":"post-97395","1":"product","2":"type-product","3":"status-publish","4":"has-post-thumbnail","6":"pwb-brand-holebrook","7":"product_cat-naised","8":"product_cat-puksid-naised","9":"product_cat-uued-tooted","11":"first","12":"instock","13":"taxable","14":"shipping-taxable","15":"purchasable","16":"product-type-variable","17":"wvs-archive-product-wrapper"},"acf":[],"brands":[{"id":60,"name":"Holebrook","slug":"holebrook"}],"_links":{"self":[{"href":"https:\/\/nautical.store\/fi\/wp-json\/wp\/v2\/product\/97395","targetHints":{"allow":["GET"]}}],"collection":[{"href":"https:\/\/nautical.store\/fi\/wp-json\/wp\/v2\/product"}],"about":[{"href":"https:\/\/nautical.store\/fi\/wp-json\/wp\/v2\/types\/product"}],"wp:featuredmedia":[{"embeddable":true,"href":"https:\/\/nautical.store\/fi\/wp-json\/wp\/v2\/media\/97507"}],"wp:attachment":[{"href":"https:\/\/nautical.store\/fi\/wp-json\/wp\/v2\/media?parent=97395"}],"wp:term":[{"taxonomy":"pwb-brand","embeddable":true,"href":"https:\/\/nautical.store\/fi\/wp-json\/wp\/v2\/pwb-brand?post=97395"},{"taxonomy":"product_brand","embeddable":true,"href":"https:\/\/nautical.store\/fi\/wp-json\/wp\/v2\/product_brand?post=97395"},{"taxonomy":"product_cat","embeddable":true,"href":"https:\/\/nautical.store\/fi\/wp-json\/wp\/v2\/product_cat?post=97395"},{"taxonomy":"product_tag","embeddable":true,"href":"https:\/\/nautical.store\/fi\/wp-json\/wp\/v2\/product_tag?post=97395"},{"taxonomy":"woo-feed-brand","embeddable":true,"href":"https:\/\/nautical.store\/fi\/wp-json\/wp\/v2\/woo-feed-brand?post=97395"}],"curies":[{"name":"wp","href":"https:\/\/api.w.org\/{rel}","templated":true}]}}