{"id":97403,"date":"2026-04-26T14:37:49","date_gmt":"2026-04-26T11:37:49","guid":{"rendered":"https:\/\/nautical.store\/?post_type=product&#038;p=97403"},"modified":"2026-04-27T01:00:04","modified_gmt":"2026-04-26T22:00:04","slug":"marie-shorts","status":"publish","type":"product","link":"https:\/\/nautical.store\/fi\/tuote\/marie-shorts\/","title":{"rendered":"Marie Shortsid"},"content":{"rendered":"<p data-start=\"0\" data-end=\"251\">L\u00fchikesed p\u00fcksid kvaliteetsest puuvillasest popliinkangast. Vaba l\u00f5ikega. Mugav elastne v\u00f6\u00f6koht. K\u00fcljetaskud ning peale\u00f5mmeldud tagataskud. Sobita kokku Marie Topi v\u00f5i Marie s\u00e4rgiga, et luua komplekt. J\u00e4tkusuutlikult toodetud Euroopas.<\/p>\n<p data-start=\"253\" data-end=\"431\" data-is-last-node=\"\" data-is-only-node=\"\">\u2022 Vaba l\u00f5ige<br data-start=\"265\" data-end=\"268\" \/>\u2022 Elastne v\u00f6\u00f6koht\u00a0<br data-start=\"293\" data-end=\"296\" \/>\u2022 K\u00fcljetaskud ja peale\u00f5mmeldud tagataskud<br data-start=\"337\" data-end=\"340\" \/>\u2022 Pikkus \u00fcle p\u00f5lve<br data-start=\"358\" data-end=\"361\" \/>\u2022 Toodetud Euroopas<br data-start=\"406\" data-end=\"409\" \/>\u2022 Kangas: 100% puuvill<\/p>\n","protected":false},"excerpt":{"rendered":"<p>L\u00fchikesed p\u00fcksid kvaliteetsest puuvillasest popliinkangast. Vaba l\u00f5ikega. Mugav elastne v\u00f6\u00f6koht. K\u00fcljetaskud ning peale\u00f5mmeldud tagataskud. Sobita kokku Marie Topi v\u00f5i Marie s\u00e4rgiga, et luua komplekt. J\u00e4tkusuutlikult toodetud Euroopas. \u2022 Vaba l\u00f5ige\u2022 Elastne v\u00f6\u00f6koht\u00a0\u2022 K\u00fcljetaskud ja peale\u00f5mmeldud tagataskud\u2022 Pikkus \u00fcle p\u00f5lve\u2022 Toodetud Euroopas\u2022 Kangas: 100% puuvill<\/p>\n","protected":false},"featured_media":97514,"template":"","meta":{"_acf_changed":false},"pwb-brand":[60],"product_brand":[],"product_cat":[62,103,76],"product_tag":[],"woo-feed-brand":[],"class_list":{"0":"post-97403","1":"product","2":"type-product","3":"status-publish","4":"has-post-thumbnail","6":"pwb-brand-holebrook","7":"product_cat-naised","8":"product_cat-puksid-naised","9":"product_cat-uued-tooted","11":"first","12":"instock","13":"taxable","14":"shipping-taxable","15":"purchasable","16":"product-type-variable","17":"wvs-archive-product-wrapper"},"acf":[],"brands":[{"id":60,"name":"Holebrook","slug":"holebrook"}],"_links":{"self":[{"href":"https:\/\/nautical.store\/fi\/wp-json\/wp\/v2\/product\/97403","targetHints":{"allow":["GET"]}}],"collection":[{"href":"https:\/\/nautical.store\/fi\/wp-json\/wp\/v2\/product"}],"about":[{"href":"https:\/\/nautical.store\/fi\/wp-json\/wp\/v2\/types\/product"}],"wp:featuredmedia":[{"embeddable":true,"href":"https:\/\/nautical.store\/fi\/wp-json\/wp\/v2\/media\/97514"}],"wp:attachment":[{"href":"https:\/\/nautical.store\/fi\/wp-json\/wp\/v2\/media?parent=97403"}],"wp:term":[{"taxonomy":"pwb-brand","embeddable":true,"href":"https:\/\/nautical.store\/fi\/wp-json\/wp\/v2\/pwb-brand?post=97403"},{"taxonomy":"product_brand","embeddable":true,"href":"https:\/\/nautical.store\/fi\/wp-json\/wp\/v2\/product_brand?post=97403"},{"taxonomy":"product_cat","embeddable":true,"href":"https:\/\/nautical.store\/fi\/wp-json\/wp\/v2\/product_cat?post=97403"},{"taxonomy":"product_tag","embeddable":true,"href":"https:\/\/nautical.store\/fi\/wp-json\/wp\/v2\/product_tag?post=97403"},{"taxonomy":"woo-feed-brand","embeddable":true,"href":"https:\/\/nautical.store\/fi\/wp-json\/wp\/v2\/woo-feed-brand?post=97403"}],"curies":[{"name":"wp","href":"https:\/\/api.w.org\/{rel}","templated":true}]}}