{"id":97419,"date":"2026-04-26T14:49:33","date_gmt":"2026-04-26T11:49:33","guid":{"rendered":"https:\/\/nautical.store\/?post_type=product&#038;p=97419"},"modified":"2026-04-27T01:00:04","modified_gmt":"2026-04-26T22:00:04","slug":"marie-pop-over-top","status":"publish","type":"product","link":"https:\/\/nautical.store\/fi\/tuote\/marie-pop-over-top\/","title":{"rendered":"Marie Pop Over Topp"},"content":{"rendered":"<p data-start=\"0\" data-end=\"265\">L\u00fchikeste varrukatega topp kvaliteetsest puuvillasest popliinkangast. Vaba, kandiline ja l\u00fchike l\u00f5ige. V-kaelus suure kraega. Laiad varrukad. Sobita kokku Marie l\u00fchikeste p\u00fckste v\u00f5i Marie p\u00fckstega, et luua komplekt. J\u00e4tkusuutlikult toodetud Euroopas.<\/p>\n<p data-start=\"267\" data-end=\"413\" data-is-last-node=\"\" data-is-only-node=\"\">\u2022 Vaba, kandiline l\u00f5ige<br data-start=\"290\" data-end=\"293\" \/>\u2022 Suur krae<br data-start=\"304\" data-end=\"307\" \/>\u2022 Laiad varrukad<br data-start=\"323\" data-end=\"326\" \/>\u2022 L\u00fchike l\u00f5ige<br data-start=\"340\" data-end=\"343\" \/>\u2022 Toodetud Euroopas<br data-start=\"388\" data-end=\"391\" \/>\u2022 Kangas: 100% puuvill<\/p>\n","protected":false},"excerpt":{"rendered":"<p>L\u00fchikeste varrukatega topp kvaliteetsest puuvillasest popliinkangast. Vaba, kandiline ja l\u00fchike l\u00f5ige. V-kaelus suure kraega. Laiad varrukad. Sobita kokku Marie l\u00fchikeste p\u00fckste v\u00f5i Marie p\u00fckstega, et luua komplekt. J\u00e4tkusuutlikult toodetud Euroopas. \u2022 Vaba, kandiline l\u00f5ige\u2022 Suur krae\u2022 Laiad varrukad\u2022 L\u00fchike l\u00f5ige\u2022 Toodetud Euroopas\u2022 Kangas: 100% puuvill<\/p>\n","protected":false},"featured_media":97582,"template":"","meta":{"_acf_changed":false},"pwb-brand":[60],"product_brand":[],"product_cat":[62,102,76],"product_tag":[],"woo-feed-brand":[],"class_list":{"0":"post-97419","1":"product","2":"type-product","3":"status-publish","4":"has-post-thumbnail","6":"pwb-brand-holebrook","7":"product_cat-naised","8":"product_cat-pluusid","9":"product_cat-uued-tooted","11":"first","12":"instock","13":"taxable","14":"shipping-taxable","15":"purchasable","16":"product-type-variable","17":"wvs-archive-product-wrapper"},"acf":[],"brands":[{"id":60,"name":"Holebrook","slug":"holebrook"}],"_links":{"self":[{"href":"https:\/\/nautical.store\/fi\/wp-json\/wp\/v2\/product\/97419","targetHints":{"allow":["GET"]}}],"collection":[{"href":"https:\/\/nautical.store\/fi\/wp-json\/wp\/v2\/product"}],"about":[{"href":"https:\/\/nautical.store\/fi\/wp-json\/wp\/v2\/types\/product"}],"wp:featuredmedia":[{"embeddable":true,"href":"https:\/\/nautical.store\/fi\/wp-json\/wp\/v2\/media\/97582"}],"wp:attachment":[{"href":"https:\/\/nautical.store\/fi\/wp-json\/wp\/v2\/media?parent=97419"}],"wp:term":[{"taxonomy":"pwb-brand","embeddable":true,"href":"https:\/\/nautical.store\/fi\/wp-json\/wp\/v2\/pwb-brand?post=97419"},{"taxonomy":"product_brand","embeddable":true,"href":"https:\/\/nautical.store\/fi\/wp-json\/wp\/v2\/product_brand?post=97419"},{"taxonomy":"product_cat","embeddable":true,"href":"https:\/\/nautical.store\/fi\/wp-json\/wp\/v2\/product_cat?post=97419"},{"taxonomy":"product_tag","embeddable":true,"href":"https:\/\/nautical.store\/fi\/wp-json\/wp\/v2\/product_tag?post=97419"},{"taxonomy":"woo-feed-brand","embeddable":true,"href":"https:\/\/nautical.store\/fi\/wp-json\/wp\/v2\/woo-feed-brand?post=97419"}],"curies":[{"name":"wp","href":"https:\/\/api.w.org\/{rel}","templated":true}]}}