{"id":97432,"date":"2026-04-26T14:57:46","date_gmt":"2026-04-26T11:57:46","guid":{"rendered":"https:\/\/nautical.store\/?post_type=product&#038;p=97432"},"modified":"2026-04-27T01:00:04","modified_gmt":"2026-04-26T22:00:04","slug":"danny-jacket-wp","status":"publish","type":"product","link":"https:\/\/nautical.store\/fi\/tuote\/danny-jacket-wp\/","title":{"rendered":"Danny Jakk WP"},"content":{"rendered":"<p data-start=\"0\" data-end=\"207\">Siledas koes kootud kangast, tuulekindla voodriga, kraega jakk, orgaanilisest puuvillast. Esiosal ja passeosas vetth\u00fclgavad tepitud detailid. Suured taskud ja trukkkinnitus. Sirge l\u00f5ikega. J\u00e4tkusuutlikult toodetud Euroopas.<\/p>\n<p data-start=\"209\" data-end=\"502\" data-is-last-node=\"\" data-is-only-node=\"\">\u2022 Sirge l\u00f5ige<br data-start=\"222\" data-end=\"225\" \/>\u2022 Tuulekindel vooder<br data-start=\"245\" data-end=\"248\" \/>\u2022 Vetth\u00fclgavad tepitud detailid<br data-start=\"279\" data-end=\"282\" \/>\u2022 Peale\u00f5mmeldud taskud ja esik\u00fcljel trukid<br data-start=\"324\" data-end=\"327\" \/>\u2022 Toodetud Euroopas<br data-start=\"346\" data-end=\"349\" \/>\u2022 Kangas: 100% orgaaniline puuvill (GOTS)<br data-start=\"390\" data-end=\"393\" \/>\u2022 Tuulekindel vooder: 96% pol\u00fcester, 4% elastaan<br data-start=\"441\" data-end=\"444\" \/>\u2022 T\u00e4idis: 100% pol\u00fcester<br data-start=\"468\" data-end=\"471\" \/>\u2022 Kootud kangas: 100% pol\u00fcamiid<\/p>\n","protected":false},"excerpt":{"rendered":"<p>Siledas koes kootud kangast, tuulekindla voodriga, kraega jakk, orgaanilisest puuvillast. Esiosal ja passeosas vetth\u00fclgavad tepitud detailid. Suured taskud ja trukkkinnitus. Sirge l\u00f5ikega. J\u00e4tkusuutlikult toodetud Euroopas. \u2022 Sirge l\u00f5ige\u2022 Tuulekindel vooder\u2022 Vetth\u00fclgavad tepitud detailid\u2022 Peale\u00f5mmeldud taskud ja esik\u00fcljel trukid\u2022 Toodetud Euroopas\u2022 Kangas: 100% orgaaniline puuvill (GOTS)\u2022 Tuulekindel vooder: 96% pol\u00fcester, 4% elastaan\u2022 T\u00e4idis: 100% pol\u00fcester\u2022 Kootud [&hellip;]<\/p>\n","protected":false},"featured_media":97608,"template":"","meta":{"_acf_changed":false},"pwb-brand":[60],"product_brand":[],"product_cat":[63,77,91],"product_tag":[],"woo-feed-brand":[],"class_list":{"0":"post-97432","1":"product","2":"type-product","3":"status-publish","4":"has-post-thumbnail","6":"pwb-brand-holebrook","7":"product_cat-mehed","8":"product_cat-uued-tooted-mehed","9":"product_cat-windproof-mehed","11":"first","12":"instock","13":"taxable","14":"shipping-taxable","15":"purchasable","16":"product-type-variable","17":"wvs-archive-product-wrapper"},"acf":[],"brands":[{"id":60,"name":"Holebrook","slug":"holebrook"}],"_links":{"self":[{"href":"https:\/\/nautical.store\/fi\/wp-json\/wp\/v2\/product\/97432","targetHints":{"allow":["GET"]}}],"collection":[{"href":"https:\/\/nautical.store\/fi\/wp-json\/wp\/v2\/product"}],"about":[{"href":"https:\/\/nautical.store\/fi\/wp-json\/wp\/v2\/types\/product"}],"wp:featuredmedia":[{"embeddable":true,"href":"https:\/\/nautical.store\/fi\/wp-json\/wp\/v2\/media\/97608"}],"wp:attachment":[{"href":"https:\/\/nautical.store\/fi\/wp-json\/wp\/v2\/media?parent=97432"}],"wp:term":[{"taxonomy":"pwb-brand","embeddable":true,"href":"https:\/\/nautical.store\/fi\/wp-json\/wp\/v2\/pwb-brand?post=97432"},{"taxonomy":"product_brand","embeddable":true,"href":"https:\/\/nautical.store\/fi\/wp-json\/wp\/v2\/product_brand?post=97432"},{"taxonomy":"product_cat","embeddable":true,"href":"https:\/\/nautical.store\/fi\/wp-json\/wp\/v2\/product_cat?post=97432"},{"taxonomy":"product_tag","embeddable":true,"href":"https:\/\/nautical.store\/fi\/wp-json\/wp\/v2\/product_tag?post=97432"},{"taxonomy":"woo-feed-brand","embeddable":true,"href":"https:\/\/nautical.store\/fi\/wp-json\/wp\/v2\/woo-feed-brand?post=97432"}],"curies":[{"name":"wp","href":"https:\/\/api.w.org\/{rel}","templated":true}]}}