{"id":97735,"date":"2026-04-25T22:32:09","date_gmt":"2026-04-25T19:32:09","guid":{"rendered":"https:\/\/nautical.store\/toode\/holebrook-neuletakki-elizabeth-overlap\/"},"modified":"2026-04-25T22:32:09","modified_gmt":"2026-04-25T19:32:09","slug":"holebrook-neuletakki-elizabeth-overlap","status":"publish","type":"product","link":"https:\/\/nautical.store\/fi\/tuote\/holebrook-neuletakki-elizabeth-overlap\/","title":{"rendered":"Holebrook neuletakki Elizabeth Overlap"},"content":{"rendered":"<p data-start=\"682\" data-end=\"854\">Kevyt ja pehme alpakka-villasekoitteinen kietaisuneuletakki. Neuletakki sidotaan vy\u00f6ll\u00e4, ja siin\u00e4 on korkeat ribbineulotut hihansuut. Valmistettu vastuullisesti Euroopassa.<\/p>\n<p data-section-id=\"1yoleda\" data-start=\"856\" data-end=\"871\">Tuotetiedot<\/p>\n<ul data-start=\"872\" data-end=\"991\">\n<li data-section-id=\"ga2u2o\" data-start=\"872\" data-end=\"895\">Regular fit -mitoitus<\/li>\n<li data-section-id=\"3w2zrh\" data-start=\"896\" data-end=\"918\">Kietaisumalli vy\u00f6ll\u00e4<\/li>\n<li data-section-id=\"tgj2aq\" data-start=\"919\" data-end=\"943\">Pehme\u00e4 ja ilmava tuntu<\/li>\n<li data-section-id=\"1kw3dl7\" data-start=\"944\" data-end=\"966\">Ribbineulotut reunat<\/li>\n<li data-section-id=\"vce1ma\" data-start=\"967\" data-end=\"991\">Valmistettu Euroopassa<\/li>\n<\/ul>\n<p data-section-id=\"dpzujp\" data-start=\"993\" data-end=\"1007\">Materiaali<\/p>\n<ul data-start=\"1008\" data-end=\"1058\" data-is-last-node=\"\" data-is-only-node=\"\">\n<li data-section-id=\"feqs83\" data-start=\"1008\" data-end=\"1058\" data-is-last-node=\"\">Neulos: 70 % superfine-alpakkaa, 30 % polyamidia<\/li>\n<\/ul>\n","protected":false},"excerpt":{"rendered":"<p>Neulottu neuletakki pehme\u00e4st\u00e4 alpakkavillasta<\/p>\n","protected":false},"featured_media":97099,"template":"","meta":{"_acf_changed":false},"pwb-brand":[836],"product_brand":[],"product_cat":[827,601,588],"product_tag":[],"woo-feed-brand":[],"class_list":{"0":"post-97735","1":"product","2":"type-product","3":"status-publish","4":"has-post-thumbnail","6":"pwb-brand-holebrook-fi","7":"product_cat-naiset","8":"product_cat-neuleet","9":"product_cat-uutuudet","11":"first","12":"instock","13":"taxable","14":"shipping-taxable","15":"purchasable","16":"product-type-variable","17":"wvs-archive-product-wrapper"},"acf":[],"brands":[{"id":836,"name":"Holebrook","slug":"holebrook-fi"}],"_links":{"self":[{"href":"https:\/\/nautical.store\/fi\/wp-json\/wp\/v2\/product\/97735","targetHints":{"allow":["GET"]}}],"collection":[{"href":"https:\/\/nautical.store\/fi\/wp-json\/wp\/v2\/product"}],"about":[{"href":"https:\/\/nautical.store\/fi\/wp-json\/wp\/v2\/types\/product"}],"wp:featuredmedia":[{"embeddable":true,"href":"https:\/\/nautical.store\/fi\/wp-json\/wp\/v2\/media\/97099"}],"wp:attachment":[{"href":"https:\/\/nautical.store\/fi\/wp-json\/wp\/v2\/media?parent=97735"}],"wp:term":[{"taxonomy":"pwb-brand","embeddable":true,"href":"https:\/\/nautical.store\/fi\/wp-json\/wp\/v2\/pwb-brand?post=97735"},{"taxonomy":"product_brand","embeddable":true,"href":"https:\/\/nautical.store\/fi\/wp-json\/wp\/v2\/product_brand?post=97735"},{"taxonomy":"product_cat","embeddable":true,"href":"https:\/\/nautical.store\/fi\/wp-json\/wp\/v2\/product_cat?post=97735"},{"taxonomy":"product_tag","embeddable":true,"href":"https:\/\/nautical.store\/fi\/wp-json\/wp\/v2\/product_tag?post=97735"},{"taxonomy":"woo-feed-brand","embeddable":true,"href":"https:\/\/nautical.store\/fi\/wp-json\/wp\/v2\/woo-feed-brand?post=97735"}],"curies":[{"name":"wp","href":"https:\/\/api.w.org\/{rel}","templated":true}]}}