{"id":97847,"date":"2026-04-25T22:55:11","date_gmt":"2026-04-25T19:55:11","guid":{"rendered":"https:\/\/nautical.store\/toode\/heidi-crew-neulepusero\/"},"modified":"2026-05-06T16:15:49","modified_gmt":"2026-05-06T13:15:49","slug":"heidi-crew-neulepusero","status":"publish","type":"product","link":"https:\/\/nautical.store\/fi\/tuote\/heidi-crew-neulepusero\/","title":{"rendered":"Holebrook Heidi Crew -neulepusero"},"content":{"rendered":"<p>Tyylik\u00e4s strukturineulepusero on valmistettu pehme\u00e4st\u00e4 luomupuuvillasta, joka tuntuu miellytt\u00e4v\u00e4lt\u00e4 p\u00e4\u00e4ll\u00e4. Resorit hihansuissa sek\u00e4 helmassa tuovat puseroon modernia ilmett\u00e4 ja leve\u00e4 py\u00f6re\u00e4 kaulus viimeistelee rennon mutta huolitellun siluetin.<\/p>\n<p>Valmistettu vastuullisesti Euroopassa.<\/p>\n<p>Materiaali: 100% puuvilla (Organic OCS)<br \/>\nPesu 40 asteessa.<br \/>\nKutistuu max 5%.<\/p>\n","protected":false},"excerpt":{"rendered":"<p>Pitsikuvioinen neule 100 % luomupuuvillasta<\/p>\n","protected":false},"featured_media":97179,"template":"","meta":{"_acf_changed":false},"pwb-brand":[836],"product_brand":[],"product_cat":[827,601,588],"product_tag":[],"woo-feed-brand":[],"class_list":{"0":"post-97847","1":"product","2":"type-product","3":"status-publish","4":"has-post-thumbnail","6":"pwb-brand-holebrook-fi","7":"product_cat-naiset","8":"product_cat-neuleet","9":"product_cat-uutuudet","11":"first","12":"instock","13":"taxable","14":"shipping-taxable","15":"purchasable","16":"product-type-variable","17":"wvs-archive-product-wrapper"},"acf":[],"brands":[{"id":836,"name":"Holebrook","slug":"holebrook-fi"}],"_links":{"self":[{"href":"https:\/\/nautical.store\/fi\/wp-json\/wp\/v2\/product\/97847","targetHints":{"allow":["GET"]}}],"collection":[{"href":"https:\/\/nautical.store\/fi\/wp-json\/wp\/v2\/product"}],"about":[{"href":"https:\/\/nautical.store\/fi\/wp-json\/wp\/v2\/types\/product"}],"wp:featuredmedia":[{"embeddable":true,"href":"https:\/\/nautical.store\/fi\/wp-json\/wp\/v2\/media\/97179"}],"wp:attachment":[{"href":"https:\/\/nautical.store\/fi\/wp-json\/wp\/v2\/media?parent=97847"}],"wp:term":[{"taxonomy":"pwb-brand","embeddable":true,"href":"https:\/\/nautical.store\/fi\/wp-json\/wp\/v2\/pwb-brand?post=97847"},{"taxonomy":"product_brand","embeddable":true,"href":"https:\/\/nautical.store\/fi\/wp-json\/wp\/v2\/product_brand?post=97847"},{"taxonomy":"product_cat","embeddable":true,"href":"https:\/\/nautical.store\/fi\/wp-json\/wp\/v2\/product_cat?post=97847"},{"taxonomy":"product_tag","embeddable":true,"href":"https:\/\/nautical.store\/fi\/wp-json\/wp\/v2\/product_tag?post=97847"},{"taxonomy":"woo-feed-brand","embeddable":true,"href":"https:\/\/nautical.store\/fi\/wp-json\/wp\/v2\/woo-feed-brand?post=97847"}],"curies":[{"name":"wp","href":"https:\/\/api.w.org\/{rel}","templated":true}]}}