{"id":97862,"date":"2026-04-25T23:08:10","date_gmt":"2026-04-25T20:08:10","guid":{"rendered":"https:\/\/nautical.store\/toode\/ellen-capsleeve-mekko\/"},"modified":"2026-05-07T10:30:08","modified_gmt":"2026-05-07T07:30:08","slug":"ellen-capsleeve-mekko","status":"publish","type":"product","link":"https:\/\/nautical.store\/fi\/tuote\/ellen-capsleeve-mekko\/","title":{"rendered":"Holebrook Ellen Capsleeve Mekko"},"content":{"rendered":"<p data-start=\"54\" data-end=\"342\">A-linjainen mekko miellytt\u00e4v\u00e4st\u00e4 ja kauniisti laskeutuvasta viskoosisekoitteesta. Pehme\u00e4 materiaali tuntuu mukavalta p\u00e4\u00e4ll\u00e4, ja v\u00e4lj\u00e4 istuvuus tuo liikkumisen vapautta. Py\u00f6re\u00e4 p\u00e4\u00e4ntie ja leve\u00e4t lyhyet hihat viimeistelev\u00e4t rennon ja ajattoman ilmeen. Valmistettu vastuullisesti Euroopassa.<\/p>\n<ul data-start=\"344\" data-end=\"452\">\n<li data-section-id=\"nsuruu\" data-start=\"344\" data-end=\"362\">V\u00e4lj\u00e4 istuvuus<\/li>\n<li data-section-id=\"18k3wt\" data-start=\"363\" data-end=\"384\">A-linjainen malli<\/li>\n<li data-section-id=\"v4k72j\" data-start=\"385\" data-end=\"408\">Leve\u00e4t lyhyet hihat<\/li>\n<li data-section-id=\"54refw\" data-start=\"409\" data-end=\"425\">Nilkkapituus<\/li>\n<li data-section-id=\"12yslyq\" data-start=\"426\" data-end=\"452\">Valmistettu Euroopassa<\/li>\n<\/ul>\n<p data-start=\"454\" data-end=\"510\" data-is-last-node=\"\" data-is-only-node=\"\">Materiaali:<br data-start=\"469\" data-end=\"472\" \/>Neulos: 93 % viskoosia, 7 % elastaania<\/p>\n","protected":false},"excerpt":{"rendered":"<p>A-linjainen mekko viskoosisekoitteesta<\/p>\n","protected":false},"featured_media":97154,"template":"","meta":{"_acf_changed":false},"pwb-brand":[836],"product_brand":[],"product_cat":[593,827,588],"product_tag":[],"woo-feed-brand":[],"class_list":{"0":"post-97862","1":"product","2":"type-product","3":"status-publish","4":"has-post-thumbnail","6":"pwb-brand-holebrook-fi","7":"product_cat-mekot","8":"product_cat-naiset","9":"product_cat-uutuudet","11":"first","12":"instock","13":"taxable","14":"shipping-taxable","15":"purchasable","16":"product-type-variable","17":"wvs-archive-product-wrapper"},"acf":[],"brands":[{"id":836,"name":"Holebrook","slug":"holebrook-fi"}],"_links":{"self":[{"href":"https:\/\/nautical.store\/fi\/wp-json\/wp\/v2\/product\/97862","targetHints":{"allow":["GET"]}}],"collection":[{"href":"https:\/\/nautical.store\/fi\/wp-json\/wp\/v2\/product"}],"about":[{"href":"https:\/\/nautical.store\/fi\/wp-json\/wp\/v2\/types\/product"}],"wp:featuredmedia":[{"embeddable":true,"href":"https:\/\/nautical.store\/fi\/wp-json\/wp\/v2\/media\/97154"}],"wp:attachment":[{"href":"https:\/\/nautical.store\/fi\/wp-json\/wp\/v2\/media?parent=97862"}],"wp:term":[{"taxonomy":"pwb-brand","embeddable":true,"href":"https:\/\/nautical.store\/fi\/wp-json\/wp\/v2\/pwb-brand?post=97862"},{"taxonomy":"product_brand","embeddable":true,"href":"https:\/\/nautical.store\/fi\/wp-json\/wp\/v2\/product_brand?post=97862"},{"taxonomy":"product_cat","embeddable":true,"href":"https:\/\/nautical.store\/fi\/wp-json\/wp\/v2\/product_cat?post=97862"},{"taxonomy":"product_tag","embeddable":true,"href":"https:\/\/nautical.store\/fi\/wp-json\/wp\/v2\/product_tag?post=97862"},{"taxonomy":"woo-feed-brand","embeddable":true,"href":"https:\/\/nautical.store\/fi\/wp-json\/wp\/v2\/woo-feed-brand?post=97862"}],"curies":[{"name":"wp","href":"https:\/\/api.w.org\/{rel}","templated":true}]}}