{"id":97880,"date":"2026-04-26T14:34:58","date_gmt":"2026-04-26T11:34:58","guid":{"rendered":"https:\/\/nautical.store\/toode\/holebrook-marie-levealahkeiset-housut\/"},"modified":"2026-04-26T14:34:58","modified_gmt":"2026-04-26T11:34:58","slug":"holebrook-marie-levealahkeiset-housut","status":"publish","type":"product","link":"https:\/\/nautical.store\/fi\/tuote\/holebrook-marie-levealahkeiset-housut\/","title":{"rendered":"Holebrook Marie -leve\u00e4lahkeiset housut"},"content":{"rendered":"<p data-start=\"60\" data-end=\"394\">Rennot housut laadukkaasta puuvillapopliinista. V\u00e4lj\u00e4 istuvuus, mukava joustava vy\u00f6t\u00e4r\u00f6 kiristysny\u00f6rill\u00e4 sek\u00e4 k\u00e4yt\u00e4nn\u00f6lliset sivutaskut tekev\u00e4t niist\u00e4 t\u00e4ydellisen valinnan arkeen. Cropped-pituus tuo modernin ilmeen. Yhdist\u00e4 Marie-toppiin tai Marie-paitaan luodaksesi yhten\u00e4isen asukokonaisuuden. Valmistettu vastuullisesti Euroopassa.<\/p>\n<ul data-start=\"396\" data-end=\"513\">\n<li data-section-id=\"nsuruu\" data-start=\"396\" data-end=\"414\">V\u00e4lj\u00e4 istuvuus<\/li>\n<li data-section-id=\"1iknxny\" data-start=\"415\" data-end=\"452\">Joustava vy\u00f6t\u00e4r\u00f6 kiristysny\u00f6rill\u00e4<\/li>\n<li data-section-id=\"1yi1jwd\" data-start=\"453\" data-end=\"467\">Sivutaskut<\/li>\n<li data-section-id=\"deb410\" data-start=\"468\" data-end=\"486\">Cropped-pituus<\/li>\n<li data-section-id=\"12yslyq\" data-start=\"487\" data-end=\"513\">Valmistettu Euroopassa<\/li>\n<\/ul>\n<p data-start=\"515\" data-end=\"556\" data-is-last-node=\"\" data-is-only-node=\"\">Materiaali:<br data-start=\"530\" data-end=\"533\" \/>Kangas: 100 % puuvillaa<\/p>\n","protected":false},"excerpt":{"rendered":"<p>Levenev\u00e4t housut puuvillapopliinista<\/p>\n","protected":false},"featured_media":97509,"template":"","meta":{"_acf_changed":false},"pwb-brand":[836],"product_brand":[],"product_cat":[640,827,588],"product_tag":[],"woo-feed-brand":[],"class_list":{"0":"post-97880","1":"product","2":"type-product","3":"status-publish","4":"has-post-thumbnail","6":"pwb-brand-holebrook-fi","7":"product_cat-housut-fi","8":"product_cat-naiset","9":"product_cat-uutuudet","11":"first","12":"instock","13":"taxable","14":"shipping-taxable","15":"purchasable","16":"product-type-variable","17":"wvs-archive-product-wrapper"},"acf":[],"brands":[{"id":836,"name":"Holebrook","slug":"holebrook-fi"}],"_links":{"self":[{"href":"https:\/\/nautical.store\/fi\/wp-json\/wp\/v2\/product\/97880","targetHints":{"allow":["GET"]}}],"collection":[{"href":"https:\/\/nautical.store\/fi\/wp-json\/wp\/v2\/product"}],"about":[{"href":"https:\/\/nautical.store\/fi\/wp-json\/wp\/v2\/types\/product"}],"wp:featuredmedia":[{"embeddable":true,"href":"https:\/\/nautical.store\/fi\/wp-json\/wp\/v2\/media\/97509"}],"wp:attachment":[{"href":"https:\/\/nautical.store\/fi\/wp-json\/wp\/v2\/media?parent=97880"}],"wp:term":[{"taxonomy":"pwb-brand","embeddable":true,"href":"https:\/\/nautical.store\/fi\/wp-json\/wp\/v2\/pwb-brand?post=97880"},{"taxonomy":"product_brand","embeddable":true,"href":"https:\/\/nautical.store\/fi\/wp-json\/wp\/v2\/product_brand?post=97880"},{"taxonomy":"product_cat","embeddable":true,"href":"https:\/\/nautical.store\/fi\/wp-json\/wp\/v2\/product_cat?post=97880"},{"taxonomy":"product_tag","embeddable":true,"href":"https:\/\/nautical.store\/fi\/wp-json\/wp\/v2\/product_tag?post=97880"},{"taxonomy":"woo-feed-brand","embeddable":true,"href":"https:\/\/nautical.store\/fi\/wp-json\/wp\/v2\/woo-feed-brand?post=97880"}],"curies":[{"name":"wp","href":"https:\/\/api.w.org\/{rel}","templated":true}]}}