{"id":97894,"date":"2026-04-26T14:37:49","date_gmt":"2026-04-26T11:37:49","guid":{"rendered":"https:\/\/nautical.store\/toode\/holebrook-marie-shortsit\/"},"modified":"2026-04-26T14:37:49","modified_gmt":"2026-04-26T11:37:49","slug":"holebrook-marie-shortsit","status":"publish","type":"product","link":"https:\/\/nautical.store\/fi\/tuote\/holebrook-marie-shortsit\/","title":{"rendered":"Holebrook Marie -shortsit"},"content":{"rendered":"<p data-start=\"47\" data-end=\"381\">Rennot shortsit laadukkaasta puuvillapopliinista. V\u00e4lj\u00e4 istuvuus ja mukava joustava vy\u00f6t\u00e4r\u00f6 tekev\u00e4t niist\u00e4 t\u00e4ydellisen valinnan l\u00e4mpimiin p\u00e4iviin. Sivutaskut ja p\u00e4\u00e4lle ommellut takataskut lis\u00e4\u00e4v\u00e4t k\u00e4yt\u00e4nn\u00f6llisyytt\u00e4. Yhdist\u00e4 Marie-toppiin tai Marie-paitaan luodaksesi yhten\u00e4isen asukokonaisuuden. Valmistettu vastuullisesti Euroopassa.<\/p>\n<ul data-start=\"383\" data-end=\"524\">\n<li data-section-id=\"nsuruu\" data-start=\"383\" data-end=\"401\">V\u00e4lj\u00e4 istuvuus<\/li>\n<li data-section-id=\"13k67yc\" data-start=\"402\" data-end=\"422\">Joustava vy\u00f6t\u00e4r\u00f6<\/li>\n<li data-section-id=\"19slnln\" data-start=\"423\" data-end=\"467\">Sivutaskut ja p\u00e4\u00e4lle ommellut takataskut<\/li>\n<li data-section-id=\"1vnjyy7\" data-start=\"468\" data-end=\"497\">Pituus polven yl\u00e4puolelle<\/li>\n<li data-section-id=\"12yslyq\" data-start=\"498\" data-end=\"524\">Valmistettu Euroopassa<\/li>\n<\/ul>\n<p data-start=\"526\" data-end=\"567\" data-is-last-node=\"\" data-is-only-node=\"\">Materiaali:<br data-start=\"541\" data-end=\"544\" \/>Kangas: 100 % puuvillaa<\/p>\n","protected":false},"excerpt":{"rendered":"<p>Rennot shortsit laadukkaasta puuvillapopliinista. V\u00e4lj\u00e4 istuvuus ja mukava joustava vy\u00f6t\u00e4r\u00f6 tekev\u00e4t niist\u00e4 t\u00e4ydellisen valinnan l\u00e4mpimiin p\u00e4iviin. Sivutaskut ja p\u00e4\u00e4lle ommellut takataskut lis\u00e4\u00e4v\u00e4t k\u00e4yt\u00e4nn\u00f6llisyytt\u00e4. Yhdist\u00e4 Marie-toppiin tai Marie-paitaan luodaksesi yhten\u00e4isen asukokonaisuuden. Valmistettu vastuullisesti Euroopassa. V\u00e4lj\u00e4 istuvuus Joustava vy\u00f6t\u00e4r\u00f6 Sivutaskut ja p\u00e4\u00e4lle ommellut takataskut Pituus polven yl\u00e4puolelle Valmistettu Euroopassa Materiaali:Kangas: 100 % puuvillaa<\/p>\n","protected":false},"featured_media":97516,"template":"","meta":{"_acf_changed":false},"pwb-brand":[836],"product_brand":[],"product_cat":[640,827,588],"product_tag":[],"woo-feed-brand":[],"class_list":{"0":"post-97894","1":"product","2":"type-product","3":"status-publish","4":"has-post-thumbnail","6":"pwb-brand-holebrook-fi","7":"product_cat-housut-fi","8":"product_cat-naiset","9":"product_cat-uutuudet","11":"first","12":"instock","13":"taxable","14":"shipping-taxable","15":"purchasable","16":"product-type-variable","17":"wvs-archive-product-wrapper"},"acf":[],"brands":[{"id":836,"name":"Holebrook","slug":"holebrook-fi"}],"_links":{"self":[{"href":"https:\/\/nautical.store\/fi\/wp-json\/wp\/v2\/product\/97894","targetHints":{"allow":["GET"]}}],"collection":[{"href":"https:\/\/nautical.store\/fi\/wp-json\/wp\/v2\/product"}],"about":[{"href":"https:\/\/nautical.store\/fi\/wp-json\/wp\/v2\/types\/product"}],"wp:featuredmedia":[{"embeddable":true,"href":"https:\/\/nautical.store\/fi\/wp-json\/wp\/v2\/media\/97516"}],"wp:attachment":[{"href":"https:\/\/nautical.store\/fi\/wp-json\/wp\/v2\/media?parent=97894"}],"wp:term":[{"taxonomy":"pwb-brand","embeddable":true,"href":"https:\/\/nautical.store\/fi\/wp-json\/wp\/v2\/pwb-brand?post=97894"},{"taxonomy":"product_brand","embeddable":true,"href":"https:\/\/nautical.store\/fi\/wp-json\/wp\/v2\/product_brand?post=97894"},{"taxonomy":"product_cat","embeddable":true,"href":"https:\/\/nautical.store\/fi\/wp-json\/wp\/v2\/product_cat?post=97894"},{"taxonomy":"product_tag","embeddable":true,"href":"https:\/\/nautical.store\/fi\/wp-json\/wp\/v2\/product_tag?post=97894"},{"taxonomy":"woo-feed-brand","embeddable":true,"href":"https:\/\/nautical.store\/fi\/wp-json\/wp\/v2\/woo-feed-brand?post=97894"}],"curies":[{"name":"wp","href":"https:\/\/api.w.org\/{rel}","templated":true}]}}