{"id":97907,"date":"2026-04-26T14:41:47","date_gmt":"2026-04-26T11:41:47","guid":{"rendered":"https:\/\/nautical.store\/toode\/holebrook-marie-toppi\/"},"modified":"2026-04-26T14:41:47","modified_gmt":"2026-04-26T11:41:47","slug":"holebrook-marie-toppi","status":"publish","type":"product","link":"https:\/\/nautical.store\/fi\/tuote\/holebrook-marie-toppi\/","title":{"rendered":"Holebrook Marie -toppi"},"content":{"rendered":"<p data-start=\"48\" data-end=\"383\">Hihaton toppi laadukkaasta puuvillapopliinista. A-linjainen malli ja helmassa oleva kiristysny\u00f6ri mahdollistavat istuvuuden ja ilmeen helpon s\u00e4\u00e4t\u00e4misen. Sivuhalkiot tuovat lis\u00e4\u00e4 mukavuutta ja liikkuvuutta. Yhdist\u00e4 Marie-housuihin, shortseihin tai hameeseen luodaksesi yhten\u00e4isen asukokonaisuuden. Valmistettu vastuullisesti Euroopassa.<\/p>\n<ul data-start=\"385\" data-end=\"492\">\n<li data-section-id=\"nsuruu\" data-start=\"385\" data-end=\"403\">V\u00e4lj\u00e4 istuvuus<\/li>\n<li data-section-id=\"cper62\" data-start=\"404\" data-end=\"430\">Kiristysny\u00f6ri helmassa<\/li>\n<li data-section-id=\"1eb3npp\" data-start=\"431\" data-end=\"446\">Sivuhalkiot<\/li>\n<li data-section-id=\"oxbjgi\" data-start=\"447\" data-end=\"465\">Py\u00f6re\u00e4 p\u00e4\u00e4ntie<\/li>\n<li data-section-id=\"12yslyq\" data-start=\"466\" data-end=\"492\">Valmistettu Euroopassa<\/li>\n<\/ul>\n<p data-start=\"494\" data-end=\"531\" data-is-last-node=\"\" data-is-only-node=\"\">Materiaali:<br data-start=\"505\" data-end=\"508\" \/>Kangas: 100 % puuvillaa<\/p>\n","protected":false},"excerpt":{"rendered":"<p>Hihaton toppi laadukkaasta puuvillapopliinista. A-linjainen malli ja helmassa oleva kiristysny\u00f6ri mahdollistavat istuvuuden ja ilmeen helpon s\u00e4\u00e4t\u00e4misen. Sivuhalkiot tuovat lis\u00e4\u00e4 mukavuutta ja liikkuvuutta. Yhdist\u00e4 Marie-housuihin, shortseihin tai hameeseen luodaksesi yhten\u00e4isen asukokonaisuuden. Valmistettu vastuullisesti Euroopassa. V\u00e4lj\u00e4 istuvuus Kiristysny\u00f6ri helmassa Sivuhalkiot Py\u00f6re\u00e4 p\u00e4\u00e4ntie Valmistettu Euroopassa Materiaali:Kangas: 100 % puuvillaa<\/p>\n","protected":false},"featured_media":97547,"template":"","meta":{"_acf_changed":false},"pwb-brand":[836],"product_brand":[],"product_cat":[827,590,588],"product_tag":[],"woo-feed-brand":[],"class_list":{"0":"post-97907","1":"product","2":"type-product","3":"status-publish","4":"has-post-thumbnail","6":"pwb-brand-holebrook-fi","7":"product_cat-naiset","8":"product_cat-paidat","9":"product_cat-uutuudet","11":"first","12":"instock","13":"taxable","14":"shipping-taxable","15":"purchasable","16":"product-type-variable","17":"wvs-archive-product-wrapper"},"acf":[],"brands":[{"id":836,"name":"Holebrook","slug":"holebrook-fi"}],"_links":{"self":[{"href":"https:\/\/nautical.store\/fi\/wp-json\/wp\/v2\/product\/97907","targetHints":{"allow":["GET"]}}],"collection":[{"href":"https:\/\/nautical.store\/fi\/wp-json\/wp\/v2\/product"}],"about":[{"href":"https:\/\/nautical.store\/fi\/wp-json\/wp\/v2\/types\/product"}],"wp:featuredmedia":[{"embeddable":true,"href":"https:\/\/nautical.store\/fi\/wp-json\/wp\/v2\/media\/97547"}],"wp:attachment":[{"href":"https:\/\/nautical.store\/fi\/wp-json\/wp\/v2\/media?parent=97907"}],"wp:term":[{"taxonomy":"pwb-brand","embeddable":true,"href":"https:\/\/nautical.store\/fi\/wp-json\/wp\/v2\/pwb-brand?post=97907"},{"taxonomy":"product_brand","embeddable":true,"href":"https:\/\/nautical.store\/fi\/wp-json\/wp\/v2\/product_brand?post=97907"},{"taxonomy":"product_cat","embeddable":true,"href":"https:\/\/nautical.store\/fi\/wp-json\/wp\/v2\/product_cat?post=97907"},{"taxonomy":"product_tag","embeddable":true,"href":"https:\/\/nautical.store\/fi\/wp-json\/wp\/v2\/product_tag?post=97907"},{"taxonomy":"woo-feed-brand","embeddable":true,"href":"https:\/\/nautical.store\/fi\/wp-json\/wp\/v2\/woo-feed-brand?post=97907"}],"curies":[{"name":"wp","href":"https:\/\/api.w.org\/{rel}","templated":true}]}}