{"id":97918,"date":"2026-04-26T14:45:08","date_gmt":"2026-04-26T11:45:08","guid":{"rendered":"https:\/\/nautical.store\/toode\/holebrook-marie-popliinipaita\/"},"modified":"2026-04-26T14:45:08","modified_gmt":"2026-04-26T11:45:08","slug":"holebrook-marie-popliinipaita","status":"publish","type":"product","link":"https:\/\/nautical.store\/fi\/tuote\/holebrook-marie-popliinipaita\/","title":{"rendered":"Holebrook Marie -popliinipaita"},"content":{"rendered":"<p>Marie -paita on miellytt\u00e4v\u00e4st\u00e4 puuvillapopliinista valmistettu naisten raidallinen oversize-mallinen paitapusero, jossa on hihansuissa koristeena kauniit kiristysnauhat. Sel\u00e4ss\u00e4 on runsaat laskokset, jotka tuovat trendik\u00e4st\u00e4 ilmett\u00e4 paitaan.<\/p>\n<p>Kankaassa valkoisella pohjalla ohuita sinisi\u00e4 raitoja.<br \/>\nOhut materiaali tuntuu mukavan vilpoisalta my\u00f6s kes\u00e4helteill\u00e4.<\/p>\n<p data-start=\"0\" data-end=\"332\">Valmistettu vastuullisesti Euroopassa.<\/p>\n<ul data-start=\"334\" data-end=\"461\">\n<li data-section-id=\"nsuruu\" data-start=\"334\" data-end=\"352\">V\u00e4lj\u00e4 istuvuus<\/li>\n<li data-section-id=\"ssmryf\" data-start=\"353\" data-end=\"375\">V-p\u00e4\u00e4ntie napeilla<\/li>\n<li data-section-id=\"18guno\" data-start=\"376\" data-end=\"409\">Leve\u00e4t hihat kiristysny\u00f6rill\u00e4<\/li>\n<li data-section-id=\"1l5811m\" data-start=\"410\" data-end=\"434\">Laskosdetalji takana<\/li>\n<li data-section-id=\"12yslyq\" data-start=\"435\" data-end=\"461\">Valmistettu Euroopassa<\/li>\n<\/ul>\n<p data-start=\"463\" data-end=\"500\" data-is-last-node=\"\" data-is-only-node=\"\">Materiaali:<br data-start=\"474\" data-end=\"477\" \/>Kangas: 100 % puuvillaa<\/p>\n","protected":false},"excerpt":{"rendered":"<p>Marie -paita on miellytt\u00e4v\u00e4st\u00e4 puuvillapopliinista valmistettu naisten raidallinen oversize-mallinen paitapusero, jossa on hihansuissa koristeena kauniit kiristysnauhat. Sel\u00e4ss\u00e4 on runsaat laskokset, jotka tuovat trendik\u00e4st\u00e4 ilmett\u00e4 paitaan. Kankaassa valkoisella pohjalla ohuita sinisi\u00e4 raitoja. Ohut materiaali tuntuu mukavan vilpoisalta my\u00f6s kes\u00e4helteill\u00e4. Valmistettu vastuullisesti Euroopassa. V\u00e4lj\u00e4 istuvuus V-p\u00e4\u00e4ntie napeilla Leve\u00e4t hihat kiristysny\u00f6rill\u00e4 Laskosdetalji takana Valmistettu Euroopassa Materiaali:Kangas: 100 % [&hellip;]<\/p>\n","protected":false},"featured_media":97594,"template":"","meta":{"_acf_changed":false},"pwb-brand":[836],"product_brand":[],"product_cat":[827,590,588],"product_tag":[],"woo-feed-brand":[],"class_list":{"0":"post-97918","1":"product","2":"type-product","3":"status-publish","4":"has-post-thumbnail","6":"pwb-brand-holebrook-fi","7":"product_cat-naiset","8":"product_cat-paidat","9":"product_cat-uutuudet","11":"first","12":"instock","13":"taxable","14":"shipping-taxable","15":"purchasable","16":"product-type-variable","17":"wvs-archive-product-wrapper"},"acf":[],"brands":[{"id":836,"name":"Holebrook","slug":"holebrook-fi"}],"_links":{"self":[{"href":"https:\/\/nautical.store\/fi\/wp-json\/wp\/v2\/product\/97918","targetHints":{"allow":["GET"]}}],"collection":[{"href":"https:\/\/nautical.store\/fi\/wp-json\/wp\/v2\/product"}],"about":[{"href":"https:\/\/nautical.store\/fi\/wp-json\/wp\/v2\/types\/product"}],"wp:featuredmedia":[{"embeddable":true,"href":"https:\/\/nautical.store\/fi\/wp-json\/wp\/v2\/media\/97594"}],"wp:attachment":[{"href":"https:\/\/nautical.store\/fi\/wp-json\/wp\/v2\/media?parent=97918"}],"wp:term":[{"taxonomy":"pwb-brand","embeddable":true,"href":"https:\/\/nautical.store\/fi\/wp-json\/wp\/v2\/pwb-brand?post=97918"},{"taxonomy":"product_brand","embeddable":true,"href":"https:\/\/nautical.store\/fi\/wp-json\/wp\/v2\/product_brand?post=97918"},{"taxonomy":"product_cat","embeddable":true,"href":"https:\/\/nautical.store\/fi\/wp-json\/wp\/v2\/product_cat?post=97918"},{"taxonomy":"product_tag","embeddable":true,"href":"https:\/\/nautical.store\/fi\/wp-json\/wp\/v2\/product_tag?post=97918"},{"taxonomy":"woo-feed-brand","embeddable":true,"href":"https:\/\/nautical.store\/fi\/wp-json\/wp\/v2\/woo-feed-brand?post=97918"}],"curies":[{"name":"wp","href":"https:\/\/api.w.org\/{rel}","templated":true}]}}