{"id":97921,"date":"2026-04-26T14:49:33","date_gmt":"2026-04-26T11:49:33","guid":{"rendered":"https:\/\/nautical.store\/toode\/holebrook-marie-pop-over-top\/"},"modified":"2026-04-26T14:49:33","modified_gmt":"2026-04-26T11:49:33","slug":"holebrook-marie-pop-over-top","status":"publish","type":"product","link":"https:\/\/nautical.store\/fi\/tuote\/holebrook-marie-pop-over-top\/","title":{"rendered":"Holebrook Marie Pop Over Top"},"content":{"rendered":"<p>Holebrook Marie Pop Over Top on miellytt\u00e4v\u00e4st\u00e4 puuvillapopliinista valmistettu naisten navysininen, lyhythihainen kauluspaita. \u00a0Ohut materiaali tuntuu mukavan vilpoisalta my\u00f6s kes\u00e4helteill\u00e4.<br \/>\nSopii hyvin yhteen esimerkiksi Marie housujen kanssa.<\/p>\n<ul data-start=\"412\" data-end=\"521\">\n<li data-section-id=\"x2tln8\" data-start=\"412\" data-end=\"446\">V\u00e4lj\u00e4, laatikkomainen istuvuus<\/li>\n<li data-section-id=\"woz9k8\" data-start=\"447\" data-end=\"461\">Iso kaulus<\/li>\n<li data-section-id=\"84pzj2\" data-start=\"462\" data-end=\"478\">Leve\u00e4t hihat<\/li>\n<li data-section-id=\"cf6d7h\" data-start=\"479\" data-end=\"494\">Lyhyt malli<\/li>\n<li data-section-id=\"12yslyq\" data-start=\"495\" data-end=\"521\">Valmistettu Euroopassa<\/li>\n<\/ul>\n<p data-start=\"523\" data-end=\"554\" data-is-last-node=\"\" data-is-only-node=\"\">Materiaali: 100 % puuvillaa<\/p>\n<p>&nbsp;<\/p>\n","protected":false},"excerpt":{"rendered":"<p>Holebrook Marie Pop Over Top on miellytt\u00e4v\u00e4st\u00e4 puuvillapopliinista valmistettu naisten navysininen, lyhythihainen kauluspaita. \u00a0Ohut materiaali tuntuu mukavan vilpoisalta my\u00f6s kes\u00e4helteill\u00e4. Sopii hyvin yhteen esimerkiksi Marie housujen kanssa. V\u00e4lj\u00e4, laatikkomainen istuvuus Iso kaulus Leve\u00e4t hihat Lyhyt malli Valmistettu Euroopassa Materiaali: 100 % puuvillaa &nbsp;<\/p>\n","protected":false},"featured_media":97584,"template":"","meta":{"_acf_changed":false},"pwb-brand":[836],"product_brand":[],"product_cat":[827,590,588],"product_tag":[],"woo-feed-brand":[],"class_list":{"0":"post-97921","1":"product","2":"type-product","3":"status-publish","4":"has-post-thumbnail","6":"pwb-brand-holebrook-fi","7":"product_cat-naiset","8":"product_cat-paidat","9":"product_cat-uutuudet","11":"first","12":"instock","13":"taxable","14":"shipping-taxable","15":"purchasable","16":"product-type-variable","17":"wvs-archive-product-wrapper"},"acf":[],"brands":[{"id":836,"name":"Holebrook","slug":"holebrook-fi"}],"_links":{"self":[{"href":"https:\/\/nautical.store\/fi\/wp-json\/wp\/v2\/product\/97921","targetHints":{"allow":["GET"]}}],"collection":[{"href":"https:\/\/nautical.store\/fi\/wp-json\/wp\/v2\/product"}],"about":[{"href":"https:\/\/nautical.store\/fi\/wp-json\/wp\/v2\/types\/product"}],"wp:featuredmedia":[{"embeddable":true,"href":"https:\/\/nautical.store\/fi\/wp-json\/wp\/v2\/media\/97584"}],"wp:attachment":[{"href":"https:\/\/nautical.store\/fi\/wp-json\/wp\/v2\/media?parent=97921"}],"wp:term":[{"taxonomy":"pwb-brand","embeddable":true,"href":"https:\/\/nautical.store\/fi\/wp-json\/wp\/v2\/pwb-brand?post=97921"},{"taxonomy":"product_brand","embeddable":true,"href":"https:\/\/nautical.store\/fi\/wp-json\/wp\/v2\/product_brand?post=97921"},{"taxonomy":"product_cat","embeddable":true,"href":"https:\/\/nautical.store\/fi\/wp-json\/wp\/v2\/product_cat?post=97921"},{"taxonomy":"product_tag","embeddable":true,"href":"https:\/\/nautical.store\/fi\/wp-json\/wp\/v2\/product_tag?post=97921"},{"taxonomy":"woo-feed-brand","embeddable":true,"href":"https:\/\/nautical.store\/fi\/wp-json\/wp\/v2\/woo-feed-brand?post=97921"}],"curies":[{"name":"wp","href":"https:\/\/api.w.org\/{rel}","templated":true}]}}