{"id":97942,"date":"2026-04-26T14:57:46","date_gmt":"2026-04-26T11:57:46","guid":{"rendered":"https:\/\/nautical.store\/toode\/holebrook-danny-jacket-wp-takki\/"},"modified":"2026-04-26T14:57:46","modified_gmt":"2026-04-26T11:57:46","slug":"holebrook-danny-jacket-wp-takki","status":"publish","type":"product","link":"https:\/\/nautical.store\/fi\/tuote\/holebrook-danny-jacket-wp-takki\/","title":{"rendered":"Holebrook Danny Jacket WP -takki"},"content":{"rendered":"<p data-start=\"0\" data-end=\"227\">Holebrook Danny -takki on suunniteltu vaihteleviin s\u00e4\u00e4olosuhteisiin. Tuulenpit\u00e4v\u00e4 vuori pit\u00e4\u00e4 l\u00e4mpim\u00e4n\u00e4, ja vett\u00e4 hylkiv\u00e4t yksityiskohdat suojaavat kosteudelta. Suora malli tekee siit\u00e4 sopivan sek\u00e4 kaupunkiin ett\u00e4 vapaa-aikaan.<\/p>\n<p data-start=\"229\" data-end=\"243\">Ominaisuudet<\/p>\n<ul data-start=\"244\" data-end=\"399\">\n<li data-section-id=\"17ky2pj\" data-start=\"244\" data-end=\"266\">Tuulenpit\u00e4v\u00e4 vuori<\/li>\n<li data-section-id=\"zcq7eu\" data-start=\"267\" data-end=\"308\">Vett\u00e4 hylkiv\u00e4t tikatut yksityiskohdat<\/li>\n<li data-section-id=\"1klipy1\" data-start=\"309\" data-end=\"334\">Suora ja mukava malli<\/li>\n<li data-section-id=\"1qu09je\" data-start=\"335\" data-end=\"368\">Suuret p\u00e4\u00e4lle ommellut taskut<\/li>\n<li data-section-id=\"w4oaob\" data-start=\"369\" data-end=\"399\">Edess\u00e4 painonappikiinnitys<\/li>\n<\/ul>\n<p data-start=\"401\" data-end=\"411\">Istuvuus<\/p>\n<ul data-start=\"412\" data-end=\"521\">\n<li data-section-id=\"1w8047\" data-start=\"412\" data-end=\"433\">Normaali mitoitus<\/li>\n<li data-section-id=\"ubw9br\" data-start=\"434\" data-end=\"449\">Suora malli<\/li>\n<li data-section-id=\"10rfnpl\" data-start=\"450\" data-end=\"521\">Jos olet kahden koon v\u00e4lill\u00e4, suosittelemme sovittamista myym\u00e4l\u00e4ss\u00e4<\/li>\n<\/ul>\n<p data-start=\"523\" data-end=\"535\">Materiaali<\/p>\n<ul data-start=\"536\" data-end=\"675\">\n<li data-section-id=\"779asz\" data-start=\"536\" data-end=\"567\">100 % luomupuuvillaa (GOTS)<\/li>\n<li data-section-id=\"1b80qp5\" data-start=\"568\" data-end=\"611\">Vuori: 96 % polyesteri\u00e4, 4 % elastaania<\/li>\n<li data-section-id=\"19wxay4\" data-start=\"612\" data-end=\"640\">T\u00e4yte: 100 % polyesteri\u00e4<\/li>\n<li data-section-id=\"y5hclq\" data-start=\"641\" data-end=\"675\">Tikatut osat: 100 % polyamidia<\/li>\n<\/ul>\n<p data-start=\"677\" data-end=\"747\" data-is-last-node=\"\" data-is-only-node=\"\">Valmistus<br data-start=\"686\" data-end=\"689\" \/>Valmistettu Euroopassa kest\u00e4vien periaatteiden mukaisesti.<\/p>\n","protected":false},"excerpt":{"rendered":"<p>Tuulenpit\u00e4v\u00e4 vuorillinen takki \u2013 klassinen malli<\/p>\n","protected":false},"featured_media":97610,"template":"","meta":{"_acf_changed":false},"pwb-brand":[836],"product_brand":[],"product_cat":[777,706,609],"product_tag":[],"woo-feed-brand":[],"class_list":{"0":"post-97942","1":"product","2":"type-product","3":"status-publish","4":"has-post-thumbnail","6":"pwb-brand-holebrook-fi","7":"product_cat-miehet","8":"product_cat-tuulenpitavat-miehet","9":"product_cat-uutuudet-miehet","11":"first","12":"instock","13":"taxable","14":"shipping-taxable","15":"purchasable","16":"product-type-variable","17":"wvs-archive-product-wrapper"},"acf":[],"brands":[{"id":836,"name":"Holebrook","slug":"holebrook-fi"}],"_links":{"self":[{"href":"https:\/\/nautical.store\/fi\/wp-json\/wp\/v2\/product\/97942","targetHints":{"allow":["GET"]}}],"collection":[{"href":"https:\/\/nautical.store\/fi\/wp-json\/wp\/v2\/product"}],"about":[{"href":"https:\/\/nautical.store\/fi\/wp-json\/wp\/v2\/types\/product"}],"wp:featuredmedia":[{"embeddable":true,"href":"https:\/\/nautical.store\/fi\/wp-json\/wp\/v2\/media\/97610"}],"wp:attachment":[{"href":"https:\/\/nautical.store\/fi\/wp-json\/wp\/v2\/media?parent=97942"}],"wp:term":[{"taxonomy":"pwb-brand","embeddable":true,"href":"https:\/\/nautical.store\/fi\/wp-json\/wp\/v2\/pwb-brand?post=97942"},{"taxonomy":"product_brand","embeddable":true,"href":"https:\/\/nautical.store\/fi\/wp-json\/wp\/v2\/product_brand?post=97942"},{"taxonomy":"product_cat","embeddable":true,"href":"https:\/\/nautical.store\/fi\/wp-json\/wp\/v2\/product_cat?post=97942"},{"taxonomy":"product_tag","embeddable":true,"href":"https:\/\/nautical.store\/fi\/wp-json\/wp\/v2\/product_tag?post=97942"},{"taxonomy":"woo-feed-brand","embeddable":true,"href":"https:\/\/nautical.store\/fi\/wp-json\/wp\/v2\/woo-feed-brand?post=97942"}],"curies":[{"name":"wp","href":"https:\/\/api.w.org\/{rel}","templated":true}]}}