{"id":97954,"date":"2026-04-26T15:02:36","date_gmt":"2026-04-26T12:02:36","guid":{"rendered":"https:\/\/nautical.store\/toode\/holebrook-laura-tuulenpitava-liivi\/"},"modified":"2026-04-26T15:02:36","modified_gmt":"2026-04-26T12:02:36","slug":"holebrook-laura-tuulenpitava-liivi","status":"publish","type":"product","link":"https:\/\/nautical.store\/fi\/tuote\/holebrook-laura-tuulenpitava-liivi\/","title":{"rendered":"Holebrook Laura -tuulenpit\u00e4v\u00e4 liivi"},"content":{"rendered":"<p data-start=\"115\" data-end=\"476\">Suunniteltu p\u00e4iviin, jolloin takki on liian l\u00e4mmin ja T-paita liian viile\u00e4. Laura-liivi on neulottu 100 % orgaanisesta puuvillasta, ja siin\u00e4 on tuulenpit\u00e4v\u00e4 vuori. Jokainen liivi on neulottu muotoonsa, mik\u00e4 tarkoittaa v\u00e4hemm\u00e4n saumoja, parempaa istuvuutta ja paremmin muotonsa s\u00e4ilytt\u00e4v\u00e4\u00e4 rakennetta. Sopii sek\u00e4 arkeen ett\u00e4 aktiiviseen ulkoiluun, kuten golfiin.<\/p>\n<ul data-start=\"478\" data-end=\"640\">\n<li data-section-id=\"1u3lzlj\" data-start=\"478\" data-end=\"516\">Tuulenpit\u00e4v\u00e4 vuori suojaa viimalta<\/li>\n<li data-section-id=\"1swclyg\" data-start=\"517\" data-end=\"547\">100 % orgaanista puuvillaa<\/li>\n<li data-section-id=\"1fze5qo\" data-start=\"548\" data-end=\"577\">Sopii kerrospukeutumiseen<\/li>\n<li data-section-id=\"133zloc\" data-start=\"578\" data-end=\"613\">Ajaton ja helposti yhdistelt\u00e4v\u00e4<\/li>\n<li data-section-id=\"12yslyq\" data-start=\"614\" data-end=\"640\">Valmistettu Euroopassa<\/li>\n<\/ul>\n<p data-start=\"642\" data-end=\"653\">Istuvuus:<\/p>\n<ul data-start=\"654\" data-end=\"717\">\n<li data-section-id=\"ubw9br\" data-start=\"654\" data-end=\"669\">Suora malli<\/li>\n<li data-section-id=\"1w8047\" data-start=\"670\" data-end=\"691\">Normaali mitoitus<\/li>\n<li data-section-id=\"r1big9\" data-start=\"692\" data-end=\"717\">Malli k\u00e4ytt\u00e4\u00e4 kokoa S<\/li>\n<\/ul>\n","protected":false},"excerpt":{"rendered":"<p>Naisten neulottu liivi tuulenpit\u00e4v\u00e4ll\u00e4 vuorella<\/p>\n","protected":false},"featured_media":97635,"template":"","meta":{"_acf_changed":false},"pwb-brand":[836],"product_brand":[],"product_cat":[827,1260,1263,1187,710,588],"product_tag":[],"woo-feed-brand":[],"class_list":{"0":"post-97954","1":"product","2":"type-product","3":"status-publish","4":"has-post-thumbnail","6":"pwb-brand-holebrook-fi","7":"product_cat-naiset","8":"product_cat-naisten-golfvaatteet","9":"product_cat-naisten-tuulenkestava-takki","10":"product_cat-tuulenpitavat-fi","11":"product_cat-tuulenpitavat-naiset","12":"product_cat-uutuudet","14":"first","15":"instock","16":"taxable","17":"shipping-taxable","18":"purchasable","19":"product-type-variable","20":"wvs-archive-product-wrapper"},"acf":[],"brands":[{"id":836,"name":"Holebrook","slug":"holebrook-fi"}],"_links":{"self":[{"href":"https:\/\/nautical.store\/fi\/wp-json\/wp\/v2\/product\/97954","targetHints":{"allow":["GET"]}}],"collection":[{"href":"https:\/\/nautical.store\/fi\/wp-json\/wp\/v2\/product"}],"about":[{"href":"https:\/\/nautical.store\/fi\/wp-json\/wp\/v2\/types\/product"}],"wp:featuredmedia":[{"embeddable":true,"href":"https:\/\/nautical.store\/fi\/wp-json\/wp\/v2\/media\/97635"}],"wp:attachment":[{"href":"https:\/\/nautical.store\/fi\/wp-json\/wp\/v2\/media?parent=97954"}],"wp:term":[{"taxonomy":"pwb-brand","embeddable":true,"href":"https:\/\/nautical.store\/fi\/wp-json\/wp\/v2\/pwb-brand?post=97954"},{"taxonomy":"product_brand","embeddable":true,"href":"https:\/\/nautical.store\/fi\/wp-json\/wp\/v2\/product_brand?post=97954"},{"taxonomy":"product_cat","embeddable":true,"href":"https:\/\/nautical.store\/fi\/wp-json\/wp\/v2\/product_cat?post=97954"},{"taxonomy":"product_tag","embeddable":true,"href":"https:\/\/nautical.store\/fi\/wp-json\/wp\/v2\/product_tag?post=97954"},{"taxonomy":"woo-feed-brand","embeddable":true,"href":"https:\/\/nautical.store\/fi\/wp-json\/wp\/v2\/woo-feed-brand?post=97954"}],"curies":[{"name":"wp","href":"https:\/\/api.w.org\/{rel}","templated":true}]}}