{"id":97970,"date":"2026-04-26T15:06:49","date_gmt":"2026-04-26T12:06:49","guid":{"rendered":"https:\/\/nautical.store\/toode\/holebrook-lissie-toppi\/"},"modified":"2026-04-26T15:06:49","modified_gmt":"2026-04-26T12:06:49","slug":"holebrook-lissie-toppi","status":"publish","type":"product","link":"https:\/\/nautical.store\/fi\/tuote\/holebrook-lissie-toppi\/","title":{"rendered":"Holebrook Lissie -toppi"},"content":{"rendered":"<p data-start=\"0\" data-end=\"185\">Holebrook Lissie -toppi on kevyt ja mukava valinta kes\u00e4kauteen. Milano-neuloksesta valmistettu orgaaninen puuvilla s\u00e4ilytt\u00e4\u00e4 hyvin muotonsa ja tuntuu pehme\u00e4lt\u00e4 sek\u00e4 laadukkaalta p\u00e4\u00e4ll\u00e4.<\/p>\n<p data-start=\"187\" data-end=\"289\">V\u00e4lj\u00e4, kevyesti boxy-mallinen leikkaus ja hieman leve\u00e4mm\u00e4t hihat tekev\u00e4t siit\u00e4 helpon yhdist\u00e4\u00e4 arkeen.<\/p>\n<p data-start=\"291\" data-end=\"401\">Yhdist\u00e4 saman sarjan Lissie-bermudoihin tai hameeseen luodaksesi yhten\u00e4isen ja viimeistellyn asukokonaisuuden.<\/p>\n<p data-start=\"403\" data-end=\"417\">Ominaisuudet<\/p>\n<ul data-start=\"418\" data-end=\"601\">\n<li data-section-id=\"k3e2so\" data-start=\"418\" data-end=\"446\">V\u00e4lj\u00e4 ja mukava istuvuus<\/li>\n<li data-section-id=\"11872m3\" data-start=\"447\" data-end=\"495\">Milano-neulos, joka s\u00e4ilytt\u00e4\u00e4 hyvin muotonsa<\/li>\n<li data-section-id=\"1kgs9nm\" data-start=\"496\" data-end=\"524\">Kauluksellinen V-p\u00e4\u00e4ntie<\/li>\n<li data-section-id=\"3oe656\" data-start=\"525\" data-end=\"544\">Leve\u00e4mm\u00e4t hihat<\/li>\n<li data-section-id=\"1xhwn8g\" data-start=\"545\" data-end=\"601\">Sopii yhdistett\u00e4v\u00e4ksi saman sarjan tuotteiden kanssa<\/li>\n<\/ul>\n<p data-start=\"603\" data-end=\"613\">Istuvuus<\/p>\n<ul data-start=\"614\" data-end=\"660\">\n<li data-section-id=\"3lgnyk\" data-start=\"614\" data-end=\"638\">V\u00e4lj\u00e4 ja suora malli<\/li>\n<li data-section-id=\"1w8047\" data-start=\"639\" data-end=\"660\">Normaali mitoitus<\/li>\n<\/ul>\n<p data-start=\"662\" data-end=\"674\">Materiaali<\/p>\n<ul data-start=\"675\" data-end=\"712\">\n<li data-section-id=\"47yeva\" data-start=\"675\" data-end=\"712\">100 % orgaanista puuvillaa (GOTS)<\/li>\n<\/ul>\n<p data-start=\"714\" data-end=\"784\" data-is-last-node=\"\" data-is-only-node=\"\">Valmistus<br data-start=\"723\" data-end=\"726\" \/>Valmistettu Euroopassa kest\u00e4vien periaatteiden mukaisesti.<\/p>\n","protected":false},"excerpt":{"rendered":"<p>Milano-neulottu pikeepaita 100 % orgaanisesta puuvillasta<\/p>\n","protected":false},"featured_media":97660,"template":"","meta":{"_acf_changed":false},"pwb-brand":[836],"product_brand":[],"product_cat":[827,601,588],"product_tag":[],"woo-feed-brand":[],"class_list":{"0":"post-97970","1":"product","2":"type-product","3":"status-publish","4":"has-post-thumbnail","6":"pwb-brand-holebrook-fi","7":"product_cat-naiset","8":"product_cat-neuleet","9":"product_cat-uutuudet","11":"first","12":"instock","13":"taxable","14":"shipping-taxable","15":"purchasable","16":"product-type-variable","17":"wvs-archive-product-wrapper"},"acf":[],"brands":[{"id":836,"name":"Holebrook","slug":"holebrook-fi"}],"_links":{"self":[{"href":"https:\/\/nautical.store\/fi\/wp-json\/wp\/v2\/product\/97970","targetHints":{"allow":["GET"]}}],"collection":[{"href":"https:\/\/nautical.store\/fi\/wp-json\/wp\/v2\/product"}],"about":[{"href":"https:\/\/nautical.store\/fi\/wp-json\/wp\/v2\/types\/product"}],"wp:featuredmedia":[{"embeddable":true,"href":"https:\/\/nautical.store\/fi\/wp-json\/wp\/v2\/media\/97660"}],"wp:attachment":[{"href":"https:\/\/nautical.store\/fi\/wp-json\/wp\/v2\/media?parent=97970"}],"wp:term":[{"taxonomy":"pwb-brand","embeddable":true,"href":"https:\/\/nautical.store\/fi\/wp-json\/wp\/v2\/pwb-brand?post=97970"},{"taxonomy":"product_brand","embeddable":true,"href":"https:\/\/nautical.store\/fi\/wp-json\/wp\/v2\/product_brand?post=97970"},{"taxonomy":"product_cat","embeddable":true,"href":"https:\/\/nautical.store\/fi\/wp-json\/wp\/v2\/product_cat?post=97970"},{"taxonomy":"product_tag","embeddable":true,"href":"https:\/\/nautical.store\/fi\/wp-json\/wp\/v2\/product_tag?post=97970"},{"taxonomy":"woo-feed-brand","embeddable":true,"href":"https:\/\/nautical.store\/fi\/wp-json\/wp\/v2\/woo-feed-brand?post=97970"}],"curies":[{"name":"wp","href":"https:\/\/api.w.org\/{rel}","templated":true}]}}