{"id":98007,"date":"2026-04-21T08:17:54","date_gmt":"2026-04-21T05:17:54","guid":{"rendered":"https:\/\/nautical.store\/toode\/henri-lloyd-skerries-pipo\/"},"modified":"2026-04-21T08:17:54","modified_gmt":"2026-04-21T05:17:54","slug":"henri-lloyd-skerries-pipo","status":"publish","type":"product","link":"https:\/\/nautical.store\/fi\/tuote\/henri-lloyd-skerries-pipo\/","title":{"rendered":"Henri Lloyd Skerries -pipo"},"content":{"rendered":"<p data-start=\"0\" data-end=\"309\">Ajaton ja mukava pipo ymp\u00e4rivuotiseen k\u00e4ytt\u00f6\u00f6n. Valmistettu 100 % luomupuuvillasta, joka on pehme\u00e4, hengitt\u00e4v\u00e4 ja miellytt\u00e4v\u00e4 ihoa vasten. Klassinen paksumpi ribbineulos pit\u00e4\u00e4 hyvin muotonsa, ja k\u00e4\u00e4nnett\u00e4v\u00e4 reuna mahdollistaa istuvuuden s\u00e4\u00e4t\u00e4misen. Viimeistellyn ilmeen viimeistelee hillitty brodeerattu logo.<\/p>\n<ul data-start=\"329\" data-end=\"442\">\n<li data-section-id=\"1gyeesm\" data-start=\"329\" data-end=\"367\">Paksu ribbineulos (kalastajamalli)<\/li>\n<li data-section-id=\"rqjl3w\" data-start=\"368\" data-end=\"391\">100 % luomupuuvilla<\/li>\n<li data-section-id=\"1jiyrjx\" data-start=\"392\" data-end=\"413\">K\u00e4\u00e4nnett\u00e4v\u00e4 reuna<\/li>\n<li data-section-id=\"1omwrfq\" data-start=\"414\" data-end=\"442\">Brodeerattu logo sivussa<\/li>\n<\/ul>\n<p data-start=\"444\" data-end=\"459\">Materiaali:<\/p>\n<ul data-start=\"460\" data-end=\"481\" data-is-last-node=\"\" data-is-only-node=\"\">\n<li data-section-id=\"1bbb6ho\" data-start=\"460\" data-end=\"481\" data-is-last-node=\"\">100 % luomupuuvilla<\/li>\n<\/ul>\n","protected":false},"excerpt":{"rendered":"<p>Ajaton ja mukava pipo ymp\u00e4rivuotiseen k\u00e4ytt\u00f6\u00f6n. Valmistettu 100 % luomupuuvillasta, joka on pehme\u00e4, hengitt\u00e4v\u00e4 ja miellytt\u00e4v\u00e4 ihoa vasten. Klassinen paksumpi ribbineulos pit\u00e4\u00e4 hyvin muotonsa, ja k\u00e4\u00e4nnett\u00e4v\u00e4 reuna mahdollistaa istuvuuden s\u00e4\u00e4t\u00e4misen. Viimeistellyn ilmeen viimeistelee hillitty brodeerattu logo. Paksu ribbineulos (kalastajamalli) 100 % luomupuuvilla K\u00e4\u00e4nnett\u00e4v\u00e4 reuna Brodeerattu logo sivussa Materiaali: 100 % luomupuuvilla<\/p>\n","protected":false},"featured_media":97994,"template":"","meta":{"_acf_changed":false},"pwb-brand":[2665],"product_brand":[],"product_cat":[926,628,629,777,1269,588,609],"product_tag":[],"woo-feed-brand":[],"class_list":{"0":"post-98007","1":"product","2":"type-product","3":"status-publish","4":"has-post-thumbnail","6":"pwb-brand-henri-lloyd-fi","7":"product_cat-asusteet-fi","8":"product_cat-asusteet","9":"product_cat-asusteet-naiset","10":"product_cat-miehet","11":"product_cat-purjehdus","12":"product_cat-uutuudet","13":"product_cat-uutuudet-miehet","15":"first","16":"instock","17":"taxable","18":"shipping-taxable","19":"purchasable","20":"product-type-variable","21":"wvs-archive-product-wrapper"},"acf":[],"brands":[{"id":2665,"name":"Henri Lloyd","slug":"henri-lloyd-fi"}],"_links":{"self":[{"href":"https:\/\/nautical.store\/fi\/wp-json\/wp\/v2\/product\/98007","targetHints":{"allow":["GET"]}}],"collection":[{"href":"https:\/\/nautical.store\/fi\/wp-json\/wp\/v2\/product"}],"about":[{"href":"https:\/\/nautical.store\/fi\/wp-json\/wp\/v2\/types\/product"}],"wp:featuredmedia":[{"embeddable":true,"href":"https:\/\/nautical.store\/fi\/wp-json\/wp\/v2\/media\/97994"}],"wp:attachment":[{"href":"https:\/\/nautical.store\/fi\/wp-json\/wp\/v2\/media?parent=98007"}],"wp:term":[{"taxonomy":"pwb-brand","embeddable":true,"href":"https:\/\/nautical.store\/fi\/wp-json\/wp\/v2\/pwb-brand?post=98007"},{"taxonomy":"product_brand","embeddable":true,"href":"https:\/\/nautical.store\/fi\/wp-json\/wp\/v2\/product_brand?post=98007"},{"taxonomy":"product_cat","embeddable":true,"href":"https:\/\/nautical.store\/fi\/wp-json\/wp\/v2\/product_cat?post=98007"},{"taxonomy":"product_tag","embeddable":true,"href":"https:\/\/nautical.store\/fi\/wp-json\/wp\/v2\/product_tag?post=98007"},{"taxonomy":"woo-feed-brand","embeddable":true,"href":"https:\/\/nautical.store\/fi\/wp-json\/wp\/v2\/woo-feed-brand?post=98007"}],"curies":[{"name":"wp","href":"https:\/\/api.w.org\/{rel}","templated":true}]}}