{"id":98059,"date":"2026-04-21T08:54:14","date_gmt":"2026-04-21T05:54:14","guid":{"rendered":"https:\/\/nautical.store\/toode\/henri-lloyd-henri-lippis\/"},"modified":"2026-04-21T08:54:14","modified_gmt":"2026-04-21T05:54:14","slug":"henri-lloyd-henri-lippis","status":"publish","type":"product","link":"https:\/\/nautical.store\/fi\/tuote\/henri-lloyd-henri-lippis\/","title":{"rendered":"Henri Lloyd Henri lippis"},"content":{"rendered":"<p data-start=\"0\" data-end=\"259\">Klassinen lippis jokap\u00e4iv\u00e4iseen k\u00e4ytt\u00f6\u00f6n. Valmistettu 100 % luomupuuvillasta, joka on hengitt\u00e4v\u00e4 ja mukava my\u00f6s aktiivisessa k\u00e4yt\u00f6ss\u00e4 tai l\u00e4mpim\u00e4ll\u00e4 s\u00e4\u00e4ll\u00e4. Tuuletusaukot auttavat pit\u00e4m\u00e4\u00e4n p\u00e4\u00e4n viile\u00e4n\u00e4, ja kosteutta siirt\u00e4v\u00e4 sis\u00e4nauha lis\u00e4\u00e4 k\u00e4ytt\u00f6mukavuutta.<\/p>\n<p data-start=\"261\" data-end=\"428\">Edess\u00e4 on brodeerattu Henri-Lloyd-logo, joka antaa lippikselle tunnistettavan ja laadukkaan ilmeen. Takana oleva s\u00e4\u00e4dett\u00e4v\u00e4 metallisolki mahdollistaa hyv\u00e4n istuvuuden.<\/p>\n<ul data-start=\"444\" data-end=\"650\">\n<li data-section-id=\"y287b2\" data-start=\"444\" data-end=\"484\">100 % luomupuuvillaa, harjattu twill<\/li>\n<li data-section-id=\"1ly3p3n\" data-start=\"485\" data-end=\"528\">Tuuletusaukot parempaan hengitt\u00e4vyyteen<\/li>\n<li data-section-id=\"1wr36fy\" data-start=\"529\" data-end=\"556\">Brodeerattu logo edess\u00e4<\/li>\n<li data-section-id=\"9tzi3g\" data-start=\"557\" data-end=\"582\">Br\u00e4nd\u00e4tty lipan reuna<\/li>\n<li data-section-id=\"1cpkmwq\" data-start=\"583\" data-end=\"617\">S\u00e4\u00e4dett\u00e4v\u00e4 metallisolki takana<\/li>\n<li data-section-id=\"67rwn\" data-start=\"618\" data-end=\"650\">Kosteutta siirt\u00e4v\u00e4 sis\u00e4nauha<\/li>\n<\/ul>\n<p data-start=\"652\" data-end=\"663\">Materiaali:<\/p>\n<ul data-start=\"664\" data-end=\"685\" data-is-last-node=\"\" data-is-only-node=\"\">\n<li data-section-id=\"1bbb6ho\" data-start=\"664\" data-end=\"685\" data-is-last-node=\"\">100 % luomupuuvilla<\/li>\n<\/ul>\n","protected":false},"excerpt":{"rendered":"<p>Klassinen lippis jokap\u00e4iv\u00e4iseen k\u00e4ytt\u00f6\u00f6n. Valmistettu 100 % luomupuuvillasta, joka on hengitt\u00e4v\u00e4 ja mukava my\u00f6s aktiivisessa k\u00e4yt\u00f6ss\u00e4 tai l\u00e4mpim\u00e4ll\u00e4 s\u00e4\u00e4ll\u00e4. Tuuletusaukot auttavat pit\u00e4m\u00e4\u00e4n p\u00e4\u00e4n viile\u00e4n\u00e4, ja kosteutta siirt\u00e4v\u00e4 sis\u00e4nauha lis\u00e4\u00e4 k\u00e4ytt\u00f6mukavuutta. Edess\u00e4 on brodeerattu Henri-Lloyd-logo, joka antaa lippikselle tunnistettavan ja laadukkaan ilmeen. Takana oleva s\u00e4\u00e4dett\u00e4v\u00e4 metallisolki mahdollistaa hyv\u00e4n istuvuuden. 100 % luomupuuvillaa, harjattu twill Tuuletusaukot parempaan [&hellip;]<\/p>\n","protected":false},"featured_media":98057,"template":"","meta":{"_acf_changed":false},"pwb-brand":[2665],"product_brand":[],"product_cat":[628,926,1180,777,1269,609],"product_tag":[],"woo-feed-brand":[],"class_list":{"0":"post-98059","1":"product","2":"type-product","3":"status-publish","4":"has-post-thumbnail","6":"pwb-brand-henri-lloyd-fi","7":"product_cat-asusteet","8":"product_cat-asusteet-fi","9":"product_cat-golf-fi","10":"product_cat-miehet","11":"product_cat-purjehdus","12":"product_cat-uutuudet-miehet","14":"first","15":"instock","16":"taxable","17":"shipping-taxable","18":"purchasable","19":"product-type-simple"},"acf":[],"brands":[{"id":2665,"name":"Henri Lloyd","slug":"henri-lloyd-fi"}],"_links":{"self":[{"href":"https:\/\/nautical.store\/fi\/wp-json\/wp\/v2\/product\/98059","targetHints":{"allow":["GET"]}}],"collection":[{"href":"https:\/\/nautical.store\/fi\/wp-json\/wp\/v2\/product"}],"about":[{"href":"https:\/\/nautical.store\/fi\/wp-json\/wp\/v2\/types\/product"}],"wp:featuredmedia":[{"embeddable":true,"href":"https:\/\/nautical.store\/fi\/wp-json\/wp\/v2\/media\/98057"}],"wp:attachment":[{"href":"https:\/\/nautical.store\/fi\/wp-json\/wp\/v2\/media?parent=98059"}],"wp:term":[{"taxonomy":"pwb-brand","embeddable":true,"href":"https:\/\/nautical.store\/fi\/wp-json\/wp\/v2\/pwb-brand?post=98059"},{"taxonomy":"product_brand","embeddable":true,"href":"https:\/\/nautical.store\/fi\/wp-json\/wp\/v2\/product_brand?post=98059"},{"taxonomy":"product_cat","embeddable":true,"href":"https:\/\/nautical.store\/fi\/wp-json\/wp\/v2\/product_cat?post=98059"},{"taxonomy":"product_tag","embeddable":true,"href":"https:\/\/nautical.store\/fi\/wp-json\/wp\/v2\/product_tag?post=98059"},{"taxonomy":"woo-feed-brand","embeddable":true,"href":"https:\/\/nautical.store\/fi\/wp-json\/wp\/v2\/woo-feed-brand?post=98059"}],"curies":[{"name":"wp","href":"https:\/\/api.w.org\/{rel}","templated":true}]}}