{"id":98060,"date":"2026-04-26T13:53:49","date_gmt":"2026-04-26T10:53:49","guid":{"rendered":"https:\/\/nautical.store\/toode\/holebrook-vincent-neulepaita\/"},"modified":"2026-04-26T13:53:49","modified_gmt":"2026-04-26T10:53:49","slug":"holebrook-vincent-neulepaita","status":"publish","type":"product","link":"https:\/\/nautical.store\/fi\/tuote\/holebrook-vincent-neulepaita\/","title":{"rendered":"Holebrook Vincent -neulepaita"},"content":{"rendered":"<p data-start=\"0\" data-end=\"322\">Kevyt ja mukava neulepaita jokap\u00e4iv\u00e4iseen k\u00e4ytt\u00f6\u00f6n. Valmistettu 100 % puuvillasta, joka on hengitt\u00e4v\u00e4 ja miellytt\u00e4v\u00e4 ihoa vasten. Lyhythihainen bowling-tyylinen paita, jossa on V-p\u00e4\u00e4ntie, kaulus ja napitus edess\u00e4. Suora malli istuu hyvin, ja selke\u00e4t neulokset antavat siistin ja huolitellun ilmeen. Valmistettu Euroopassa.<\/p>\n<ul data-start=\"338\" data-end=\"440\">\n<li data-section-id=\"ubw9br\" data-start=\"338\" data-end=\"353\">Suora malli<\/li>\n<li data-section-id=\"1thcegb\" data-start=\"354\" data-end=\"377\">V-p\u00e4\u00e4ntie ja kaulus<\/li>\n<li data-section-id=\"v9ixu4\" data-start=\"378\" data-end=\"396\">Napitus edess\u00e4<\/li>\n<li data-section-id=\"4ocr35\" data-start=\"397\" data-end=\"413\">Lyhyet hihat<\/li>\n<li data-section-id=\"12yslyq\" data-start=\"414\" data-end=\"440\">Valmistettu Euroopassa<\/li>\n<\/ul>\n<p data-start=\"442\" data-end=\"453\">Materiaali:<\/p>\n<ul data-start=\"454\" data-end=\"470\" data-is-last-node=\"\" data-is-only-node=\"\">\n<li data-section-id=\"vjnhgy\" data-start=\"454\" data-end=\"470\" data-is-last-node=\"\">100 % puuvilla<\/li>\n<\/ul>\n","protected":false},"excerpt":{"rendered":"<p>Kevyt ja mukava neulepaita jokap\u00e4iv\u00e4iseen k\u00e4ytt\u00f6\u00f6n. Valmistettu 100 % puuvillasta, joka on hengitt\u00e4v\u00e4 ja miellytt\u00e4v\u00e4 ihoa vasten. Lyhythihainen bowling-tyylinen paita, jossa on V-p\u00e4\u00e4ntie, kaulus ja napitus edess\u00e4. Suora malli istuu hyvin, ja selke\u00e4t neulokset antavat siistin ja huolitellun ilmeen. Valmistettu Euroopassa. Suora malli V-p\u00e4\u00e4ntie ja kaulus Napitus edess\u00e4 Lyhyet hihat Valmistettu Euroopassa Materiaali: 100 % [&hellip;]<\/p>\n","protected":false},"featured_media":98022,"template":"","meta":{"_acf_changed":false},"pwb-brand":[836],"product_brand":[],"product_cat":[777,619,633,609],"product_tag":[],"woo-feed-brand":[],"class_list":{"0":"post-98060","1":"product","2":"type-product","3":"status-publish","4":"has-post-thumbnail","6":"pwb-brand-holebrook-fi","7":"product_cat-miehet","8":"product_cat-neuleet-miehet","9":"product_cat-paidat-fi","10":"product_cat-uutuudet-miehet","12":"first","13":"instock","14":"taxable","15":"shipping-taxable","16":"purchasable","17":"product-type-variable","18":"wvs-archive-product-wrapper"},"acf":[],"brands":[{"id":836,"name":"Holebrook","slug":"holebrook-fi"}],"_links":{"self":[{"href":"https:\/\/nautical.store\/fi\/wp-json\/wp\/v2\/product\/98060","targetHints":{"allow":["GET"]}}],"collection":[{"href":"https:\/\/nautical.store\/fi\/wp-json\/wp\/v2\/product"}],"about":[{"href":"https:\/\/nautical.store\/fi\/wp-json\/wp\/v2\/types\/product"}],"wp:featuredmedia":[{"embeddable":true,"href":"https:\/\/nautical.store\/fi\/wp-json\/wp\/v2\/media\/98022"}],"wp:attachment":[{"href":"https:\/\/nautical.store\/fi\/wp-json\/wp\/v2\/media?parent=98060"}],"wp:term":[{"taxonomy":"pwb-brand","embeddable":true,"href":"https:\/\/nautical.store\/fi\/wp-json\/wp\/v2\/pwb-brand?post=98060"},{"taxonomy":"product_brand","embeddable":true,"href":"https:\/\/nautical.store\/fi\/wp-json\/wp\/v2\/product_brand?post=98060"},{"taxonomy":"product_cat","embeddable":true,"href":"https:\/\/nautical.store\/fi\/wp-json\/wp\/v2\/product_cat?post=98060"},{"taxonomy":"product_tag","embeddable":true,"href":"https:\/\/nautical.store\/fi\/wp-json\/wp\/v2\/product_tag?post=98060"},{"taxonomy":"woo-feed-brand","embeddable":true,"href":"https:\/\/nautical.store\/fi\/wp-json\/wp\/v2\/woo-feed-brand?post=98060"}],"curies":[{"name":"wp","href":"https:\/\/api.w.org\/{rel}","templated":true}]}}