{"id":98075,"date":"2026-04-26T14:51:10","date_gmt":"2026-04-26T11:51:10","guid":{"rendered":"https:\/\/nautical.store\/toode\/holebrook-marie-kolmiohuivi\/"},"modified":"2026-04-26T14:51:10","modified_gmt":"2026-04-26T11:51:10","slug":"holebrook-marie-kolmiohuivi","status":"publish","type":"product","link":"https:\/\/nautical.store\/fi\/tuote\/holebrook-marie-kolmiohuivi\/","title":{"rendered":"Holebrook Marie -kolmiohuivi"},"content":{"rendered":"<p data-start=\"0\" data-end=\"372\">Kevyt ja monik\u00e4ytt\u00f6inen kolmiohuivi, jota voi k\u00e4ytt\u00e4\u00e4 monella eri tavalla. Valmistettu laadukkaasta puuvillaisesta popliinista, joka on hengitt\u00e4v\u00e4 ja pit\u00e4\u00e4 hyvin muotonsa. Sopii k\u00e4ytett\u00e4v\u00e4ksi niin kaulassa kuin p\u00e4\u00e4ss\u00e4, tuoden helposti lis\u00e4\u00e4 tyyli\u00e4 asuun. Viimeistelty brodeeratulla logolla. Sopii hyvin yhteen muiden Marie-sarjan tuotteiden kanssa. Valmistettu Euroopassa.<\/p>\n<ul data-start=\"388\" data-end=\"538\">\n<li data-section-id=\"7gq613\" data-start=\"388\" data-end=\"410\">Kolmiomainen muoto<\/li>\n<li data-section-id=\"1qdwsd7\" data-start=\"411\" data-end=\"461\">Kevyt ja muotonsa pit\u00e4v\u00e4 puuvillainen popliini<\/li>\n<li data-section-id=\"wm0c2e\" data-start=\"462\" data-end=\"490\">Monipuoliset k\u00e4ytt\u00f6tavat<\/li>\n<li data-section-id=\"8u3866\" data-start=\"491\" data-end=\"511\">Brodeerattu logo<\/li>\n<li data-section-id=\"12yslyq\" data-start=\"512\" data-end=\"538\">Valmistettu Euroopassa<\/li>\n<\/ul>\n<p data-start=\"540\" data-end=\"551\">Materiaali:<\/p>\n<ul data-start=\"552\" data-end=\"568\" data-is-last-node=\"\" data-is-only-node=\"\">\n<li data-section-id=\"vjnhgy\" data-start=\"552\" data-end=\"568\" data-is-last-node=\"\">100 % puuvilla<\/li>\n<\/ul>\n","protected":false},"excerpt":{"rendered":"<p>Kevyt ja monik\u00e4ytt\u00f6inen kolmiohuivi, jota voi k\u00e4ytt\u00e4\u00e4 monella eri tavalla. Valmistettu laadukkaasta puuvillaisesta popliinista, joka on hengitt\u00e4v\u00e4 ja pit\u00e4\u00e4 hyvin muotonsa. Sopii k\u00e4ytett\u00e4v\u00e4ksi niin kaulassa kuin p\u00e4\u00e4ss\u00e4, tuoden helposti lis\u00e4\u00e4 tyyli\u00e4 asuun. Viimeistelty brodeeratulla logolla. Sopii hyvin yhteen muiden Marie-sarjan tuotteiden kanssa. Valmistettu Euroopassa. Kolmiomainen muoto Kevyt ja muotonsa pit\u00e4v\u00e4 puuvillainen popliini Monipuoliset k\u00e4ytt\u00f6tavat Brodeerattu [&hellip;]<\/p>\n","protected":false},"featured_media":98067,"template":"","meta":{"_acf_changed":false},"pwb-brand":[836],"product_brand":[],"product_cat":[629,827,588],"product_tag":[],"woo-feed-brand":[],"class_list":{"0":"post-98075","1":"product","2":"type-product","3":"status-publish","4":"has-post-thumbnail","6":"pwb-brand-holebrook-fi","7":"product_cat-asusteet-naiset","8":"product_cat-naiset","9":"product_cat-uutuudet","11":"first","12":"instock","13":"taxable","14":"shipping-taxable","15":"purchasable","16":"product-type-simple"},"acf":[],"brands":[{"id":836,"name":"Holebrook","slug":"holebrook-fi"}],"_links":{"self":[{"href":"https:\/\/nautical.store\/fi\/wp-json\/wp\/v2\/product\/98075","targetHints":{"allow":["GET"]}}],"collection":[{"href":"https:\/\/nautical.store\/fi\/wp-json\/wp\/v2\/product"}],"about":[{"href":"https:\/\/nautical.store\/fi\/wp-json\/wp\/v2\/types\/product"}],"wp:featuredmedia":[{"embeddable":true,"href":"https:\/\/nautical.store\/fi\/wp-json\/wp\/v2\/media\/98067"}],"wp:attachment":[{"href":"https:\/\/nautical.store\/fi\/wp-json\/wp\/v2\/media?parent=98075"}],"wp:term":[{"taxonomy":"pwb-brand","embeddable":true,"href":"https:\/\/nautical.store\/fi\/wp-json\/wp\/v2\/pwb-brand?post=98075"},{"taxonomy":"product_brand","embeddable":true,"href":"https:\/\/nautical.store\/fi\/wp-json\/wp\/v2\/product_brand?post=98075"},{"taxonomy":"product_cat","embeddable":true,"href":"https:\/\/nautical.store\/fi\/wp-json\/wp\/v2\/product_cat?post=98075"},{"taxonomy":"product_tag","embeddable":true,"href":"https:\/\/nautical.store\/fi\/wp-json\/wp\/v2\/product_tag?post=98075"},{"taxonomy":"woo-feed-brand","embeddable":true,"href":"https:\/\/nautical.store\/fi\/wp-json\/wp\/v2\/woo-feed-brand?post=98075"}],"curies":[{"name":"wp","href":"https:\/\/api.w.org\/{rel}","templated":true}]}}