{"id":98105,"date":"2026-04-26T14:54:17","date_gmt":"2026-04-26T11:54:17","guid":{"rendered":"https:\/\/nautical.store\/toode\/holebrook-tuulenpitava-takki-essie\/"},"modified":"2026-04-26T14:54:17","modified_gmt":"2026-04-26T11:54:17","slug":"holebrook-tuulenpitava-takki-essie","status":"publish","type":"product","link":"https:\/\/nautical.store\/fi\/tuote\/holebrook-tuulenpitava-takki-essie\/","title":{"rendered":"Holebrook tuulenpit\u00e4v\u00e4 takki Essie"},"content":{"rendered":"<p data-start=\"0\" data-end=\"353\">Mukava ja k\u00e4yt\u00e4nn\u00f6llinen tuulenpit\u00e4v\u00e4 neule viile\u00e4mpiin p\u00e4iviin. Valmistettu pehme\u00e4st\u00e4 villasekoitteesta, joka pit\u00e4\u00e4 l\u00e4mpim\u00e4n\u00e4, ja vuori tuntuu miellytt\u00e4v\u00e4lt\u00e4 ihoa vasten. Patenttineulos antaa neuleelle ryhti\u00e4 ja auttaa s\u00e4ilytt\u00e4m\u00e4\u00e4n muotonsa.\u00a0 Vetoketjullinen malli on helppo pukea ja riisua, ja sit\u00e4 voi k\u00e4ytt\u00e4\u00e4 sek\u00e4 v\u00e4likerroksena ett\u00e4 kevyen\u00e4 ulkoneuleena. Essie tuulenpit\u00e4v\u00e4 takki sopii erinomaisesti ulkoiluun, m\u00f6kkip\u00e4iviin, koiran ulkoilutukseen ja kaikkeen arkiseen tekemiseen, jossa arvostetaan l\u00e4mp\u00f6\u00e4, liikkumavapautta ja toimivuutta s\u00e4\u00e4ss\u00e4 kuin s\u00e4\u00e4ss\u00e4.<\/p>\n<p data-start=\"355\" data-end=\"552\">Sis\u00e4inen tuulenpit\u00e4v\u00e4 vuori auttaa s\u00e4ilytt\u00e4m\u00e4\u00e4n l\u00e4mm\u00f6n ja lis\u00e4\u00e4 k\u00e4ytt\u00f6mukavuutta my\u00f6s tuulisella s\u00e4\u00e4ll\u00e4. Raglanhihat takaavat hyv\u00e4n liikkuvuuden, ja suora malli istuu hyvin. Valmistettu Euroopassa.<\/p>\n<ul data-start=\"568\" data-end=\"715\">\n<li data-section-id=\"ubw9br\" data-start=\"568\" data-end=\"583\">Suora malli<\/li>\n<li data-section-id=\"17ky2pj\" data-start=\"584\" data-end=\"606\">Tuulenpit\u00e4v\u00e4 vuori<\/li>\n<li data-section-id=\"pejk8o\" data-start=\"607\" data-end=\"640\">Patenttineulos raglanhihoilla<\/li>\n<li data-section-id=\"zyal6\" data-start=\"641\" data-end=\"670\">Kaksisuuntainen vetoketju<\/li>\n<li data-section-id=\"1elmvs4\" data-start=\"671\" data-end=\"688\">Korkea kaulus<\/li>\n<li data-section-id=\"12yslyq\" data-start=\"689\" data-end=\"715\">Valmistettu Euroopassa<\/li>\n<\/ul>\n<p data-start=\"717\" data-end=\"728\">Materiaali:<\/p>\n<ul data-start=\"729\" data-end=\"820\" data-is-last-node=\"\" data-is-only-node=\"\">\n<li data-section-id=\"8rc35y\" data-start=\"729\" data-end=\"767\">Neulos: 80 % villa, 20 % polyamidi<\/li>\n<li data-section-id=\"fq6azo\" data-start=\"768\" data-end=\"820\" data-is-last-node=\"\">Tuulenpit\u00e4v\u00e4 vuori: 96 % polyesteri, 4 % elastaani<\/li>\n<\/ul>\n","protected":false},"excerpt":{"rendered":"<p>Naisten tuulenpit\u00e4v\u00e4 vetoketjullinen neule<\/p>\n","protected":false},"featured_media":98094,"template":"","meta":{"_acf_changed":false},"pwb-brand":[836],"product_brand":[],"product_cat":[827,710,588],"product_tag":[],"woo-feed-brand":[],"class_list":{"0":"post-98105","1":"product","2":"type-product","3":"status-publish","4":"has-post-thumbnail","6":"pwb-brand-holebrook-fi","7":"product_cat-naiset","8":"product_cat-tuulenpitavat-naiset","9":"product_cat-uutuudet","11":"first","12":"instock","13":"taxable","14":"shipping-taxable","15":"purchasable","16":"product-type-variable","17":"wvs-archive-product-wrapper"},"acf":[],"brands":[{"id":836,"name":"Holebrook","slug":"holebrook-fi"}],"_links":{"self":[{"href":"https:\/\/nautical.store\/fi\/wp-json\/wp\/v2\/product\/98105","targetHints":{"allow":["GET"]}}],"collection":[{"href":"https:\/\/nautical.store\/fi\/wp-json\/wp\/v2\/product"}],"about":[{"href":"https:\/\/nautical.store\/fi\/wp-json\/wp\/v2\/types\/product"}],"wp:featuredmedia":[{"embeddable":true,"href":"https:\/\/nautical.store\/fi\/wp-json\/wp\/v2\/media\/98094"}],"wp:attachment":[{"href":"https:\/\/nautical.store\/fi\/wp-json\/wp\/v2\/media?parent=98105"}],"wp:term":[{"taxonomy":"pwb-brand","embeddable":true,"href":"https:\/\/nautical.store\/fi\/wp-json\/wp\/v2\/pwb-brand?post=98105"},{"taxonomy":"product_brand","embeddable":true,"href":"https:\/\/nautical.store\/fi\/wp-json\/wp\/v2\/product_brand?post=98105"},{"taxonomy":"product_cat","embeddable":true,"href":"https:\/\/nautical.store\/fi\/wp-json\/wp\/v2\/product_cat?post=98105"},{"taxonomy":"product_tag","embeddable":true,"href":"https:\/\/nautical.store\/fi\/wp-json\/wp\/v2\/product_tag?post=98105"},{"taxonomy":"woo-feed-brand","embeddable":true,"href":"https:\/\/nautical.store\/fi\/wp-json\/wp\/v2\/woo-feed-brand?post=98105"}],"curies":[{"name":"wp","href":"https:\/\/api.w.org\/{rel}","templated":true}]}}