{"id":98126,"date":"2026-04-26T15:10:13","date_gmt":"2026-04-26T12:10:13","guid":{"rendered":"https:\/\/nautical.store\/toode\/holebrook-lissie-hame\/"},"modified":"2026-04-26T15:10:13","modified_gmt":"2026-04-26T12:10:13","slug":"holebrook-lissie-hame","status":"publish","type":"product","link":"https:\/\/nautical.store\/fi\/tuote\/holebrook-lissie-hame\/","title":{"rendered":"Holebrook Lissie &#8211; Hame"},"content":{"rendered":"<p data-start=\"0\" data-end=\"337\">Milano-neuloksesta valmistettu hame 100 % luomupuuvillasta. Mukava joustava vy\u00f6t\u00e4r\u00f6 tekee t\u00e4st\u00e4 minihameesta miellytt\u00e4v\u00e4n k\u00e4ytt\u00e4\u00e4. Selke\u00e4, kevyesti A-linjainen malli ja mini-pituus luovat naisellisen ja ajattoman siluetin. Sopii hyvin yhteen Lissie-neuleen tai Lissie-topin kanssa yhten\u00e4iseksi asukokonaisuudeksi. Valmistettu Euroopassa.<\/p>\n<p data-start=\"339\" data-end=\"352\">Ominaisuudet:<\/p>\n<ul data-start=\"353\" data-end=\"475\">\n<li data-section-id=\"3220q8\" data-start=\"353\" data-end=\"393\">Normaali, kevyesti A-linjainen malli<\/li>\n<li data-section-id=\"1rqjkhv\" data-start=\"394\" data-end=\"411\">Milano-neulos<\/li>\n<li data-section-id=\"13k67yc\" data-start=\"412\" data-end=\"432\">Joustava vy\u00f6t\u00e4r\u00f6<\/li>\n<li data-section-id=\"1hyovbs\" data-start=\"433\" data-end=\"448\">Mini-pituus<\/li>\n<li data-section-id=\"12yslyq\" data-start=\"449\" data-end=\"475\">Valmistettu Euroopassa<\/li>\n<\/ul>\n<p data-start=\"477\" data-end=\"488\">Materiaali:<\/p>\n<ul data-start=\"489\" data-end=\"525\" data-is-last-node=\"\" data-is-only-node=\"\">\n<li data-section-id=\"1o4efeu\" data-start=\"489\" data-end=\"525\" data-is-last-node=\"\">Neulos: 100 % luomupuuvilla (GOTS)<\/li>\n<\/ul>\n","protected":false},"excerpt":{"rendered":"<p>Naisten A-linjainen minihame<\/p>\n","protected":false},"featured_media":98120,"template":"","meta":{"_acf_changed":false},"pwb-brand":[836],"product_brand":[],"product_cat":[639,827,588],"product_tag":[],"woo-feed-brand":[],"class_list":{"0":"post-98126","1":"product","2":"type-product","3":"status-publish","4":"has-post-thumbnail","6":"pwb-brand-holebrook-fi","7":"product_cat-hameet","8":"product_cat-naiset","9":"product_cat-uutuudet","11":"first","12":"instock","13":"taxable","14":"shipping-taxable","15":"purchasable","16":"product-type-variable","17":"wvs-archive-product-wrapper"},"acf":[],"brands":[{"id":836,"name":"Holebrook","slug":"holebrook-fi"}],"_links":{"self":[{"href":"https:\/\/nautical.store\/fi\/wp-json\/wp\/v2\/product\/98126","targetHints":{"allow":["GET"]}}],"collection":[{"href":"https:\/\/nautical.store\/fi\/wp-json\/wp\/v2\/product"}],"about":[{"href":"https:\/\/nautical.store\/fi\/wp-json\/wp\/v2\/types\/product"}],"wp:featuredmedia":[{"embeddable":true,"href":"https:\/\/nautical.store\/fi\/wp-json\/wp\/v2\/media\/98120"}],"wp:attachment":[{"href":"https:\/\/nautical.store\/fi\/wp-json\/wp\/v2\/media?parent=98126"}],"wp:term":[{"taxonomy":"pwb-brand","embeddable":true,"href":"https:\/\/nautical.store\/fi\/wp-json\/wp\/v2\/pwb-brand?post=98126"},{"taxonomy":"product_brand","embeddable":true,"href":"https:\/\/nautical.store\/fi\/wp-json\/wp\/v2\/product_brand?post=98126"},{"taxonomy":"product_cat","embeddable":true,"href":"https:\/\/nautical.store\/fi\/wp-json\/wp\/v2\/product_cat?post=98126"},{"taxonomy":"product_tag","embeddable":true,"href":"https:\/\/nautical.store\/fi\/wp-json\/wp\/v2\/product_tag?post=98126"},{"taxonomy":"woo-feed-brand","embeddable":true,"href":"https:\/\/nautical.store\/fi\/wp-json\/wp\/v2\/woo-feed-brand?post=98126"}],"curies":[{"name":"wp","href":"https:\/\/api.w.org\/{rel}","templated":true}]}}