{"id":98163,"date":"2026-04-26T15:13:28","date_gmt":"2026-04-26T12:13:28","guid":{"rendered":"https:\/\/nautical.store\/toode\/holebrook-puuvillapipo\/"},"modified":"2026-04-26T15:13:28","modified_gmt":"2026-04-26T12:13:28","slug":"holebrook-puuvillapipo","status":"publish","type":"product","link":"https:\/\/nautical.store\/fi\/tuote\/holebrook-puuvillapipo\/","title":{"rendered":"Holebrook puuvillapipo"},"content":{"rendered":"<p data-start=\"0\" data-end=\"348\">Klassinen unisex-pipo jokap\u00e4iv\u00e4iseen k\u00e4ytt\u00f6\u00f6n. Valmistettu 100 % luomupuuvillasta hy\u00f6dynt\u00e4en laadukkaita ylij\u00e4\u00e4m\u00e4lankoja \u2013 ymp\u00e4rist\u00f6yst\u00e4v\u00e4llisempi valinta. Ribbineulos antaa pipolle hyv\u00e4n joustavuuden ja auttaa s\u00e4ilytt\u00e4m\u00e4\u00e4n muotonsa. K\u00e4\u00e4nnett\u00e4v\u00e4 reuna takaa mukavan istuvuuden, ja edess\u00e4 oleva logomerkki viimeistelee tyylin. Valmistettu Ruotsissa.<\/p>\n<p data-start=\"350\" data-end=\"363\">Ominaisuudet:<\/p>\n<ul data-start=\"364\" data-end=\"490\">\n<li data-section-id=\"1bvljzh\" data-start=\"364\" data-end=\"385\">Normaali istuvuus<\/li>\n<li data-section-id=\"18bss\" data-start=\"386\" data-end=\"402\">Unisex-malli<\/li>\n<li data-section-id=\"egymw4\" data-start=\"403\" data-end=\"442\">Ribbineulos k\u00e4\u00e4nnett\u00e4v\u00e4ll\u00e4 reunalla<\/li>\n<li data-section-id=\"13qtqk0\" data-start=\"443\" data-end=\"464\">Logomerkki edess\u00e4<\/li>\n<li data-section-id=\"11fjh5z\" data-start=\"465\" data-end=\"490\">Valmistettu Ruotsissa<\/li>\n<\/ul>\n<p data-start=\"492\" data-end=\"503\">Materiaali:<\/p>\n<ul data-start=\"504\" data-end=\"540\" data-is-last-node=\"\" data-is-only-node=\"\">\n<li data-section-id=\"1o4efeu\" data-start=\"504\" data-end=\"540\" data-is-last-node=\"\">Neulos: 100 % luomupuuvilla (GOTS)<\/li>\n<\/ul>\n","protected":false},"excerpt":{"rendered":"<p>Unisex-neulepipo<\/p>\n","protected":false},"featured_media":98152,"template":"","meta":{"_acf_changed":false},"pwb-brand":[836],"product_brand":[],"product_cat":[628,629,1180,777,827,609,588],"product_tag":[],"woo-feed-brand":[],"class_list":{"0":"post-98163","1":"product","2":"type-product","3":"status-publish","4":"has-post-thumbnail","6":"pwb-brand-holebrook-fi","7":"product_cat-asusteet","8":"product_cat-asusteet-naiset","9":"product_cat-golf-fi","10":"product_cat-miehet","11":"product_cat-naiset","12":"product_cat-uutuudet-miehet","13":"product_cat-uutuudet","15":"first","16":"instock","17":"taxable","18":"shipping-taxable","19":"purchasable","20":"product-type-variable","21":"wvs-archive-product-wrapper"},"acf":[],"brands":[{"id":836,"name":"Holebrook","slug":"holebrook-fi"}],"_links":{"self":[{"href":"https:\/\/nautical.store\/fi\/wp-json\/wp\/v2\/product\/98163","targetHints":{"allow":["GET"]}}],"collection":[{"href":"https:\/\/nautical.store\/fi\/wp-json\/wp\/v2\/product"}],"about":[{"href":"https:\/\/nautical.store\/fi\/wp-json\/wp\/v2\/types\/product"}],"wp:featuredmedia":[{"embeddable":true,"href":"https:\/\/nautical.store\/fi\/wp-json\/wp\/v2\/media\/98152"}],"wp:attachment":[{"href":"https:\/\/nautical.store\/fi\/wp-json\/wp\/v2\/media?parent=98163"}],"wp:term":[{"taxonomy":"pwb-brand","embeddable":true,"href":"https:\/\/nautical.store\/fi\/wp-json\/wp\/v2\/pwb-brand?post=98163"},{"taxonomy":"product_brand","embeddable":true,"href":"https:\/\/nautical.store\/fi\/wp-json\/wp\/v2\/product_brand?post=98163"},{"taxonomy":"product_cat","embeddable":true,"href":"https:\/\/nautical.store\/fi\/wp-json\/wp\/v2\/product_cat?post=98163"},{"taxonomy":"product_tag","embeddable":true,"href":"https:\/\/nautical.store\/fi\/wp-json\/wp\/v2\/product_tag?post=98163"},{"taxonomy":"woo-feed-brand","embeddable":true,"href":"https:\/\/nautical.store\/fi\/wp-json\/wp\/v2\/woo-feed-brand?post=98163"}],"curies":[{"name":"wp","href":"https:\/\/api.w.org\/{rel}","templated":true}]}}