{"id":98185,"date":"2026-04-26T15:16:23","date_gmt":"2026-04-26T12:16:23","guid":{"rendered":"https:\/\/nautical.store\/toode\/holebrook-ellen-trikoopaita\/"},"modified":"2026-04-26T15:16:23","modified_gmt":"2026-04-26T12:16:23","slug":"holebrook-ellen-trikoopaita","status":"publish","type":"product","link":"https:\/\/nautical.store\/fi\/tuote\/holebrook-ellen-trikoopaita\/","title":{"rendered":"Holebrook Ellen -trikoopaita"},"content":{"rendered":"<p data-start=\"0\" data-end=\"361\">Tyylik\u00e4s ja mukava viskoosipaita, joka sopii hyvin jokap\u00e4iv\u00e4iseen k\u00e4ytt\u00f6\u00f6n. Valmistettu pehme\u00e4st\u00e4 viskoosisekoitteesta, joka laskeutuu kauniisti ja tuntuu miellytt\u00e4v\u00e4lt\u00e4 ihoa vasten. Normaali, kevyesti vartalonmy\u00f6t\u00e4inen malli korostaa siluettia ilman, ett\u00e4 se on liian tiukka. Leve\u00e4t, kevyesti levenev\u00e4t hihat tuovat naisellista ilmett\u00e4. Valmistettu Euroopassa.<\/p>\n<p data-start=\"363\" data-end=\"376\">Ominaisuudet:<\/p>\n<ul data-start=\"377\" data-end=\"487\">\n<li data-section-id=\"1f2zxn7\" data-start=\"377\" data-end=\"423\">Normaali, kevyesti vartalonmy\u00f6t\u00e4inen malli<\/li>\n<li data-section-id=\"2myai7\" data-start=\"424\" data-end=\"460\">Leve\u00e4t, kevyesti levenev\u00e4t hihat<\/li>\n<li data-section-id=\"12yslyq\" data-start=\"461\" data-end=\"487\">Valmistettu Euroopassa<\/li>\n<\/ul>\n<p data-start=\"489\" data-end=\"500\">Materiaali:<\/p>\n<ul data-start=\"501\" data-end=\"539\" data-is-last-node=\"\" data-is-only-node=\"\">\n<li data-section-id=\"uwqns\" data-start=\"501\" data-end=\"539\" data-is-last-node=\"\">Neulos: 93 % viskoosi, 7 % elastaani<\/li>\n<\/ul>\n","protected":false},"excerpt":{"rendered":"<p>Viskoosisekoitteinen T-paita<\/p>\n","protected":false},"featured_media":98179,"template":"","meta":{"_acf_changed":false},"pwb-brand":[836],"product_brand":[],"product_cat":[827,590,588],"product_tag":[],"woo-feed-brand":[],"class_list":{"0":"post-98185","1":"product","2":"type-product","3":"status-publish","4":"has-post-thumbnail","6":"pwb-brand-holebrook-fi","7":"product_cat-naiset","8":"product_cat-paidat","9":"product_cat-uutuudet","11":"first","12":"instock","13":"taxable","14":"shipping-taxable","15":"purchasable","16":"product-type-variable","17":"wvs-archive-product-wrapper"},"acf":[],"brands":[{"id":836,"name":"Holebrook","slug":"holebrook-fi"}],"_links":{"self":[{"href":"https:\/\/nautical.store\/fi\/wp-json\/wp\/v2\/product\/98185","targetHints":{"allow":["GET"]}}],"collection":[{"href":"https:\/\/nautical.store\/fi\/wp-json\/wp\/v2\/product"}],"about":[{"href":"https:\/\/nautical.store\/fi\/wp-json\/wp\/v2\/types\/product"}],"wp:featuredmedia":[{"embeddable":true,"href":"https:\/\/nautical.store\/fi\/wp-json\/wp\/v2\/media\/98179"}],"wp:attachment":[{"href":"https:\/\/nautical.store\/fi\/wp-json\/wp\/v2\/media?parent=98185"}],"wp:term":[{"taxonomy":"pwb-brand","embeddable":true,"href":"https:\/\/nautical.store\/fi\/wp-json\/wp\/v2\/pwb-brand?post=98185"},{"taxonomy":"product_brand","embeddable":true,"href":"https:\/\/nautical.store\/fi\/wp-json\/wp\/v2\/product_brand?post=98185"},{"taxonomy":"product_cat","embeddable":true,"href":"https:\/\/nautical.store\/fi\/wp-json\/wp\/v2\/product_cat?post=98185"},{"taxonomy":"product_tag","embeddable":true,"href":"https:\/\/nautical.store\/fi\/wp-json\/wp\/v2\/product_tag?post=98185"},{"taxonomy":"woo-feed-brand","embeddable":true,"href":"https:\/\/nautical.store\/fi\/wp-json\/wp\/v2\/woo-feed-brand?post=98185"}],"curies":[{"name":"wp","href":"https:\/\/api.w.org\/{rel}","templated":true}]}}