{"id":98218,"date":"2026-04-26T15:19:56","date_gmt":"2026-04-26T12:19:56","guid":{"rendered":"https:\/\/nautical.store\/toode\/holebrook-elsy-neuleliivi\/"},"modified":"2026-04-26T15:19:56","modified_gmt":"2026-04-26T12:19:56","slug":"holebrook-elsy-neuleliivi","status":"publish","type":"product","link":"https:\/\/nautical.store\/fi\/tuote\/holebrook-elsy-neuleliivi\/","title":{"rendered":"Holebrook Elsy -neuleliivi"},"content":{"rendered":"<p data-start=\"0\" data-end=\"410\">Kevyt ja pehme neuleliivi, joka sopii t\u00e4ydellisesti kerrospukeutumiseen. Valmistettu alpakkasekoitteesta, joka on hengitt\u00e4v\u00e4 ja miellytt\u00e4v\u00e4n l\u00e4mmin. Ajaton malli, jossa on normaali istuvuus ja py\u00f6re\u00e4 p\u00e4\u00e4ntie \u2013 helppo yhdist\u00e4\u00e4 eri asuihin. Ribbineulotut reunat viimeistelev\u00e4t ilmeen ja auttavat s\u00e4ilytt\u00e4m\u00e4\u00e4n muodon. Sopii hyvin yhteen Elsy-neuletakin kanssa yhten\u00e4iseksi kokonaisuudeksi. Valmistettu Euroopassa.<\/p>\n<ul data-start=\"426\" data-end=\"570\">\n<li data-section-id=\"n4rsdb\" data-start=\"426\" data-end=\"463\">Normaali istuvuus, vastaa kokoaan<\/li>\n<li data-section-id=\"fuv3qi\" data-start=\"464\" data-end=\"499\">Pehme\u00e4 ja hengitt\u00e4v\u00e4 materiaali<\/li>\n<li data-section-id=\"oxbjgi\" data-start=\"500\" data-end=\"518\">Py\u00f6re\u00e4 p\u00e4\u00e4ntie<\/li>\n<li data-section-id=\"fvy6tn\" data-start=\"519\" data-end=\"543\">Ribbineulotut reunat<\/li>\n<li data-section-id=\"12yslyq\" data-start=\"544\" data-end=\"570\">Valmistettu Euroopassa<\/li>\n<\/ul>\n<p data-start=\"572\" data-end=\"583\">Materiaali:<\/p>\n<ul data-start=\"584\" data-end=\"634\" data-is-last-node=\"\" data-is-only-node=\"\">\n<li data-section-id=\"znh2wf\" data-start=\"584\" data-end=\"634\" data-is-last-node=\"\">Neulos: 70 % alpakka (Superfine), 30 % polyamidi<\/li>\n<\/ul>\n","protected":false},"excerpt":{"rendered":"<p>Hihaton neuleliivi alpakkasekoitteesta<\/p>\n","protected":false},"featured_media":98202,"template":"","meta":{"_acf_changed":false},"pwb-brand":[836],"product_brand":[],"product_cat":[827,601,588],"product_tag":[],"woo-feed-brand":[],"class_list":{"0":"post-98218","1":"product","2":"type-product","3":"status-publish","4":"has-post-thumbnail","6":"pwb-brand-holebrook-fi","7":"product_cat-naiset","8":"product_cat-neuleet","9":"product_cat-uutuudet","11":"first","12":"instock","13":"taxable","14":"shipping-taxable","15":"purchasable","16":"product-type-variable","17":"wvs-archive-product-wrapper"},"acf":[],"brands":[{"id":836,"name":"Holebrook","slug":"holebrook-fi"}],"_links":{"self":[{"href":"https:\/\/nautical.store\/fi\/wp-json\/wp\/v2\/product\/98218","targetHints":{"allow":["GET"]}}],"collection":[{"href":"https:\/\/nautical.store\/fi\/wp-json\/wp\/v2\/product"}],"about":[{"href":"https:\/\/nautical.store\/fi\/wp-json\/wp\/v2\/types\/product"}],"wp:featuredmedia":[{"embeddable":true,"href":"https:\/\/nautical.store\/fi\/wp-json\/wp\/v2\/media\/98202"}],"wp:attachment":[{"href":"https:\/\/nautical.store\/fi\/wp-json\/wp\/v2\/media?parent=98218"}],"wp:term":[{"taxonomy":"pwb-brand","embeddable":true,"href":"https:\/\/nautical.store\/fi\/wp-json\/wp\/v2\/pwb-brand?post=98218"},{"taxonomy":"product_brand","embeddable":true,"href":"https:\/\/nautical.store\/fi\/wp-json\/wp\/v2\/product_brand?post=98218"},{"taxonomy":"product_cat","embeddable":true,"href":"https:\/\/nautical.store\/fi\/wp-json\/wp\/v2\/product_cat?post=98218"},{"taxonomy":"product_tag","embeddable":true,"href":"https:\/\/nautical.store\/fi\/wp-json\/wp\/v2\/product_tag?post=98218"},{"taxonomy":"woo-feed-brand","embeddable":true,"href":"https:\/\/nautical.store\/fi\/wp-json\/wp\/v2\/woo-feed-brand?post=98218"}],"curies":[{"name":"wp","href":"https:\/\/api.w.org\/{rel}","templated":true}]}}