{"id":98225,"date":"2026-04-26T15:21:59","date_gmt":"2026-04-26T12:21:59","guid":{"rendered":"https:\/\/nautical.store\/toode\/holebrook-elsy-neuletakki\/"},"modified":"2026-05-07T10:38:40","modified_gmt":"2026-05-07T07:38:40","slug":"holebrook-elsy-neuletakki","status":"publish","type":"product","link":"https:\/\/nautical.store\/fi\/tuote\/holebrook-elsy-neuletakki\/","title":{"rendered":"Holebrook Elsy -neuletakki"},"content":{"rendered":"<p data-start=\"0\" data-end=\"465\">Pehme ja ilmava neuletakki, joka sopii t\u00e4ydellisesti kerrospukeutumiseen. Valmistettu alpakkasekoitteesta, joka on kevyt, l\u00e4mmin ja miellytt\u00e4v\u00e4 k\u00e4ytt\u00e4\u00e4. Strukturoitu neulos antaa tuotteelle ilmett\u00e4 ja auttaa s\u00e4ilytt\u00e4m\u00e4\u00e4n muotonsa. Edess\u00e4 napitus ja py\u00f6re\u00e4 p\u00e4\u00e4ntie luovat ajattoman ja helposti yhdistelt\u00e4v\u00e4n tyylin. Ribbineulotut reunat viimeistelev\u00e4t kokonaisuuden. Sopii hyvin yhteen Elsy-neuleliivin kanssa yhten\u00e4iseksi asukokonaisuudeksi. Valmistettu Euroopassa.<\/p>\n<ul data-start=\"481\" data-end=\"669\">\n<li data-section-id=\"1qhd9xr\" data-start=\"481\" data-end=\"523\">Mukava, rento istuvuus, vastaa kokoaan<\/li>\n<li data-section-id=\"144gmmx\" data-start=\"524\" data-end=\"547\">Strukturoitu neulos<\/li>\n<li data-section-id=\"1sos8rz\" data-start=\"548\" data-end=\"579\">Pehme\u00e4 ja ilmava materiaali<\/li>\n<li data-section-id=\"v9ixu4\" data-start=\"580\" data-end=\"598\">Napitus edess\u00e4<\/li>\n<li data-section-id=\"oxbjgi\" data-start=\"599\" data-end=\"617\">Py\u00f6re\u00e4 p\u00e4\u00e4ntie<\/li>\n<li data-section-id=\"fvy6tn\" data-start=\"618\" data-end=\"642\">Ribbineulotut reunat<\/li>\n<li data-section-id=\"12yslyq\" data-start=\"643\" data-end=\"669\">Valmistettu Euroopassa<\/li>\n<\/ul>\n<p data-start=\"671\" data-end=\"682\">Materiaali:<\/p>\n<ul data-start=\"683\" data-end=\"733\" data-is-last-node=\"\" data-is-only-node=\"\">\n<li data-section-id=\"znh2wf\" data-start=\"683\" data-end=\"733\" data-is-last-node=\"\">Neulos: 70 % alpakka (Superfine), 30 % polyamidi<\/li>\n<\/ul>\n","protected":false},"excerpt":{"rendered":"<p>Naisten neuletakki<\/p>\n","protected":false},"featured_media":98214,"template":"","meta":{"_acf_changed":false},"pwb-brand":[836],"product_brand":[],"product_cat":[827,601,588],"product_tag":[],"woo-feed-brand":[],"class_list":{"0":"post-98225","1":"product","2":"type-product","3":"status-publish","4":"has-post-thumbnail","6":"pwb-brand-holebrook-fi","7":"product_cat-naiset","8":"product_cat-neuleet","9":"product_cat-uutuudet","11":"first","12":"instock","13":"taxable","14":"shipping-taxable","15":"purchasable","16":"product-type-variable","17":"wvs-archive-product-wrapper"},"acf":[],"brands":[{"id":836,"name":"Holebrook","slug":"holebrook-fi"}],"_links":{"self":[{"href":"https:\/\/nautical.store\/fi\/wp-json\/wp\/v2\/product\/98225","targetHints":{"allow":["GET"]}}],"collection":[{"href":"https:\/\/nautical.store\/fi\/wp-json\/wp\/v2\/product"}],"about":[{"href":"https:\/\/nautical.store\/fi\/wp-json\/wp\/v2\/types\/product"}],"wp:featuredmedia":[{"embeddable":true,"href":"https:\/\/nautical.store\/fi\/wp-json\/wp\/v2\/media\/98214"}],"wp:attachment":[{"href":"https:\/\/nautical.store\/fi\/wp-json\/wp\/v2\/media?parent=98225"}],"wp:term":[{"taxonomy":"pwb-brand","embeddable":true,"href":"https:\/\/nautical.store\/fi\/wp-json\/wp\/v2\/pwb-brand?post=98225"},{"taxonomy":"product_brand","embeddable":true,"href":"https:\/\/nautical.store\/fi\/wp-json\/wp\/v2\/product_brand?post=98225"},{"taxonomy":"product_cat","embeddable":true,"href":"https:\/\/nautical.store\/fi\/wp-json\/wp\/v2\/product_cat?post=98225"},{"taxonomy":"product_tag","embeddable":true,"href":"https:\/\/nautical.store\/fi\/wp-json\/wp\/v2\/product_tag?post=98225"},{"taxonomy":"woo-feed-brand","embeddable":true,"href":"https:\/\/nautical.store\/fi\/wp-json\/wp\/v2\/woo-feed-brand?post=98225"}],"curies":[{"name":"wp","href":"https:\/\/api.w.org\/{rel}","templated":true}]}}