{"id":98257,"date":"2026-04-26T15:25:34","date_gmt":"2026-04-26T12:25:34","guid":{"rendered":"https:\/\/nautical.store\/toode\/holebrook-jane-neuletakki\/"},"modified":"2026-04-26T15:25:34","modified_gmt":"2026-04-26T12:25:34","slug":"holebrook-jane-neuletakki","status":"publish","type":"product","link":"https:\/\/nautical.store\/fi\/tuote\/holebrook-jane-neuletakki\/","title":{"rendered":"Holebrook Jane -neuletakki"},"content":{"rendered":"<p data-start=\"0\" data-end=\"394\">Tyylik\u00e4s ja ajaton Milano-neuloksinen neuletakki, joka sopii erinomaisesti niin arkeen kuin osaksi asukokonaisuutta. Valmistettu 100 % luomupuuvillasta, joka on miellytt\u00e4v\u00e4 ja hengitt\u00e4v\u00e4. Kauluksen viimeistelem\u00e4t\u00f6n reuna ja edess\u00e4 oleva napitus tuovat tuotteelle ilmett\u00e4. Lyhyt, suoralinjainen malli, jossa on 3\/4-hihat ja hieman alempi olkalinja, luo modernin siluetin. Valmistettu Euroopassa.<\/p>\n<p data-start=\"396\" data-end=\"487\">Istuvuus: Oversize-malli \u2013 jos toivot istuvampaa lopputulosta, valitse yht\u00e4 kokoa pienempi.<\/p>\n<ul data-start=\"503\" data-end=\"684\">\n<li data-section-id=\"1tc95es\" data-start=\"503\" data-end=\"528\">V\u00e4lj\u00e4, lyhyempi malli<\/li>\n<li data-section-id=\"1pkq54c\" data-start=\"529\" data-end=\"564\">Milano-neulos ja napitus edess\u00e4<\/li>\n<li data-section-id=\"1pgpomq\" data-start=\"565\" data-end=\"591\">GOTS-sertifioitu lanka<\/li>\n<li data-section-id=\"rqjl3w\" data-start=\"592\" data-end=\"615\">100 % luomupuuvilla<\/li>\n<li data-section-id=\"blple9\" data-start=\"616\" data-end=\"629\">3\/4-hihat<\/li>\n<li data-section-id=\"307kxn\" data-start=\"630\" data-end=\"657\">Hieman alempi olkalinja<\/li>\n<li data-section-id=\"12yslyq\" data-start=\"658\" data-end=\"684\">Valmistettu Euroopassa<\/li>\n<\/ul>\n<p data-start=\"686\" data-end=\"697\">Materiaali:<\/p>\n<ul data-start=\"698\" data-end=\"722\" data-is-last-node=\"\" data-is-only-node=\"\">\n<li data-section-id=\"wxslom\" data-start=\"698\" data-end=\"722\" data-is-last-node=\"\">Neulos: 100 % puuvilla<\/li>\n<\/ul>\n","protected":false},"excerpt":{"rendered":"<p>Yksinkertainen neuletakki<\/p>\n","protected":false},"featured_media":98234,"template":"","meta":{"_acf_changed":false},"pwb-brand":[836],"product_brand":[],"product_cat":[827,601,588],"product_tag":[],"woo-feed-brand":[],"class_list":{"0":"post-98257","1":"product","2":"type-product","3":"status-publish","4":"has-post-thumbnail","6":"pwb-brand-holebrook-fi","7":"product_cat-naiset","8":"product_cat-neuleet","9":"product_cat-uutuudet","11":"first","12":"instock","13":"taxable","14":"shipping-taxable","15":"purchasable","16":"product-type-variable","17":"wvs-archive-product-wrapper"},"acf":[],"brands":[{"id":836,"name":"Holebrook","slug":"holebrook-fi"}],"_links":{"self":[{"href":"https:\/\/nautical.store\/fi\/wp-json\/wp\/v2\/product\/98257","targetHints":{"allow":["GET"]}}],"collection":[{"href":"https:\/\/nautical.store\/fi\/wp-json\/wp\/v2\/product"}],"about":[{"href":"https:\/\/nautical.store\/fi\/wp-json\/wp\/v2\/types\/product"}],"wp:featuredmedia":[{"embeddable":true,"href":"https:\/\/nautical.store\/fi\/wp-json\/wp\/v2\/media\/98234"}],"wp:attachment":[{"href":"https:\/\/nautical.store\/fi\/wp-json\/wp\/v2\/media?parent=98257"}],"wp:term":[{"taxonomy":"pwb-brand","embeddable":true,"href":"https:\/\/nautical.store\/fi\/wp-json\/wp\/v2\/pwb-brand?post=98257"},{"taxonomy":"product_brand","embeddable":true,"href":"https:\/\/nautical.store\/fi\/wp-json\/wp\/v2\/product_brand?post=98257"},{"taxonomy":"product_cat","embeddable":true,"href":"https:\/\/nautical.store\/fi\/wp-json\/wp\/v2\/product_cat?post=98257"},{"taxonomy":"product_tag","embeddable":true,"href":"https:\/\/nautical.store\/fi\/wp-json\/wp\/v2\/product_tag?post=98257"},{"taxonomy":"woo-feed-brand","embeddable":true,"href":"https:\/\/nautical.store\/fi\/wp-json\/wp\/v2\/woo-feed-brand?post=98257"}],"curies":[{"name":"wp","href":"https:\/\/api.w.org\/{rel}","templated":true}]}}