{"id":98287,"date":"2026-04-26T15:33:53","date_gmt":"2026-04-26T12:33:53","guid":{"rendered":"https:\/\/nautical.store\/toode\/pellep-f3-aurinkolasit\/"},"modified":"2026-04-26T15:33:53","modified_gmt":"2026-04-26T12:33:53","slug":"pellep-f3-aurinkolasit","status":"publish","type":"product","link":"https:\/\/nautical.store\/fi\/tuote\/pellep-f3-aurinkolasit\/","title":{"rendered":"PelleP F3 -aurinkolasit"},"content":{"rendered":"<p data-start=\"0\" data-end=\"225\">Urheilullisen tyyliset, kevyet ja mukavat aurinkolasit jokap\u00e4iv\u00e4iseen k\u00e4ytt\u00f6\u00f6n ja aktiiviseen liikkumiseen. TR90-polyamidikehys on joustava ja kest\u00e4v\u00e4. Mattapintainen kuminen nen\u00e4silta ja nen\u00e4tyynyt takaavat hyv\u00e4n istuvuuden.<\/p>\n<p data-start=\"227\" data-end=\"449\">Polarisoidut linssit v\u00e4hent\u00e4v\u00e4t heijastuksia ja parantavat n\u00e4kyvyytt\u00e4. UV400-suoja suojaa silmi\u00e4 haitalliselta UV-s\u00e4teilylt\u00e4. Suolavett\u00e4 kest\u00e4v\u00e4 pinnoite tekee laseista sopivat my\u00f6s k\u00e4ytt\u00f6\u00f6n merell\u00e4. Sangoissa PelleP-logo.<\/p>\n<p data-start=\"451\" data-end=\"464\">Ominaisuudet:<\/p>\n<ul data-start=\"465\" data-end=\"740\">\n<li data-section-id=\"h762w5\" data-start=\"465\" data-end=\"505\">Kevyt ja kest\u00e4v\u00e4 TR90-polyamidikehys<\/li>\n<li data-section-id=\"1gq2xgr\" data-start=\"506\" data-end=\"556\">Mattapintainen kuminen nen\u00e4silta ja nen\u00e4tyynyt<\/li>\n<li data-section-id=\"oef9jb\" data-start=\"557\" data-end=\"581\">Polarisoidut linssit<\/li>\n<li data-section-id=\"17qq9jk\" data-start=\"582\" data-end=\"597\">UV400-suoja<\/li>\n<li data-section-id=\"zs07ca\" data-start=\"598\" data-end=\"629\">Suolavett\u00e4 kest\u00e4v\u00e4 pinnoite<\/li>\n<li data-section-id=\"y8bphu\" data-start=\"630\" data-end=\"655\">PelleP-logo sangoissa<\/li>\n<li data-section-id=\"15htgwo\" data-start=\"656\" data-end=\"703\">Mukana logollinen kotelo kiinnitysklipsill\u00e4<\/li>\n<li data-section-id=\"4bv50w\" data-start=\"704\" data-end=\"740\">Mukana logollinen puhdistusliina<\/li>\n<\/ul>\n<p data-start=\"742\" data-end=\"753\">Materiaali:<\/p>\n<ul data-start=\"754\" data-end=\"802\" data-is-last-node=\"\" data-is-only-node=\"\">\n<li data-section-id=\"1drnxem\" data-start=\"754\" data-end=\"779\">Kehys: TR90-polyamidi<\/li>\n<li data-section-id=\"228b1m\" data-start=\"780\" data-end=\"802\" data-is-last-node=\"\">Yksityiskohdat: kumi<\/li>\n<\/ul>\n","protected":false},"excerpt":{"rendered":"<p>Suolavett\u00e4 kest\u00e4v\u00e4t aurinkolasit UV400-suojalla<\/p>\n","protected":false},"featured_media":98273,"template":"","meta":{"_acf_changed":false},"pwb-brand":[838],"product_brand":[],"product_cat":[629,926,628,1180,1269,588,609],"product_tag":[],"woo-feed-brand":[],"class_list":{"0":"post-98287","1":"product","2":"type-product","3":"status-publish","4":"has-post-thumbnail","6":"pwb-brand-pelle-petterson-fi","7":"product_cat-asusteet-naiset","8":"product_cat-asusteet-fi","9":"product_cat-asusteet","10":"product_cat-golf-fi","11":"product_cat-purjehdus","12":"product_cat-uutuudet","13":"product_cat-uutuudet-miehet","15":"first","16":"instock","17":"taxable","18":"shipping-taxable","19":"purchasable","20":"product-type-variable","21":"wvs-archive-product-wrapper"},"acf":[],"brands":[{"id":838,"name":"Pelle Petterson","slug":"pelle-petterson-fi"}],"_links":{"self":[{"href":"https:\/\/nautical.store\/fi\/wp-json\/wp\/v2\/product\/98287","targetHints":{"allow":["GET"]}}],"collection":[{"href":"https:\/\/nautical.store\/fi\/wp-json\/wp\/v2\/product"}],"about":[{"href":"https:\/\/nautical.store\/fi\/wp-json\/wp\/v2\/types\/product"}],"wp:featuredmedia":[{"embeddable":true,"href":"https:\/\/nautical.store\/fi\/wp-json\/wp\/v2\/media\/98273"}],"wp:attachment":[{"href":"https:\/\/nautical.store\/fi\/wp-json\/wp\/v2\/media?parent=98287"}],"wp:term":[{"taxonomy":"pwb-brand","embeddable":true,"href":"https:\/\/nautical.store\/fi\/wp-json\/wp\/v2\/pwb-brand?post=98287"},{"taxonomy":"product_brand","embeddable":true,"href":"https:\/\/nautical.store\/fi\/wp-json\/wp\/v2\/product_brand?post=98287"},{"taxonomy":"product_cat","embeddable":true,"href":"https:\/\/nautical.store\/fi\/wp-json\/wp\/v2\/product_cat?post=98287"},{"taxonomy":"product_tag","embeddable":true,"href":"https:\/\/nautical.store\/fi\/wp-json\/wp\/v2\/product_tag?post=98287"},{"taxonomy":"woo-feed-brand","embeddable":true,"href":"https:\/\/nautical.store\/fi\/wp-json\/wp\/v2\/woo-feed-brand?post=98287"}],"curies":[{"name":"wp","href":"https:\/\/api.w.org\/{rel}","templated":true}]}}