{"id":98363,"date":"2026-03-29T23:21:38","date_gmt":"2026-03-29T20:21:38","guid":{"rendered":"https:\/\/nautical.store\/toode\/pellep-momentum-skortti\/"},"modified":"2026-03-29T23:21:38","modified_gmt":"2026-03-29T20:21:38","slug":"pellep-momentum-skortti","status":"publish","type":"product","link":"https:\/\/nautical.store\/fi\/tuote\/pellep-momentum-skortti\/","title":{"rendered":"PelleP Momentum -skortti"},"content":{"rendered":"<p data-start=\"0\" data-end=\"391\">Maksimaaliseen liikkumisen vapauteen suunniteltu nopeasti kuivuva Momentum-skortti on valmistettu kest\u00e4v\u00e4st\u00e4 ja joustavasta materiaalista, joka hengitt\u00e4\u00e4, siirt\u00e4\u00e4 kosteutta pois iholta ja tarjoaa UV-suojan. Sis\u00e4puolella on lyhyet housut, joiden lahkeensuissa oleva silikonireuna pit\u00e4\u00e4 ne tukevasti paikoillaan. Momentum-skortti sopii erinomaisesti golfiin ja muuhun aktiiviseen liikkumiseen.<\/p>\n<ul data-start=\"407\" data-end=\"742\" data-is-last-node=\"\" data-is-only-node=\"\">\n<li data-section-id=\"kw4de2\" data-start=\"407\" data-end=\"427\">100 % polyesteri<\/li>\n<li data-section-id=\"vuobsg\" data-start=\"428\" data-end=\"461\">Joustava ja pehme\u00e4 materiaali<\/li>\n<li data-section-id=\"m0uy2w\" data-start=\"462\" data-end=\"491\">Kosteutta siirt\u00e4v\u00e4 kangas<\/li>\n<li data-section-id=\"1eb3npp\" data-start=\"492\" data-end=\"507\">Sivuhalkiot<\/li>\n<li data-section-id=\"7thjaw\" data-start=\"508\" data-end=\"537\">Vy\u00f6t\u00e4r\u00f6 samaa materiaalia<\/li>\n<li data-section-id=\"fnsqjt\" data-start=\"538\" data-end=\"571\">Sis\u00e4shortsit silikonireunalla<\/li>\n<li data-section-id=\"1q9ydgy\" data-start=\"572\" data-end=\"641\">Kontrastiv\u00e4riset bartack-vahviketikkaukset halkioiden yl\u00e4puolella<\/li>\n<li data-section-id=\"4byrgw\" data-start=\"642\" data-end=\"677\">Heijastava Pelle P -logo edess\u00e4<\/li>\n<li data-section-id=\"tv52qo\" data-start=\"678\" data-end=\"722\">Heijastava True Experience -logo sivulla<\/li>\n<li data-section-id=\"1dxwgdp\" data-start=\"723\" data-end=\"742\" data-is-last-node=\"\">Normaali istuvuus<\/li>\n<\/ul>\n","protected":false},"excerpt":{"rendered":"<p>Mukava skortti<\/p>\n","protected":false},"featured_media":98296,"template":"","meta":{"_acf_changed":false},"pwb-brand":[838],"product_brand":[],"product_cat":[639,640,827,1260,726],"product_tag":[],"woo-feed-brand":[],"class_list":{"0":"post-98363","1":"product","2":"type-product","3":"status-publish","4":"has-post-thumbnail","6":"pwb-brand-pelle-petterson-fi","7":"product_cat-hameet","8":"product_cat-housut-fi","9":"product_cat-naiset","10":"product_cat-naisten-golfvaatteet","11":"product_cat-tekniset-vaatteet-naiset","13":"first","14":"instock","15":"taxable","16":"shipping-taxable","17":"purchasable","18":"product-type-variable","19":"wvs-archive-product-wrapper"},"acf":[],"brands":[{"id":838,"name":"Pelle Petterson","slug":"pelle-petterson-fi"}],"_links":{"self":[{"href":"https:\/\/nautical.store\/fi\/wp-json\/wp\/v2\/product\/98363","targetHints":{"allow":["GET"]}}],"collection":[{"href":"https:\/\/nautical.store\/fi\/wp-json\/wp\/v2\/product"}],"about":[{"href":"https:\/\/nautical.store\/fi\/wp-json\/wp\/v2\/types\/product"}],"wp:featuredmedia":[{"embeddable":true,"href":"https:\/\/nautical.store\/fi\/wp-json\/wp\/v2\/media\/98296"}],"wp:attachment":[{"href":"https:\/\/nautical.store\/fi\/wp-json\/wp\/v2\/media?parent=98363"}],"wp:term":[{"taxonomy":"pwb-brand","embeddable":true,"href":"https:\/\/nautical.store\/fi\/wp-json\/wp\/v2\/pwb-brand?post=98363"},{"taxonomy":"product_brand","embeddable":true,"href":"https:\/\/nautical.store\/fi\/wp-json\/wp\/v2\/product_brand?post=98363"},{"taxonomy":"product_cat","embeddable":true,"href":"https:\/\/nautical.store\/fi\/wp-json\/wp\/v2\/product_cat?post=98363"},{"taxonomy":"product_tag","embeddable":true,"href":"https:\/\/nautical.store\/fi\/wp-json\/wp\/v2\/product_tag?post=98363"},{"taxonomy":"woo-feed-brand","embeddable":true,"href":"https:\/\/nautical.store\/fi\/wp-json\/wp\/v2\/woo-feed-brand?post=98363"}],"curies":[{"name":"wp","href":"https:\/\/api.w.org\/{rel}","templated":true}]}}