{"id":98517,"date":"2026-05-07T12:20:20","date_gmt":"2026-05-07T09:20:20","guid":{"rendered":"https:\/\/nautical.store\/toode\/pellep-navigo-pikeepaita\/"},"modified":"2026-05-07T12:20:20","modified_gmt":"2026-05-07T09:20:20","slug":"pellep-navigo-pikeepaita","status":"publish","type":"product","link":"https:\/\/nautical.store\/fi\/tuote\/pellep-navigo-pikeepaita\/","title":{"rendered":"PelleP Navigo -pikeepaita"},"content":{"rendered":"<p>Mukava ja laadukas pikeepaita jokap\u00e4iv\u00e4iseen k\u00e4ytt\u00f6\u00f6n tai golfiin. Valmistettu 100 % puuvillaisesta, pehme\u00e4st\u00e4 ja napakasta harjatusta single jersey \u2011materiaalista, joka tuntuu miellytt\u00e4v\u00e4lt\u00e4 ihoa vasten ja s\u00e4ilytt\u00e4\u00e4 hyvin muotonsa. Klassista ilmett\u00e4 t\u00e4ydent\u00e4v\u00e4t kaulus, nappilista ja vetoketjullinen rintatasku.<\/p>\n<p>Kontrastiv\u00e4riset vahviketikkaukset ja metallinen logoembleemi viimeistelev\u00e4t sporttisen tyylin.<\/p>\n<ul>\n<li>Normaali istuvuus, vastaa kokoaan<\/li>\n<li>Pehme\u00e4 ja napakka harjattu single jersey \u2011materiaali<\/li>\n<li>Kaulus ja kaulustuki<\/li>\n<li>Nappilista Pelle P \u2011muovinapeilla<\/li>\n<li>Vetoketjullinen rintatasku<\/li>\n<li>P\u2011brodeerattu yksityiskohta niskassa<\/li>\n<li>Sivuhalkiot<\/li>\n<li>Kontrastiv\u00e4riset vahviketikkaukset<\/li>\n<li>Metallinen logoembleemi vasemmassa hihassa<\/li>\n<\/ul>\n<p>Materiaali:<\/p>\n<ul>\n<li>100 % puuvilla<\/li>\n<\/ul>\n","protected":false},"excerpt":{"rendered":"<p>Mukava ja laadukas pikeepaita jokap\u00e4iv\u00e4iseen k\u00e4ytt\u00f6\u00f6n tai golfiin. Valmistettu 100 % puuvillaisesta, pehme\u00e4st\u00e4 ja napakasta harjatusta single jersey \u2011materiaalista, joka tuntuu miellytt\u00e4v\u00e4lt\u00e4 ihoa vasten ja s\u00e4ilytt\u00e4\u00e4 hyvin muotonsa. Klassista ilmett\u00e4 t\u00e4ydent\u00e4v\u00e4t kaulus, nappilista ja vetoketjullinen rintatasku. Kontrastiv\u00e4riset vahviketikkaukset ja metallinen logoembleemi viimeistelev\u00e4t sporttisen tyylin. Normaali istuvuus, vastaa kokoaan Pehme\u00e4 ja napakka harjattu single jersey \u2011materiaali [&hellip;]<\/p>\n","protected":false},"featured_media":98489,"template":"","meta":{"_acf_changed":false},"pwb-brand":[838],"product_brand":[],"product_cat":[777,1259,633,609],"product_tag":[],"woo-feed-brand":[],"class_list":{"0":"post-98517","1":"product","2":"type-product","3":"status-publish","4":"has-post-thumbnail","6":"pwb-brand-pelle-petterson-fi","7":"product_cat-miehet","8":"product_cat-miesten-golfvaatteet","9":"product_cat-paidat-fi","10":"product_cat-uutuudet-miehet","12":"first","13":"instock","14":"taxable","15":"shipping-taxable","16":"purchasable","17":"product-type-variable","18":"wvs-archive-product-wrapper"},"acf":[],"brands":[{"id":838,"name":"Pelle Petterson","slug":"pelle-petterson-fi"}],"_links":{"self":[{"href":"https:\/\/nautical.store\/fi\/wp-json\/wp\/v2\/product\/98517","targetHints":{"allow":["GET"]}}],"collection":[{"href":"https:\/\/nautical.store\/fi\/wp-json\/wp\/v2\/product"}],"about":[{"href":"https:\/\/nautical.store\/fi\/wp-json\/wp\/v2\/types\/product"}],"wp:featuredmedia":[{"embeddable":true,"href":"https:\/\/nautical.store\/fi\/wp-json\/wp\/v2\/media\/98489"}],"wp:attachment":[{"href":"https:\/\/nautical.store\/fi\/wp-json\/wp\/v2\/media?parent=98517"}],"wp:term":[{"taxonomy":"pwb-brand","embeddable":true,"href":"https:\/\/nautical.store\/fi\/wp-json\/wp\/v2\/pwb-brand?post=98517"},{"taxonomy":"product_brand","embeddable":true,"href":"https:\/\/nautical.store\/fi\/wp-json\/wp\/v2\/product_brand?post=98517"},{"taxonomy":"product_cat","embeddable":true,"href":"https:\/\/nautical.store\/fi\/wp-json\/wp\/v2\/product_cat?post=98517"},{"taxonomy":"product_tag","embeddable":true,"href":"https:\/\/nautical.store\/fi\/wp-json\/wp\/v2\/product_tag?post=98517"},{"taxonomy":"woo-feed-brand","embeddable":true,"href":"https:\/\/nautical.store\/fi\/wp-json\/wp\/v2\/woo-feed-brand?post=98517"}],"curies":[{"name":"wp","href":"https:\/\/api.w.org\/{rel}","templated":true}]}}