{"id":98827,"date":"2026-05-07T16:27:26","date_gmt":"2026-05-07T13:27:26","guid":{"rendered":"https:\/\/nautical.store\/toode\/pelle-p-anchorage-t-paita\/"},"modified":"2026-05-07T16:27:26","modified_gmt":"2026-05-07T13:27:26","slug":"pelle-p-anchorage-t-paita","status":"publish","type":"product","link":"https:\/\/nautical.store\/fi\/tuote\/pelle-p-anchorage-t-paita\/","title":{"rendered":"Pelle P Anchorage t-paita"},"content":{"rendered":"<p data-start=\"0\" data-end=\"290\">Mukava ja kauniisti laskeutuva paita jokap\u00e4iv\u00e4iseen k\u00e4ytt\u00f6\u00f6n. Pehme\u00e4 single jersey -materiaali tuntuu miellytt\u00e4v\u00e4lt\u00e4 ihoa vasten ja luo rennon istuvuuden. V\u00e4lj\u00e4 oversized-malli ja matalampi olkalinja antavat paidalle modernin ja rennon ilmeen. Hieman pidempi takahelma luo kauniin siluetin.<\/p>\n<p data-start=\"292\" data-end=\"381\">Jos toivot v\u00e4hemm\u00e4n oversized-istuvuutta, suosittelemme valitsemaan yhden koon pienemm\u00e4n.<\/p>\n<p data-start=\"383\" data-end=\"396\">Ominaisuudet:<\/p>\n<ul data-start=\"397\" data-end=\"613\">\n<li data-section-id=\"yx9p8f\" data-start=\"397\" data-end=\"422\">V\u00e4lj\u00e4 oversized-malli<\/li>\n<li data-section-id=\"ix9o3c\" data-start=\"423\" data-end=\"483\">Pehme\u00e4 ja kauniisti laskeutuva single jersey -materiaali<\/li>\n<li data-section-id=\"1oqw6ip\" data-start=\"484\" data-end=\"507\">Matalampi olkalinja<\/li>\n<li data-section-id=\"1y6miye\" data-start=\"508\" data-end=\"529\">Pidempi takahelma<\/li>\n<li data-section-id=\"1s6i3mg\" data-start=\"530\" data-end=\"574\">Kudottu merkki kohokuvioidulla P-logolla<\/li>\n<li data-section-id=\"zswe26\" data-start=\"575\" data-end=\"613\">Kontrastiv\u00e4riset vahviketikkaukset<\/li>\n<\/ul>\n<p data-start=\"615\" data-end=\"626\">Materiaali:<\/p>\n<ul data-start=\"627\" data-end=\"674\" data-is-last-node=\"\" data-is-only-node=\"\">\n<li data-section-id=\"1d1bd1b\" data-start=\"627\" data-end=\"674\" data-is-last-node=\"\">62 % polyesteri, 33 % viskoosi, 5 % elastaani<\/li>\n<\/ul>\n","protected":false},"excerpt":{"rendered":"<p>Mukava ja kauniisti laskeutuva paita jokap\u00e4iv\u00e4iseen k\u00e4ytt\u00f6\u00f6n. Pehme\u00e4 single jersey -materiaali tuntuu miellytt\u00e4v\u00e4lt\u00e4 ihoa vasten ja luo rennon istuvuuden. V\u00e4lj\u00e4 oversized-malli ja matalampi olkalinja antavat paidalle modernin ja rennon ilmeen. Hieman pidempi takahelma luo kauniin siluetin. Jos toivot v\u00e4hemm\u00e4n oversized-istuvuutta, suosittelemme valitsemaan yhden koon pienemm\u00e4n. Ominaisuudet: V\u00e4lj\u00e4 oversized-malli Pehme\u00e4 ja kauniisti laskeutuva single jersey -materiaali [&hellip;]<\/p>\n","protected":false},"featured_media":98790,"template":"","meta":{"_acf_changed":false},"pwb-brand":[838],"product_brand":[],"product_cat":[827,590,588],"product_tag":[],"woo-feed-brand":[],"class_list":{"0":"post-98827","1":"product","2":"type-product","3":"status-publish","4":"has-post-thumbnail","6":"pwb-brand-pelle-petterson-fi","7":"product_cat-naiset","8":"product_cat-paidat","9":"product_cat-uutuudet","11":"first","12":"instock","13":"taxable","14":"shipping-taxable","15":"purchasable","16":"product-type-variable","17":"wvs-archive-product-wrapper"},"acf":[],"brands":[{"id":838,"name":"Pelle Petterson","slug":"pelle-petterson-fi"}],"_links":{"self":[{"href":"https:\/\/nautical.store\/fi\/wp-json\/wp\/v2\/product\/98827","targetHints":{"allow":["GET"]}}],"collection":[{"href":"https:\/\/nautical.store\/fi\/wp-json\/wp\/v2\/product"}],"about":[{"href":"https:\/\/nautical.store\/fi\/wp-json\/wp\/v2\/types\/product"}],"wp:featuredmedia":[{"embeddable":true,"href":"https:\/\/nautical.store\/fi\/wp-json\/wp\/v2\/media\/98790"}],"wp:attachment":[{"href":"https:\/\/nautical.store\/fi\/wp-json\/wp\/v2\/media?parent=98827"}],"wp:term":[{"taxonomy":"pwb-brand","embeddable":true,"href":"https:\/\/nautical.store\/fi\/wp-json\/wp\/v2\/pwb-brand?post=98827"},{"taxonomy":"product_brand","embeddable":true,"href":"https:\/\/nautical.store\/fi\/wp-json\/wp\/v2\/product_brand?post=98827"},{"taxonomy":"product_cat","embeddable":true,"href":"https:\/\/nautical.store\/fi\/wp-json\/wp\/v2\/product_cat?post=98827"},{"taxonomy":"product_tag","embeddable":true,"href":"https:\/\/nautical.store\/fi\/wp-json\/wp\/v2\/product_tag?post=98827"},{"taxonomy":"woo-feed-brand","embeddable":true,"href":"https:\/\/nautical.store\/fi\/wp-json\/wp\/v2\/woo-feed-brand?post=98827"}],"curies":[{"name":"wp","href":"https:\/\/api.w.org\/{rel}","templated":true}]}}